{"id":9963,"date":"2025-03-20T10:27:57","date_gmt":"2025-03-20T15:27:57","guid":{"rendered":"https:\/\/www.atlasvanlines.ca\/?page_id=9963"},"modified":"2025-03-20T10:29:25","modified_gmt":"2025-03-20T15:29:25","slug":"la-liste-de-controle-et-le-guide-de-demenagement-de-latlas","status":"publish","type":"page","link":"https:\/\/www.atlasvanlines.ca\/fr\/the-atlas-moving-checklist-and-guide\/","title":{"rendered":"Liste de contr\u00f4le et guide de d\u00e9m\u00e9nagement de l&#039;Atlas"},"content":{"rendered":"","protected":false},"excerpt":{"rendered":"","protected":false},"author":8,"featured_media":0,"parent":0,"menu_order":0,"comment_status":"closed","ping_status":"closed","template":"","meta":{"_acf_changed":false,"content-type":"","inline_featured_image":false,"footnotes":""},"class_list":["post-9963","page","type-page","status-publish","hentry"],"acf":[],"yoast_head":"<!-- This site is optimized with the Yoast SEO plugin v27.1.1 - https:\/\/yoast.com\/product\/yoast-seo-wordpress\/ -->\n<title>The Atlas Moving Checklist &amp; Guide - Local &amp; Long Distance Movers | Atlas Van Lines Canada<\/title>\n<meta name=\"robots\" content=\"noindex, nofollow\" \/>\n<meta property=\"og:locale\" content=\"fr_CA\" \/>\n<meta property=\"og:type\" content=\"article\" \/>\n<meta property=\"og:title\" content=\"The Atlas Moving Checklist &amp; Guide - Local &amp; Long Distance Movers | Atlas Van Lines Canada\" \/>\n<meta property=\"og:url\" content=\"https:\/\/www.atlasvanlines.ca\/fr\/la-liste-de-controle-et-le-guide-de-demenagement-de-latlas\/\" \/>\n<meta property=\"og:site_name\" content=\"Local &amp; Long Distance Movers | Atlas Van Lines Canada\" \/>\n<meta property=\"article:publisher\" content=\"https:\/\/www.facebook.com\/AtlasVanLinesCanada\/\" \/>\n<meta property=\"article:modified_time\" content=\"2025-03-20T15:29:25+00:00\" \/>\n<meta name=\"twitter:card\" content=\"summary_large_image\" \/>\n<meta name=\"twitter:site\" content=\"@atlasvanlinesca\" \/>\n<script type=\"application\/ld+json\" class=\"yoast-schema-graph\">{\"@context\":\"https:\/\/schema.org\",\"@graph\":[{\"@type\":\"WebPage\",\"@id\":\"https:\/\/www.atlasvanlines.ca\/the-atlas-moving-checklist-and-guide\/\",\"url\":\"https:\/\/www.atlasvanlines.ca\/the-atlas-moving-checklist-and-guide\/\",\"name\":\"The Atlas Moving Checklist & Guide - Local &amp; Long Distance Movers | Atlas Van Lines Canada\",\"isPartOf\":{\"@id\":\"https:\/\/www.atlasvanlines.ca\/#website\"},\"datePublished\":\"2025-03-20T15:27:57+00:00\",\"dateModified\":\"2025-03-20T15:29:25+00:00\",\"breadcrumb\":{\"@id\":\"https:\/\/www.atlasvanlines.ca\/the-atlas-moving-checklist-and-guide\/#breadcrumb\"},\"inLanguage\":\"fr-CA\",\"potentialAction\":[{\"@type\":\"ReadAction\",\"target\":[\"https:\/\/www.atlasvanlines.ca\/the-atlas-moving-checklist-and-guide\/\"]}]},{\"@type\":\"BreadcrumbList\",\"@id\":\"https:\/\/www.atlasvanlines.ca\/the-atlas-moving-checklist-and-guide\/#breadcrumb\",\"itemListElement\":[{\"@type\":\"ListItem\",\"position\":1,\"name\":\"Home\",\"item\":\"https:\/\/www.atlasvanlines.ca\/\"},{\"@type\":\"ListItem\",\"position\":2,\"name\":\"The Atlas Moving Checklist &#038; Guide\"}]},{\"@type\":\"WebSite\",\"@id\":\"https:\/\/www.atlasvanlines.ca\/#website\",\"url\":\"https:\/\/www.atlasvanlines.ca\/\",\"name\":\"Local &amp; Long Distance Movers | Atlas Van Lines Canada\",\"description\":\"Just another WordPress site\",\"potentialAction\":[{\"@type\":\"SearchAction\",\"target\":{\"@type\":\"EntryPoint\",\"urlTemplate\":\"https:\/\/www.atlasvanlines.ca\/?s={search_term_string}\"},\"query-input\":{\"@type\":\"PropertyValueSpecification\",\"valueRequired\":true,\"valueName\":\"search_term_string\"}}],\"inLanguage\":\"fr-CA\"}]}<\/script>\n<!-- \/ Yoast SEO plugin. -->","yoast_head_json":{"title":"Guide et liste de d\u00e9m\u00e9nagement Atlas - D\u00e9m\u00e9nageurs locaux et longue distance | Atlas Van Lines Canada","robots":{"index":"noindex","follow":"nofollow"},"og_locale":"fr_CA","og_type":"article","og_title":"The Atlas Moving Checklist & Guide - Local &amp; Long Distance Movers | Atlas Van Lines Canada","og_url":"https:\/\/www.atlasvanlines.ca\/fr\/la-liste-de-controle-et-le-guide-de-demenagement-de-latlas\/","og_site_name":"Local &amp; Long Distance Movers | Atlas Van Lines Canada","article_publisher":"https:\/\/www.facebook.com\/AtlasVanLinesCanada\/","article_modified_time":"2025-03-20T15:29:25+00:00","twitter_card":"summary_large_image","twitter_site":"@atlasvanlinesca","schema":{"@context":"https:\/\/schema.org","@graph":[{"@type":"WebPage","@id":"https:\/\/www.atlasvanlines.ca\/the-atlas-moving-checklist-and-guide\/","url":"https:\/\/www.atlasvanlines.ca\/the-atlas-moving-checklist-and-guide\/","name":"Guide et liste de d\u00e9m\u00e9nagement Atlas - D\u00e9m\u00e9nageurs locaux et longue distance | Atlas Van Lines Canada","isPartOf":{"@id":"https:\/\/www.atlasvanlines.ca\/#website"},"datePublished":"2025-03-20T15:27:57+00:00","dateModified":"2025-03-20T15:29:25+00:00","breadcrumb":{"@id":"https:\/\/www.atlasvanlines.ca\/the-atlas-moving-checklist-and-guide\/#breadcrumb"},"inLanguage":"fr-CA","potentialAction":[{"@type":"ReadAction","target":["https:\/\/www.atlasvanlines.ca\/the-atlas-moving-checklist-and-guide\/"]}]},{"@type":"BreadcrumbList","@id":"https:\/\/www.atlasvanlines.ca\/the-atlas-moving-checklist-and-guide\/#breadcrumb","itemListElement":[{"@type":"ListItem","position":1,"name":"Home","item":"https:\/\/www.atlasvanlines.ca\/"},{"@type":"ListItem","position":2,"name":"The Atlas Moving Checklist &#038; Guide"}]},{"@type":"WebSite","@id":"https:\/\/www.atlasvanlines.ca\/#website","url":"https:\/\/www.atlasvanlines.ca\/","name":"D\u00e9m\u00e9nageurs locaux et longue distance | Atlas Van Lines Canada","description":"Juste un autre site WordPress","potentialAction":[{"@type":"SearchAction","target":{"@type":"EntryPoint","urlTemplate":"https:\/\/www.atlasvanlines.ca\/?s={search_term_string}"},"query-input":{"@type":"PropertyValueSpecification","valueRequired":true,"valueName":"search_term_string"}}],"inLanguage":"fr-CA"}]}},"_links":{"self":[{"href":"https:\/\/www.atlasvanlines.ca\/fr\/wp-json\/wp\/v2\/pages\/9963","targetHints":{"allow":["GET"]}}],"collection":[{"href":"https:\/\/www.atlasvanlines.ca\/fr\/wp-json\/wp\/v2\/pages"}],"about":[{"href":"https:\/\/www.atlasvanlines.ca\/fr\/wp-json\/wp\/v2\/types\/page"}],"author":[{"embeddable":true,"href":"https:\/\/www.atlasvanlines.ca\/fr\/wp-json\/wp\/v2\/users\/8"}],"replies":[{"embeddable":true,"href":"https:\/\/www.atlasvanlines.ca\/fr\/wp-json\/wp\/v2\/comments?post=9963"}],"version-history":[{"count":3,"href":"https:\/\/www.atlasvanlines.ca\/fr\/wp-json\/wp\/v2\/pages\/9963\/revisions"}],"predecessor-version":[{"id":9967,"href":"https:\/\/www.atlasvanlines.ca\/fr\/wp-json\/wp\/v2\/pages\/9963\/revisions\/9967"}],"wp:attachment":[{"href":"https:\/\/www.atlasvanlines.ca\/fr\/wp-json\/wp\/v2\/media?parent=9963"}],"curies":[{"name":"wp","href":"https:\/\/api.w.org\/{rel}","templated":true}]}}