{"id":9743,"date":"2025-02-14T12:57:43","date_gmt":"2025-02-14T17:57:43","guid":{"rendered":"https:\/\/www.atlasvanlines.ca\/?page_id=9743"},"modified":"2025-03-25T14:02:00","modified_gmt":"2025-03-25T19:02:00","slug":"conteneurs-de-demenagement-longue-distance-au-canada-2","status":"publish","type":"page","link":"https:\/\/www.atlasvanlines.ca\/fr\/long-distance-moving-containers-in-canada-2\/","title":{"rendered":"Conteneurs d&#039;exp\u00e9dition longue distance pour les d\u00e9m\u00e9nagements interurbains"},"content":{"rendered":"","protected":false},"excerpt":{"rendered":"","protected":false},"author":8,"featured_media":0,"parent":0,"menu_order":0,"comment_status":"closed","ping_status":"closed","template":"page-with-title-and-moving.php","meta":{"_acf_changed":false,"content-type":"","inline_featured_image":false,"footnotes":""},"class_list":["post-9743","page","type-page","status-publish","hentry"],"acf":[],"yoast_head":"<!-- This site is optimized with the Yoast SEO plugin v27.1.1 - https:\/\/yoast.com\/product\/yoast-seo-wordpress\/ -->\n<title>Why Atlas Van Lines Containers Are Best for Long Moves<\/title>\n<meta name=\"description\" content=\"Atlas Van Lines&#039; containers provide top safety, security, and speed for long-distance moves. Learn more today.\" \/>\n<meta name=\"robots\" content=\"index, follow, max-snippet:-1, max-image-preview:large, max-video-preview:-1\" \/>\n<link rel=\"canonical\" href=\"https:\/\/www.atlasvanlines.ca\/fr\/conteneurs-de-demenagement-longue-distance-au-canada-2\/\" \/>\n<meta property=\"og:locale\" content=\"fr_CA\" \/>\n<meta property=\"og:type\" content=\"article\" \/>\n<meta property=\"og:title\" content=\"Why Atlas Van Lines Containers Are Best for Long Moves\" \/>\n<meta property=\"og:description\" content=\"Atlas Van Lines&#039; containers provide top safety, security, and speed for long-distance moves. Learn more today.\" \/>\n<meta property=\"og:url\" content=\"https:\/\/www.atlasvanlines.ca\/fr\/conteneurs-de-demenagement-longue-distance-au-canada-2\/\" \/>\n<meta property=\"og:site_name\" content=\"Local &amp; Long Distance Movers | Atlas Van Lines Canada\" \/>\n<meta property=\"article:publisher\" content=\"https:\/\/www.facebook.com\/AtlasVanLinesCanada\/\" \/>\n<meta property=\"article:modified_time\" content=\"2025-03-25T19:02:00+00:00\" \/>\n<meta name=\"twitter:card\" content=\"summary_large_image\" \/>\n<meta name=\"twitter:site\" content=\"@atlasvanlinesca\" \/>\n<script type=\"application\/ld+json\" class=\"yoast-schema-graph\">{\"@context\":\"https:\/\/schema.org\",\"@graph\":[{\"@type\":\"WebPage\",\"@id\":\"https:\/\/www.atlasvanlines.ca\/long-distance-moving-containers-in-canada-2\/\",\"url\":\"https:\/\/www.atlasvanlines.ca\/long-distance-moving-containers-in-canada-2\/\",\"name\":\"Why Atlas Van Lines Containers Are Best for Long Moves\",\"isPartOf\":{\"@id\":\"https:\/\/www.atlasvanlines.ca\/#website\"},\"datePublished\":\"2025-02-14T17:57:43+00:00\",\"dateModified\":\"2025-03-25T19:02:00+00:00\",\"description\":\"Atlas Van Lines' containers provide top safety, security, and speed for long-distance moves. Learn more today.\",\"breadcrumb\":{\"@id\":\"https:\/\/www.atlasvanlines.ca\/long-distance-moving-containers-in-canada-2\/#breadcrumb\"},\"inLanguage\":\"fr-CA\",\"potentialAction\":[{\"@type\":\"ReadAction\",\"target\":[\"https:\/\/www.atlasvanlines.ca\/long-distance-moving-containers-in-canada-2\/\"]}]},{\"@type\":\"BreadcrumbList\",\"@id\":\"https:\/\/www.atlasvanlines.ca\/long-distance-moving-containers-in-canada-2\/#breadcrumb\",\"itemListElement\":[{\"@type\":\"ListItem\",\"position\":1,\"name\":\"Home\",\"item\":\"https:\/\/www.atlasvanlines.ca\/\"},{\"@type\":\"ListItem\",\"position\":2,\"name\":\"Long-Distance Shipping Containers for Moving Cross-Country\"}]},{\"@type\":\"WebSite\",\"@id\":\"https:\/\/www.atlasvanlines.ca\/#website\",\"url\":\"https:\/\/www.atlasvanlines.ca\/\",\"name\":\"Local &amp; Long Distance Movers | Atlas Van Lines Canada\",\"description\":\"Just another WordPress site\",\"potentialAction\":[{\"@type\":\"SearchAction\",\"target\":{\"@type\":\"EntryPoint\",\"urlTemplate\":\"https:\/\/www.atlasvanlines.ca\/?s={search_term_string}\"},\"query-input\":{\"@type\":\"PropertyValueSpecification\",\"valueRequired\":true,\"valueName\":\"search_term_string\"}}],\"inLanguage\":\"fr-CA\"}]}<\/script>\n<!-- \/ Yoast SEO plugin. -->","yoast_head_json":{"title":"Pourquoi les conteneurs Atlas Van Lines sont les meilleurs pour les longs d\u00e9m\u00e9nagements","description":"Les conteneurs Atlas Van Lines offrent une s\u00e9curit\u00e9 et une rapidit\u00e9 optimales pour les d\u00e9m\u00e9nagements longue distance. En savoir plus d\u00e8s aujourd&#039;hui.","robots":{"index":"index","follow":"follow","max-snippet":"max-snippet:-1","max-image-preview":"max-image-preview:large","max-video-preview":"max-video-preview:-1"},"canonical":"https:\/\/www.atlasvanlines.ca\/fr\/conteneurs-de-demenagement-longue-distance-au-canada-2\/","og_locale":"fr_CA","og_type":"article","og_title":"Why Atlas Van Lines Containers Are Best for Long Moves","og_description":"Atlas Van Lines' containers provide top safety, security, and speed for long-distance moves. Learn more today.","og_url":"https:\/\/www.atlasvanlines.ca\/fr\/conteneurs-de-demenagement-longue-distance-au-canada-2\/","og_site_name":"Local &amp; Long Distance Movers | Atlas Van Lines Canada","article_publisher":"https:\/\/www.facebook.com\/AtlasVanLinesCanada\/","article_modified_time":"2025-03-25T19:02:00+00:00","twitter_card":"summary_large_image","twitter_site":"@atlasvanlinesca","schema":{"@context":"https:\/\/schema.org","@graph":[{"@type":"WebPage","@id":"https:\/\/www.atlasvanlines.ca\/long-distance-moving-containers-in-canada-2\/","url":"https:\/\/www.atlasvanlines.ca\/long-distance-moving-containers-in-canada-2\/","name":"Pourquoi les conteneurs Atlas Van Lines sont les meilleurs pour les longs d\u00e9m\u00e9nagements","isPartOf":{"@id":"https:\/\/www.atlasvanlines.ca\/#website"},"datePublished":"2025-02-14T17:57:43+00:00","dateModified":"2025-03-25T19:02:00+00:00","description":"Les conteneurs Atlas Van Lines offrent une s\u00e9curit\u00e9 et une rapidit\u00e9 optimales pour les d\u00e9m\u00e9nagements longue distance. En savoir plus d\u00e8s aujourd&#039;hui.","breadcrumb":{"@id":"https:\/\/www.atlasvanlines.ca\/long-distance-moving-containers-in-canada-2\/#breadcrumb"},"inLanguage":"fr-CA","potentialAction":[{"@type":"ReadAction","target":["https:\/\/www.atlasvanlines.ca\/long-distance-moving-containers-in-canada-2\/"]}]},{"@type":"BreadcrumbList","@id":"https:\/\/www.atlasvanlines.ca\/long-distance-moving-containers-in-canada-2\/#breadcrumb","itemListElement":[{"@type":"ListItem","position":1,"name":"Home","item":"https:\/\/www.atlasvanlines.ca\/"},{"@type":"ListItem","position":2,"name":"Long-Distance Shipping Containers for Moving Cross-Country"}]},{"@type":"WebSite","@id":"https:\/\/www.atlasvanlines.ca\/#website","url":"https:\/\/www.atlasvanlines.ca\/","name":"D\u00e9m\u00e9nageurs locaux et longue distance | Atlas Van Lines Canada","description":"Juste un autre site WordPress","potentialAction":[{"@type":"SearchAction","target":{"@type":"EntryPoint","urlTemplate":"https:\/\/www.atlasvanlines.ca\/?s={search_term_string}"},"query-input":{"@type":"PropertyValueSpecification","valueRequired":true,"valueName":"search_term_string"}}],"inLanguage":"fr-CA"}]}},"_links":{"self":[{"href":"https:\/\/www.atlasvanlines.ca\/fr\/wp-json\/wp\/v2\/pages\/9743","targetHints":{"allow":["GET"]}}],"collection":[{"href":"https:\/\/www.atlasvanlines.ca\/fr\/wp-json\/wp\/v2\/pages"}],"about":[{"href":"https:\/\/www.atlasvanlines.ca\/fr\/wp-json\/wp\/v2\/types\/page"}],"author":[{"embeddable":true,"href":"https:\/\/www.atlasvanlines.ca\/fr\/wp-json\/wp\/v2\/users\/8"}],"replies":[{"embeddable":true,"href":"https:\/\/www.atlasvanlines.ca\/fr\/wp-json\/wp\/v2\/comments?post=9743"}],"version-history":[{"count":13,"href":"https:\/\/www.atlasvanlines.ca\/fr\/wp-json\/wp\/v2\/pages\/9743\/revisions"}],"predecessor-version":[{"id":9977,"href":"https:\/\/www.atlasvanlines.ca\/fr\/wp-json\/wp\/v2\/pages\/9743\/revisions\/9977"}],"wp:attachment":[{"href":"https:\/\/www.atlasvanlines.ca\/fr\/wp-json\/wp\/v2\/media?parent=9743"}],"curies":[{"name":"wp","href":"https:\/\/api.w.org\/{rel}","templated":true}]}}