{"id":9733,"date":"2025-02-14T12:59:55","date_gmt":"2025-02-14T17:59:55","guid":{"rendered":"https:\/\/www.atlasvanlines.ca\/?page_id=9733"},"modified":"2026-01-27T13:40:59","modified_gmt":"2026-01-27T18:40:59","slug":"estimateur-de-frais-de-demenagement","status":"publish","type":"page","link":"https:\/\/www.atlasvanlines.ca\/fr\/moving-cost-estimator\/","title":{"rendered":"Estimateur de co\u00fbts pr\u00e9cis et rapide avec Yembo AI"},"content":{"rendered":"","protected":false},"excerpt":{"rendered":"","protected":false},"author":8,"featured_media":0,"parent":0,"menu_order":0,"comment_status":"closed","ping_status":"closed","template":"page-with-title-and-moving.php","meta":{"_acf_changed":false,"content-type":"","inline_featured_image":false,"footnotes":""},"class_list":["post-9733","page","type-page","status-publish","hentry"],"acf":[],"yoast_head":"<!-- This site is optimized with the Yoast SEO plugin v27.1.1 - https:\/\/yoast.com\/product\/yoast-seo-wordpress\/ -->\n<title>Accurate &amp; Fast Moving Cost Estimator with Yembo AI | Atlas Van Lines<\/title>\n<meta name=\"description\" content=\"Get accurate and fast moving cost estimates with Yembo AI. Use our moving cost estimator to plan your move with real-time pricing and AI-powered precision. Try it today!\" \/>\n<meta name=\"robots\" content=\"index, follow, max-snippet:-1, max-image-preview:large, max-video-preview:-1\" \/>\n<link rel=\"canonical\" href=\"https:\/\/www.atlasvanlines.ca\/fr\/estimateur-de-frais-de-demenagement\/\" \/>\n<meta property=\"og:locale\" content=\"fr_CA\" \/>\n<meta property=\"og:type\" content=\"article\" \/>\n<meta property=\"og:title\" content=\"Accurate &amp; Fast Moving Cost Estimator with Yembo AI | Atlas Van Lines\" \/>\n<meta property=\"og:description\" content=\"Get accurate and fast moving cost estimates with Yembo AI. Use our moving cost estimator to plan your move with real-time pricing and AI-powered precision. Try it today!\" \/>\n<meta property=\"og:url\" content=\"https:\/\/www.atlasvanlines.ca\/fr\/estimateur-de-frais-de-demenagement\/\" \/>\n<meta property=\"og:site_name\" content=\"Local &amp; Long Distance Movers | Atlas Van Lines Canada\" \/>\n<meta property=\"article:publisher\" content=\"https:\/\/www.facebook.com\/AtlasVanLinesCanada\/\" \/>\n<meta property=\"article:modified_time\" content=\"2026-01-27T18:40:59+00:00\" \/>\n<meta name=\"twitter:card\" content=\"summary_large_image\" \/>\n<meta name=\"twitter:site\" content=\"@atlasvanlinesca\" \/>\n<script type=\"application\/ld+json\" class=\"yoast-schema-graph\">{\"@context\":\"https:\/\/schema.org\",\"@graph\":[{\"@type\":\"WebPage\",\"@id\":\"https:\/\/www.atlasvanlines.ca\/moving-cost-estimator\/\",\"url\":\"https:\/\/www.atlasvanlines.ca\/moving-cost-estimator\/\",\"name\":\"Accurate & Fast Moving Cost Estimator with Yembo AI | Atlas Van Lines\",\"isPartOf\":{\"@id\":\"https:\/\/www.atlasvanlines.ca\/#website\"},\"datePublished\":\"2025-02-14T17:59:55+00:00\",\"dateModified\":\"2026-01-27T18:40:59+00:00\",\"description\":\"Get accurate and fast moving cost estimates with Yembo AI. Use our moving cost estimator to plan your move with real-time pricing and AI-powered precision. Try it today!\",\"breadcrumb\":{\"@id\":\"https:\/\/www.atlasvanlines.ca\/moving-cost-estimator\/#breadcrumb\"},\"inLanguage\":\"fr-CA\",\"potentialAction\":[{\"@type\":\"ReadAction\",\"target\":[\"https:\/\/www.atlasvanlines.ca\/moving-cost-estimator\/\"]}]},{\"@type\":\"BreadcrumbList\",\"@id\":\"https:\/\/www.atlasvanlines.ca\/moving-cost-estimator\/#breadcrumb\",\"itemListElement\":[{\"@type\":\"ListItem\",\"position\":1,\"name\":\"Home\",\"item\":\"https:\/\/www.atlasvanlines.ca\/\"},{\"@type\":\"ListItem\",\"position\":2,\"name\":\"Accurate &#038; Fast Moving Cost Estimator with Yembo AI\"}]},{\"@type\":\"WebSite\",\"@id\":\"https:\/\/www.atlasvanlines.ca\/#website\",\"url\":\"https:\/\/www.atlasvanlines.ca\/\",\"name\":\"Local &amp; Long Distance Movers | Atlas Van Lines Canada\",\"description\":\"Just another WordPress site\",\"potentialAction\":[{\"@type\":\"SearchAction\",\"target\":{\"@type\":\"EntryPoint\",\"urlTemplate\":\"https:\/\/www.atlasvanlines.ca\/?s={search_term_string}\"},\"query-input\":{\"@type\":\"PropertyValueSpecification\",\"valueRequired\":true,\"valueName\":\"search_term_string\"}}],\"inLanguage\":\"fr-CA\"}]}<\/script>\n<!-- \/ Yoast SEO plugin. -->","yoast_head_json":{"title":"Estimation pr\u00e9cise et rapide des co\u00fbts de d\u00e9m\u00e9nagement avec Yembo AI | Atlas Van Lines","description":"Obtenez des estimations de co\u00fbts de d\u00e9m\u00e9nagement pr\u00e9cises et rapides gr\u00e2ce \u00e0 Yembo AI. Utilisez notre outil d&#039;estimation de co\u00fbts de d\u00e9m\u00e9nagement pour planifier votre d\u00e9m\u00e9nagement avec des prix en temps r\u00e9el et une pr\u00e9cision optimis\u00e9e par l&#039;IA. Essayez-le d\u00e8s aujourd&#039;hui\u00a0!","robots":{"index":"index","follow":"follow","max-snippet":"max-snippet:-1","max-image-preview":"max-image-preview:large","max-video-preview":"max-video-preview:-1"},"canonical":"https:\/\/www.atlasvanlines.ca\/fr\/estimateur-de-frais-de-demenagement\/","og_locale":"fr_CA","og_type":"article","og_title":"Accurate & Fast Moving Cost Estimator with Yembo AI | Atlas Van Lines","og_description":"Get accurate and fast moving cost estimates with Yembo AI. Use our moving cost estimator to plan your move with real-time pricing and AI-powered precision. Try it today!","og_url":"https:\/\/www.atlasvanlines.ca\/fr\/estimateur-de-frais-de-demenagement\/","og_site_name":"Local &amp; Long Distance Movers | Atlas Van Lines Canada","article_publisher":"https:\/\/www.facebook.com\/AtlasVanLinesCanada\/","article_modified_time":"2026-01-27T18:40:59+00:00","twitter_card":"summary_large_image","twitter_site":"@atlasvanlinesca","schema":{"@context":"https:\/\/schema.org","@graph":[{"@type":"WebPage","@id":"https:\/\/www.atlasvanlines.ca\/moving-cost-estimator\/","url":"https:\/\/www.atlasvanlines.ca\/moving-cost-estimator\/","name":"Estimation pr\u00e9cise et rapide des co\u00fbts de d\u00e9m\u00e9nagement avec Yembo AI | Atlas Van Lines","isPartOf":{"@id":"https:\/\/www.atlasvanlines.ca\/#website"},"datePublished":"2025-02-14T17:59:55+00:00","dateModified":"2026-01-27T18:40:59+00:00","description":"Obtenez des estimations de co\u00fbts de d\u00e9m\u00e9nagement pr\u00e9cises et rapides gr\u00e2ce \u00e0 Yembo AI. Utilisez notre outil d&#039;estimation de co\u00fbts de d\u00e9m\u00e9nagement pour planifier votre d\u00e9m\u00e9nagement avec des prix en temps r\u00e9el et une pr\u00e9cision optimis\u00e9e par l&#039;IA. Essayez-le d\u00e8s aujourd&#039;hui\u00a0!","breadcrumb":{"@id":"https:\/\/www.atlasvanlines.ca\/moving-cost-estimator\/#breadcrumb"},"inLanguage":"fr-CA","potentialAction":[{"@type":"ReadAction","target":["https:\/\/www.atlasvanlines.ca\/moving-cost-estimator\/"]}]},{"@type":"BreadcrumbList","@id":"https:\/\/www.atlasvanlines.ca\/moving-cost-estimator\/#breadcrumb","itemListElement":[{"@type":"ListItem","position":1,"name":"Home","item":"https:\/\/www.atlasvanlines.ca\/"},{"@type":"ListItem","position":2,"name":"Accurate &#038; Fast Moving Cost Estimator with Yembo AI"}]},{"@type":"WebSite","@id":"https:\/\/www.atlasvanlines.ca\/#website","url":"https:\/\/www.atlasvanlines.ca\/","name":"D\u00e9m\u00e9nageurs locaux et longue distance | Atlas Van Lines Canada","description":"Juste un autre site WordPress","potentialAction":[{"@type":"SearchAction","target":{"@type":"EntryPoint","urlTemplate":"https:\/\/www.atlasvanlines.ca\/?s={search_term_string}"},"query-input":{"@type":"PropertyValueSpecification","valueRequired":true,"valueName":"search_term_string"}}],"inLanguage":"fr-CA"}]}},"_links":{"self":[{"href":"https:\/\/www.atlasvanlines.ca\/fr\/wp-json\/wp\/v2\/pages\/9733","targetHints":{"allow":["GET"]}}],"collection":[{"href":"https:\/\/www.atlasvanlines.ca\/fr\/wp-json\/wp\/v2\/pages"}],"about":[{"href":"https:\/\/www.atlasvanlines.ca\/fr\/wp-json\/wp\/v2\/types\/page"}],"author":[{"embeddable":true,"href":"https:\/\/www.atlasvanlines.ca\/fr\/wp-json\/wp\/v2\/users\/8"}],"replies":[{"embeddable":true,"href":"https:\/\/www.atlasvanlines.ca\/fr\/wp-json\/wp\/v2\/comments?post=9733"}],"version-history":[{"count":23,"href":"https:\/\/www.atlasvanlines.ca\/fr\/wp-json\/wp\/v2\/pages\/9733\/revisions"}],"predecessor-version":[{"id":11457,"href":"https:\/\/www.atlasvanlines.ca\/fr\/wp-json\/wp\/v2\/pages\/9733\/revisions\/11457"}],"wp:attachment":[{"href":"https:\/\/www.atlasvanlines.ca\/fr\/wp-json\/wp\/v2\/media?parent=9733"}],"curies":[{"name":"wp","href":"https:\/\/api.w.org\/{rel}","templated":true}]}}