{"id":9515,"date":"2024-11-29T12:14:54","date_gmt":"2024-11-29T17:14:54","guid":{"rendered":"https:\/\/www.atlasvanlines.ca\/?page_id=9515"},"modified":"2025-05-14T15:05:12","modified_gmt":"2025-05-14T20:05:12","slug":"conseils-budgetaires-pour-les-entreprises-de-demenagement-longue-distance","status":"publish","type":"page","link":"https:\/\/www.atlasvanlines.ca\/fr\/long-distance-moving-companies-budget-tips\/","title":{"rendered":"\u00c9conomisez plus intelligemment pour votre d\u00e9m\u00e9nagement longue distance avec Atlas Van Lines"},"content":{"rendered":"","protected":false},"excerpt":{"rendered":"","protected":false},"author":8,"featured_media":0,"parent":0,"menu_order":0,"comment_status":"closed","ping_status":"closed","template":"page-with-title-and-moving.php","meta":{"_acf_changed":false,"content-type":"","inline_featured_image":false,"footnotes":""},"class_list":["post-9515","page","type-page","status-publish","hentry"],"acf":[],"yoast_head":"<!-- This site is optimized with the Yoast SEO plugin v27.1.1 - https:\/\/yoast.com\/product\/yoast-seo-wordpress\/ -->\n<title>Budget Smarter for Your Long-Distance Move with Atlas Van Lines - Local &amp; Long Distance Movers | Atlas Van Lines Canada<\/title>\n<meta name=\"robots\" content=\"index, follow, max-snippet:-1, max-image-preview:large, max-video-preview:-1\" \/>\n<link rel=\"canonical\" href=\"https:\/\/www.atlasvanlines.ca\/fr\/conseils-budgetaires-pour-les-entreprises-de-demenagement-longue-distance\/\" \/>\n<meta property=\"og:locale\" content=\"fr_CA\" \/>\n<meta property=\"og:type\" content=\"article\" \/>\n<meta property=\"og:title\" content=\"Budget Smarter for Your Long-Distance Move with Atlas Van Lines - Local &amp; Long Distance Movers | Atlas Van Lines Canada\" \/>\n<meta property=\"og:url\" content=\"https:\/\/www.atlasvanlines.ca\/fr\/conseils-budgetaires-pour-les-entreprises-de-demenagement-longue-distance\/\" \/>\n<meta property=\"og:site_name\" content=\"Local &amp; Long Distance Movers | Atlas Van Lines Canada\" \/>\n<meta property=\"article:publisher\" content=\"https:\/\/www.facebook.com\/AtlasVanLinesCanada\/\" \/>\n<meta property=\"article:modified_time\" content=\"2025-05-14T20:05:12+00:00\" \/>\n<meta name=\"twitter:card\" content=\"summary_large_image\" \/>\n<meta name=\"twitter:site\" content=\"@atlasvanlinesca\" \/>\n<script type=\"application\/ld+json\" class=\"yoast-schema-graph\">{\"@context\":\"https:\/\/schema.org\",\"@graph\":[{\"@type\":\"WebPage\",\"@id\":\"https:\/\/www.atlasvanlines.ca\/long-distance-moving-companies-budget-tips\/\",\"url\":\"https:\/\/www.atlasvanlines.ca\/long-distance-moving-companies-budget-tips\/\",\"name\":\"Budget Smarter for Your Long-Distance Move with Atlas Van Lines - Local &amp; Long Distance Movers | Atlas Van Lines Canada\",\"isPartOf\":{\"@id\":\"https:\/\/www.atlasvanlines.ca\/#website\"},\"datePublished\":\"2024-11-29T17:14:54+00:00\",\"dateModified\":\"2025-05-14T20:05:12+00:00\",\"breadcrumb\":{\"@id\":\"https:\/\/www.atlasvanlines.ca\/long-distance-moving-companies-budget-tips\/#breadcrumb\"},\"inLanguage\":\"fr-CA\",\"potentialAction\":[{\"@type\":\"ReadAction\",\"target\":[\"https:\/\/www.atlasvanlines.ca\/long-distance-moving-companies-budget-tips\/\"]}]},{\"@type\":\"BreadcrumbList\",\"@id\":\"https:\/\/www.atlasvanlines.ca\/long-distance-moving-companies-budget-tips\/#breadcrumb\",\"itemListElement\":[{\"@type\":\"ListItem\",\"position\":1,\"name\":\"Home\",\"item\":\"https:\/\/www.atlasvanlines.ca\/\"},{\"@type\":\"ListItem\",\"position\":2,\"name\":\"Budget Smarter for Your Long-Distance Move with Atlas Van Lines\"}]},{\"@type\":\"WebSite\",\"@id\":\"https:\/\/www.atlasvanlines.ca\/#website\",\"url\":\"https:\/\/www.atlasvanlines.ca\/\",\"name\":\"Local &amp; Long Distance Movers | Atlas Van Lines Canada\",\"description\":\"Just another WordPress site\",\"potentialAction\":[{\"@type\":\"SearchAction\",\"target\":{\"@type\":\"EntryPoint\",\"urlTemplate\":\"https:\/\/www.atlasvanlines.ca\/?s={search_term_string}\"},\"query-input\":{\"@type\":\"PropertyValueSpecification\",\"valueRequired\":true,\"valueName\":\"search_term_string\"}}],\"inLanguage\":\"fr-CA\"}]}<\/script>\n<!-- \/ Yoast SEO plugin. -->","yoast_head_json":{"title":"Budget optimis\u00e9 pour votre d\u00e9m\u00e9nagement longue distance avec Atlas Van Lines - D\u00e9m\u00e9nageurs locaux et longue distance | Atlas Van Lines Canada","robots":{"index":"index","follow":"follow","max-snippet":"max-snippet:-1","max-image-preview":"max-image-preview:large","max-video-preview":"max-video-preview:-1"},"canonical":"https:\/\/www.atlasvanlines.ca\/fr\/conseils-budgetaires-pour-les-entreprises-de-demenagement-longue-distance\/","og_locale":"fr_CA","og_type":"article","og_title":"Budget Smarter for Your Long-Distance Move with Atlas Van Lines - Local &amp; Long Distance Movers | Atlas Van Lines Canada","og_url":"https:\/\/www.atlasvanlines.ca\/fr\/conseils-budgetaires-pour-les-entreprises-de-demenagement-longue-distance\/","og_site_name":"Local &amp; Long Distance Movers | Atlas Van Lines Canada","article_publisher":"https:\/\/www.facebook.com\/AtlasVanLinesCanada\/","article_modified_time":"2025-05-14T20:05:12+00:00","twitter_card":"summary_large_image","twitter_site":"@atlasvanlinesca","schema":{"@context":"https:\/\/schema.org","@graph":[{"@type":"WebPage","@id":"https:\/\/www.atlasvanlines.ca\/long-distance-moving-companies-budget-tips\/","url":"https:\/\/www.atlasvanlines.ca\/long-distance-moving-companies-budget-tips\/","name":"Budget optimis\u00e9 pour votre d\u00e9m\u00e9nagement longue distance avec Atlas Van Lines - D\u00e9m\u00e9nageurs locaux et longue distance | Atlas Van Lines Canada","isPartOf":{"@id":"https:\/\/www.atlasvanlines.ca\/#website"},"datePublished":"2024-11-29T17:14:54+00:00","dateModified":"2025-05-14T20:05:12+00:00","breadcrumb":{"@id":"https:\/\/www.atlasvanlines.ca\/long-distance-moving-companies-budget-tips\/#breadcrumb"},"inLanguage":"fr-CA","potentialAction":[{"@type":"ReadAction","target":["https:\/\/www.atlasvanlines.ca\/long-distance-moving-companies-budget-tips\/"]}]},{"@type":"BreadcrumbList","@id":"https:\/\/www.atlasvanlines.ca\/long-distance-moving-companies-budget-tips\/#breadcrumb","itemListElement":[{"@type":"ListItem","position":1,"name":"Home","item":"https:\/\/www.atlasvanlines.ca\/"},{"@type":"ListItem","position":2,"name":"Budget Smarter for Your Long-Distance Move with Atlas Van Lines"}]},{"@type":"WebSite","@id":"https:\/\/www.atlasvanlines.ca\/#website","url":"https:\/\/www.atlasvanlines.ca\/","name":"D\u00e9m\u00e9nageurs locaux et longue distance | Atlas Van Lines Canada","description":"Juste un autre site WordPress","potentialAction":[{"@type":"SearchAction","target":{"@type":"EntryPoint","urlTemplate":"https:\/\/www.atlasvanlines.ca\/?s={search_term_string}"},"query-input":{"@type":"PropertyValueSpecification","valueRequired":true,"valueName":"search_term_string"}}],"inLanguage":"fr-CA"}]}},"_links":{"self":[{"href":"https:\/\/www.atlasvanlines.ca\/fr\/wp-json\/wp\/v2\/pages\/9515","targetHints":{"allow":["GET"]}}],"collection":[{"href":"https:\/\/www.atlasvanlines.ca\/fr\/wp-json\/wp\/v2\/pages"}],"about":[{"href":"https:\/\/www.atlasvanlines.ca\/fr\/wp-json\/wp\/v2\/types\/page"}],"author":[{"embeddable":true,"href":"https:\/\/www.atlasvanlines.ca\/fr\/wp-json\/wp\/v2\/users\/8"}],"replies":[{"embeddable":true,"href":"https:\/\/www.atlasvanlines.ca\/fr\/wp-json\/wp\/v2\/comments?post=9515"}],"version-history":[{"count":13,"href":"https:\/\/www.atlasvanlines.ca\/fr\/wp-json\/wp\/v2\/pages\/9515\/revisions"}],"predecessor-version":[{"id":10257,"href":"https:\/\/www.atlasvanlines.ca\/fr\/wp-json\/wp\/v2\/pages\/9515\/revisions\/10257"}],"wp:attachment":[{"href":"https:\/\/www.atlasvanlines.ca\/fr\/wp-json\/wp\/v2\/media?parent=9515"}],"curies":[{"name":"wp","href":"https:\/\/api.w.org\/{rel}","templated":true}]}}