{"id":9321,"date":"2024-09-26T11:30:56","date_gmt":"2024-09-26T16:30:56","guid":{"rendered":"https:\/\/www.atlasvanlines.ca\/?page_id=9321"},"modified":"2024-11-18T14:45:29","modified_gmt":"2024-11-18T19:45:29","slug":"demenagement-en-douceur-de-vancouver-a-edmonton","status":"publish","type":"page","link":"https:\/\/www.atlasvanlines.ca\/fr\/seamless-move-from-vancouver-to-edmonton\/","title":{"rendered":"D\u00e9m\u00e9nagement en douceur de Vancouver \u00e0 Edmonton"},"content":{"rendered":"","protected":false},"excerpt":{"rendered":"","protected":false},"author":8,"featured_media":0,"parent":0,"menu_order":0,"comment_status":"closed","ping_status":"closed","template":"page-with-title-and-moving.php","meta":{"_acf_changed":false,"content-type":"","inline_featured_image":false,"footnotes":""},"class_list":["post-9321","page","type-page","status-publish","hentry"],"acf":[],"yoast_head":"<!-- This site is optimized with the Yoast SEO plugin v27.1.1 - https:\/\/yoast.com\/product\/yoast-seo-wordpress\/ -->\n<title>Move From Vancouver to Edmonton | Atlas Van Lines Canada<\/title>\n<meta name=\"description\" content=\"Looking for a trustable moving company? Trust Atlas Van Lines Canada for a seamless move from Vancouver to Edmonton. Get the best service for your local move!\" \/>\n<meta name=\"robots\" content=\"index, follow, max-snippet:-1, max-image-preview:large, max-video-preview:-1\" \/>\n<link rel=\"canonical\" href=\"https:\/\/www.atlasvanlines.ca\/fr\/demenagement-en-douceur-de-vancouver-a-edmonton\/\" \/>\n<meta property=\"og:locale\" content=\"fr_CA\" \/>\n<meta property=\"og:type\" content=\"article\" \/>\n<meta property=\"og:title\" content=\"Move From Vancouver to Edmonton | Atlas Van Lines Canada\" \/>\n<meta property=\"og:description\" content=\"Looking for a trustable moving company? Trust Atlas Van Lines Canada for a seamless move from Vancouver to Edmonton. Get the best service for your local move!\" \/>\n<meta property=\"og:url\" content=\"https:\/\/www.atlasvanlines.ca\/fr\/demenagement-en-douceur-de-vancouver-a-edmonton\/\" \/>\n<meta property=\"og:site_name\" content=\"Local &amp; Long Distance Movers | Atlas Van Lines Canada\" \/>\n<meta property=\"article:publisher\" content=\"https:\/\/www.facebook.com\/AtlasVanLinesCanada\/\" \/>\n<meta property=\"article:modified_time\" content=\"2024-11-18T19:45:29+00:00\" \/>\n<meta name=\"twitter:card\" content=\"summary_large_image\" \/>\n<meta name=\"twitter:site\" content=\"@atlasvanlinesca\" \/>\n<script type=\"application\/ld+json\" class=\"yoast-schema-graph\">{\"@context\":\"https:\/\/schema.org\",\"@graph\":[{\"@type\":\"WebPage\",\"@id\":\"https:\/\/www.atlasvanlines.ca\/seamless-move-from-vancouver-to-edmonton\/\",\"url\":\"https:\/\/www.atlasvanlines.ca\/seamless-move-from-vancouver-to-edmonton\/\",\"name\":\"Move From Vancouver to Edmonton | Atlas Van Lines Canada\",\"isPartOf\":{\"@id\":\"https:\/\/www.atlasvanlines.ca\/#website\"},\"datePublished\":\"2024-09-26T16:30:56+00:00\",\"dateModified\":\"2024-11-18T19:45:29+00:00\",\"description\":\"Looking for a trustable moving company? Trust Atlas Van Lines Canada for a seamless move from Vancouver to Edmonton. Get the best service for your local move!\",\"breadcrumb\":{\"@id\":\"https:\/\/www.atlasvanlines.ca\/seamless-move-from-vancouver-to-edmonton\/#breadcrumb\"},\"inLanguage\":\"fr-CA\",\"potentialAction\":[{\"@type\":\"ReadAction\",\"target\":[\"https:\/\/www.atlasvanlines.ca\/seamless-move-from-vancouver-to-edmonton\/\"]}]},{\"@type\":\"BreadcrumbList\",\"@id\":\"https:\/\/www.atlasvanlines.ca\/seamless-move-from-vancouver-to-edmonton\/#breadcrumb\",\"itemListElement\":[{\"@type\":\"ListItem\",\"position\":1,\"name\":\"Home\",\"item\":\"https:\/\/www.atlasvanlines.ca\/\"},{\"@type\":\"ListItem\",\"position\":2,\"name\":\"Seamless Move from Vancouver to Edmonton\"}]},{\"@type\":\"WebSite\",\"@id\":\"https:\/\/www.atlasvanlines.ca\/#website\",\"url\":\"https:\/\/www.atlasvanlines.ca\/\",\"name\":\"Local &amp; Long Distance Movers | Atlas Van Lines Canada\",\"description\":\"Just another WordPress site\",\"potentialAction\":[{\"@type\":\"SearchAction\",\"target\":{\"@type\":\"EntryPoint\",\"urlTemplate\":\"https:\/\/www.atlasvanlines.ca\/?s={search_term_string}\"},\"query-input\":{\"@type\":\"PropertyValueSpecification\",\"valueRequired\":true,\"valueName\":\"search_term_string\"}}],\"inLanguage\":\"fr-CA\"}]}<\/script>\n<!-- \/ Yoast SEO plugin. -->","yoast_head_json":{"title":"D\u00e9m\u00e9nager de Vancouver \u00e0 Edmonton | Atlas Van Lines Canada","description":"Vous cherchez une entreprise de d\u00e9m\u00e9nagement fiable\u00a0? Faites confiance \u00e0 Atlas Van Lines Canada pour un d\u00e9m\u00e9nagement sans souci de Vancouver \u00e0 Edmonton. Obtenez le meilleur service pour votre d\u00e9m\u00e9nagement local\u00a0!","robots":{"index":"index","follow":"follow","max-snippet":"max-snippet:-1","max-image-preview":"max-image-preview:large","max-video-preview":"max-video-preview:-1"},"canonical":"https:\/\/www.atlasvanlines.ca\/fr\/demenagement-en-douceur-de-vancouver-a-edmonton\/","og_locale":"fr_CA","og_type":"article","og_title":"Move From Vancouver to Edmonton | Atlas Van Lines Canada","og_description":"Looking for a trustable moving company? Trust Atlas Van Lines Canada for a seamless move from Vancouver to Edmonton. Get the best service for your local move!","og_url":"https:\/\/www.atlasvanlines.ca\/fr\/demenagement-en-douceur-de-vancouver-a-edmonton\/","og_site_name":"Local &amp; Long Distance Movers | Atlas Van Lines Canada","article_publisher":"https:\/\/www.facebook.com\/AtlasVanLinesCanada\/","article_modified_time":"2024-11-18T19:45:29+00:00","twitter_card":"summary_large_image","twitter_site":"@atlasvanlinesca","schema":{"@context":"https:\/\/schema.org","@graph":[{"@type":"WebPage","@id":"https:\/\/www.atlasvanlines.ca\/seamless-move-from-vancouver-to-edmonton\/","url":"https:\/\/www.atlasvanlines.ca\/seamless-move-from-vancouver-to-edmonton\/","name":"D\u00e9m\u00e9nager de Vancouver \u00e0 Edmonton | Atlas Van Lines Canada","isPartOf":{"@id":"https:\/\/www.atlasvanlines.ca\/#website"},"datePublished":"2024-09-26T16:30:56+00:00","dateModified":"2024-11-18T19:45:29+00:00","description":"Vous cherchez une entreprise de d\u00e9m\u00e9nagement fiable\u00a0? Faites confiance \u00e0 Atlas Van Lines Canada pour un d\u00e9m\u00e9nagement sans souci de Vancouver \u00e0 Edmonton. Obtenez le meilleur service pour votre d\u00e9m\u00e9nagement local\u00a0!","breadcrumb":{"@id":"https:\/\/www.atlasvanlines.ca\/seamless-move-from-vancouver-to-edmonton\/#breadcrumb"},"inLanguage":"fr-CA","potentialAction":[{"@type":"ReadAction","target":["https:\/\/www.atlasvanlines.ca\/seamless-move-from-vancouver-to-edmonton\/"]}]},{"@type":"BreadcrumbList","@id":"https:\/\/www.atlasvanlines.ca\/seamless-move-from-vancouver-to-edmonton\/#breadcrumb","itemListElement":[{"@type":"ListItem","position":1,"name":"Home","item":"https:\/\/www.atlasvanlines.ca\/"},{"@type":"ListItem","position":2,"name":"Seamless Move from Vancouver to Edmonton"}]},{"@type":"WebSite","@id":"https:\/\/www.atlasvanlines.ca\/#website","url":"https:\/\/www.atlasvanlines.ca\/","name":"D\u00e9m\u00e9nageurs locaux et longue distance | Atlas Van Lines Canada","description":"Juste un autre site WordPress","potentialAction":[{"@type":"SearchAction","target":{"@type":"EntryPoint","urlTemplate":"https:\/\/www.atlasvanlines.ca\/?s={search_term_string}"},"query-input":{"@type":"PropertyValueSpecification","valueRequired":true,"valueName":"search_term_string"}}],"inLanguage":"fr-CA"}]}},"_links":{"self":[{"href":"https:\/\/www.atlasvanlines.ca\/fr\/wp-json\/wp\/v2\/pages\/9321","targetHints":{"allow":["GET"]}}],"collection":[{"href":"https:\/\/www.atlasvanlines.ca\/fr\/wp-json\/wp\/v2\/pages"}],"about":[{"href":"https:\/\/www.atlasvanlines.ca\/fr\/wp-json\/wp\/v2\/types\/page"}],"author":[{"embeddable":true,"href":"https:\/\/www.atlasvanlines.ca\/fr\/wp-json\/wp\/v2\/users\/8"}],"replies":[{"embeddable":true,"href":"https:\/\/www.atlasvanlines.ca\/fr\/wp-json\/wp\/v2\/comments?post=9321"}],"version-history":[{"count":5,"href":"https:\/\/www.atlasvanlines.ca\/fr\/wp-json\/wp\/v2\/pages\/9321\/revisions"}],"predecessor-version":[{"id":9497,"href":"https:\/\/www.atlasvanlines.ca\/fr\/wp-json\/wp\/v2\/pages\/9321\/revisions\/9497"}],"wp:attachment":[{"href":"https:\/\/www.atlasvanlines.ca\/fr\/wp-json\/wp\/v2\/media?parent=9321"}],"curies":[{"name":"wp","href":"https:\/\/api.w.org\/{rel}","templated":true}]}}