{"id":869,"date":"2020-10-02T20:10:09","date_gmt":"2020-10-02T20:10:09","guid":{"rendered":"http:\/\/localhost:8888\/atlas\/?page_id=869"},"modified":"2024-04-29T10:45:13","modified_gmt":"2024-04-29T15:45:13","slug":"informations-sur-les-actualites","status":"publish","type":"page","link":"https:\/\/www.atlasvanlines.ca\/fr\/news-info\/","title":{"rendered":"Nouvelles et informations"},"content":{"rendered":"","protected":false},"excerpt":{"rendered":"","protected":false},"author":8,"featured_media":0,"parent":0,"menu_order":0,"comment_status":"closed","ping_status":"closed","template":"","meta":{"_acf_changed":false,"content-type":"","inline_featured_image":false,"footnotes":""},"class_list":["post-869","page","type-page","status-publish","hentry"],"acf":[],"yoast_head":"<!-- This site is optimized with the Yoast SEO plugin v27.1.1 - https:\/\/yoast.com\/product\/yoast-seo-wordpress\/ -->\n<title>News &amp; Info - Local &amp; Long Distance Movers | Atlas Van Lines Canada<\/title>\n<meta name=\"description\" content=\"Get the latest news from Atlas Van Lines Canada. Visit our News &amp; Info page for news, job openings and moving tips. Read on for more details.\" \/>\n<meta name=\"robots\" content=\"index, follow, max-snippet:-1, max-image-preview:large, max-video-preview:-1\" \/>\n<link rel=\"canonical\" href=\"https:\/\/www.atlasvanlines.ca\/fr\/informations-sur-les-actualites\/\" \/>\n<meta property=\"og:locale\" content=\"fr_CA\" \/>\n<meta property=\"og:type\" content=\"article\" \/>\n<meta property=\"og:title\" content=\"News &amp; Info - Local &amp; Long Distance Movers | Atlas Van Lines Canada\" \/>\n<meta property=\"og:description\" content=\"Get the latest news from Atlas Van Lines Canada. Visit our News &amp; Info page for news, job openings and moving tips. Read on for more details.\" \/>\n<meta property=\"og:url\" content=\"https:\/\/www.atlasvanlines.ca\/fr\/informations-sur-les-actualites\/\" \/>\n<meta property=\"og:site_name\" content=\"Local &amp; Long Distance Movers | Atlas Van Lines Canada\" \/>\n<meta property=\"article:publisher\" content=\"https:\/\/www.facebook.com\/AtlasVanLinesCanada\/\" \/>\n<meta property=\"article:modified_time\" content=\"2024-04-29T15:45:13+00:00\" \/>\n<meta name=\"twitter:card\" content=\"summary_large_image\" \/>\n<meta name=\"twitter:site\" content=\"@atlasvanlinesca\" \/>\n<script type=\"application\/ld+json\" class=\"yoast-schema-graph\">{\"@context\":\"https:\/\/schema.org\",\"@graph\":[{\"@type\":\"WebPage\",\"@id\":\"https:\/\/www.atlasvanlines.ca\/news-info\/\",\"url\":\"https:\/\/www.atlasvanlines.ca\/news-info\/\",\"name\":\"News & Info - Local &amp; Long Distance Movers | Atlas Van Lines Canada\",\"isPartOf\":{\"@id\":\"https:\/\/www.atlasvanlines.ca\/#website\"},\"datePublished\":\"2020-10-02T20:10:09+00:00\",\"dateModified\":\"2024-04-29T15:45:13+00:00\",\"description\":\"Get the latest news from Atlas Van Lines Canada. Visit our News & Info page for news, job openings and moving tips. Read on for more details.\",\"breadcrumb\":{\"@id\":\"https:\/\/www.atlasvanlines.ca\/news-info\/#breadcrumb\"},\"inLanguage\":\"fr-CA\",\"potentialAction\":[{\"@type\":\"ReadAction\",\"target\":[\"https:\/\/www.atlasvanlines.ca\/news-info\/\"]}]},{\"@type\":\"BreadcrumbList\",\"@id\":\"https:\/\/www.atlasvanlines.ca\/news-info\/#breadcrumb\",\"itemListElement\":[{\"@type\":\"ListItem\",\"position\":1,\"name\":\"Home\",\"item\":\"https:\/\/www.atlasvanlines.ca\/\"},{\"@type\":\"ListItem\",\"position\":2,\"name\":\"News &#038; Info\"}]},{\"@type\":\"WebSite\",\"@id\":\"https:\/\/www.atlasvanlines.ca\/#website\",\"url\":\"https:\/\/www.atlasvanlines.ca\/\",\"name\":\"Local &amp; Long Distance Movers | Atlas Van Lines Canada\",\"description\":\"Just another WordPress site\",\"potentialAction\":[{\"@type\":\"SearchAction\",\"target\":{\"@type\":\"EntryPoint\",\"urlTemplate\":\"https:\/\/www.atlasvanlines.ca\/?s={search_term_string}\"},\"query-input\":{\"@type\":\"PropertyValueSpecification\",\"valueRequired\":true,\"valueName\":\"search_term_string\"}}],\"inLanguage\":\"fr-CA\"}]}<\/script>\n<!-- \/ Yoast SEO plugin. -->","yoast_head_json":{"title":"Actualit\u00e9s et informations - D\u00e9m\u00e9nageurs locaux et longue distance | Atlas Van Lines Canada","description":"Restez inform\u00e9 des derni\u00e8res nouvelles d&#039;Atlas Van Lines Canada. Consultez notre page Actualit\u00e9s et infos pour conna\u00eetre les actualit\u00e9s, les offres d&#039;emploi et des conseils de d\u00e9m\u00e9nagement. Poursuivez votre lecture pour en savoir plus.","robots":{"index":"index","follow":"follow","max-snippet":"max-snippet:-1","max-image-preview":"max-image-preview:large","max-video-preview":"max-video-preview:-1"},"canonical":"https:\/\/www.atlasvanlines.ca\/fr\/informations-sur-les-actualites\/","og_locale":"fr_CA","og_type":"article","og_title":"News & Info - Local &amp; Long Distance Movers | Atlas Van Lines Canada","og_description":"Get the latest news from Atlas Van Lines Canada. Visit our News & Info page for news, job openings and moving tips. Read on for more details.","og_url":"https:\/\/www.atlasvanlines.ca\/fr\/informations-sur-les-actualites\/","og_site_name":"Local &amp; Long Distance Movers | Atlas Van Lines Canada","article_publisher":"https:\/\/www.facebook.com\/AtlasVanLinesCanada\/","article_modified_time":"2024-04-29T15:45:13+00:00","twitter_card":"summary_large_image","twitter_site":"@atlasvanlinesca","schema":{"@context":"https:\/\/schema.org","@graph":[{"@type":"WebPage","@id":"https:\/\/www.atlasvanlines.ca\/news-info\/","url":"https:\/\/www.atlasvanlines.ca\/news-info\/","name":"Actualit\u00e9s et informations - D\u00e9m\u00e9nageurs locaux et longue distance | Atlas Van Lines Canada","isPartOf":{"@id":"https:\/\/www.atlasvanlines.ca\/#website"},"datePublished":"2020-10-02T20:10:09+00:00","dateModified":"2024-04-29T15:45:13+00:00","description":"Restez inform\u00e9 des derni\u00e8res nouvelles d&#039;Atlas Van Lines Canada. Consultez notre page Actualit\u00e9s et infos pour conna\u00eetre les actualit\u00e9s, les offres d&#039;emploi et des conseils de d\u00e9m\u00e9nagement. Poursuivez votre lecture pour en savoir plus.","breadcrumb":{"@id":"https:\/\/www.atlasvanlines.ca\/news-info\/#breadcrumb"},"inLanguage":"fr-CA","potentialAction":[{"@type":"ReadAction","target":["https:\/\/www.atlasvanlines.ca\/news-info\/"]}]},{"@type":"BreadcrumbList","@id":"https:\/\/www.atlasvanlines.ca\/news-info\/#breadcrumb","itemListElement":[{"@type":"ListItem","position":1,"name":"Home","item":"https:\/\/www.atlasvanlines.ca\/"},{"@type":"ListItem","position":2,"name":"News &#038; Info"}]},{"@type":"WebSite","@id":"https:\/\/www.atlasvanlines.ca\/#website","url":"https:\/\/www.atlasvanlines.ca\/","name":"D\u00e9m\u00e9nageurs locaux et longue distance | Atlas Van Lines Canada","description":"Juste un autre site WordPress","potentialAction":[{"@type":"SearchAction","target":{"@type":"EntryPoint","urlTemplate":"https:\/\/www.atlasvanlines.ca\/?s={search_term_string}"},"query-input":{"@type":"PropertyValueSpecification","valueRequired":true,"valueName":"search_term_string"}}],"inLanguage":"fr-CA"}]}},"_links":{"self":[{"href":"https:\/\/www.atlasvanlines.ca\/fr\/wp-json\/wp\/v2\/pages\/869","targetHints":{"allow":["GET"]}}],"collection":[{"href":"https:\/\/www.atlasvanlines.ca\/fr\/wp-json\/wp\/v2\/pages"}],"about":[{"href":"https:\/\/www.atlasvanlines.ca\/fr\/wp-json\/wp\/v2\/types\/page"}],"author":[{"embeddable":true,"href":"https:\/\/www.atlasvanlines.ca\/fr\/wp-json\/wp\/v2\/users\/8"}],"replies":[{"embeddable":true,"href":"https:\/\/www.atlasvanlines.ca\/fr\/wp-json\/wp\/v2\/comments?post=869"}],"version-history":[{"count":56,"href":"https:\/\/www.atlasvanlines.ca\/fr\/wp-json\/wp\/v2\/pages\/869\/revisions"}],"predecessor-version":[{"id":3980,"href":"https:\/\/www.atlasvanlines.ca\/fr\/wp-json\/wp\/v2\/pages\/869\/revisions\/3980"}],"wp:attachment":[{"href":"https:\/\/www.atlasvanlines.ca\/fr\/wp-json\/wp\/v2\/media?parent=869"}],"curies":[{"name":"wp","href":"https:\/\/api.w.org\/{rel}","templated":true}]}}