{"id":865,"date":"2020-10-02T20:08:13","date_gmt":"2020-10-02T20:08:13","guid":{"rendered":"http:\/\/localhost:8888\/atlas\/?page_id=865"},"modified":"2026-01-26T12:34:48","modified_gmt":"2026-01-26T17:34:48","slug":"demenagements-de-menages","status":"publish","type":"page","link":"https:\/\/www.atlasvanlines.ca\/fr\/moving-households\/","title":{"rendered":"D\u00e9m\u00e9nagement des m\u00e9nages"},"content":{"rendered":"","protected":false},"excerpt":{"rendered":"","protected":false},"author":8,"featured_media":0,"parent":0,"menu_order":0,"comment_status":"closed","ping_status":"closed","template":"","meta":{"_acf_changed":false,"content-type":"","inline_featured_image":false,"footnotes":""},"class_list":["post-865","page","type-page","status-publish","hentry"],"acf":[],"yoast_head":"<!-- This site is optimized with the Yoast SEO plugin v27.1.1 - https:\/\/yoast.com\/product\/yoast-seo-wordpress\/ -->\n<title>House Moving Services: Household &amp; Residential | Atlas Van Lines<\/title>\n<meta name=\"description\" content=\"Smooth and stress-free residential moving services provided by Atlas Van Lines. Trust us to handle your move with care and expertise. Contact us today!\" \/>\n<meta name=\"robots\" content=\"index, follow, max-snippet:-1, max-image-preview:large, max-video-preview:-1\" \/>\n<link rel=\"canonical\" href=\"https:\/\/www.atlasvanlines.ca\/fr\/demenagements-de-menages\/\" \/>\n<meta property=\"og:locale\" content=\"fr_CA\" \/>\n<meta property=\"og:type\" content=\"article\" \/>\n<meta property=\"og:title\" content=\"House Moving Services: Household &amp; Residential | Atlas Van Lines\" \/>\n<meta property=\"og:description\" content=\"Smooth and stress-free residential moving services provided by Atlas Van Lines. Trust us to handle your move with care and expertise. Contact us today!\" \/>\n<meta property=\"og:url\" content=\"https:\/\/www.atlasvanlines.ca\/fr\/demenagements-de-menages\/\" \/>\n<meta property=\"og:site_name\" content=\"Local &amp; Long Distance Movers | Atlas Van Lines Canada\" \/>\n<meta property=\"article:publisher\" content=\"https:\/\/www.facebook.com\/AtlasVanLinesCanada\/\" \/>\n<meta property=\"article:modified_time\" content=\"2026-01-26T17:34:48+00:00\" \/>\n<meta name=\"twitter:card\" content=\"summary_large_image\" \/>\n<meta name=\"twitter:site\" content=\"@atlasvanlinesca\" \/>\n<script type=\"application\/ld+json\" class=\"yoast-schema-graph\">{\"@context\":\"https:\/\/schema.org\",\"@graph\":[{\"@type\":\"WebPage\",\"@id\":\"https:\/\/www.atlasvanlines.ca\/moving-households\/\",\"url\":\"https:\/\/www.atlasvanlines.ca\/moving-households\/\",\"name\":\"House Moving Services: Household & Residential | Atlas Van Lines\",\"isPartOf\":{\"@id\":\"https:\/\/www.atlasvanlines.ca\/#website\"},\"datePublished\":\"2020-10-02T20:08:13+00:00\",\"dateModified\":\"2026-01-26T17:34:48+00:00\",\"description\":\"Smooth and stress-free residential moving services provided by Atlas Van Lines. Trust us to handle your move with care and expertise. Contact us today!\",\"breadcrumb\":{\"@id\":\"https:\/\/www.atlasvanlines.ca\/moving-households\/#breadcrumb\"},\"inLanguage\":\"fr-CA\",\"potentialAction\":[{\"@type\":\"ReadAction\",\"target\":[\"https:\/\/www.atlasvanlines.ca\/moving-households\/\"]}]},{\"@type\":\"BreadcrumbList\",\"@id\":\"https:\/\/www.atlasvanlines.ca\/moving-households\/#breadcrumb\",\"itemListElement\":[{\"@type\":\"ListItem\",\"position\":1,\"name\":\"Home\",\"item\":\"https:\/\/www.atlasvanlines.ca\/\"},{\"@type\":\"ListItem\",\"position\":2,\"name\":\"Moving Households\"}]},{\"@type\":\"WebSite\",\"@id\":\"https:\/\/www.atlasvanlines.ca\/#website\",\"url\":\"https:\/\/www.atlasvanlines.ca\/\",\"name\":\"Local &amp; Long Distance Movers | Atlas Van Lines Canada\",\"description\":\"Just another WordPress site\",\"potentialAction\":[{\"@type\":\"SearchAction\",\"target\":{\"@type\":\"EntryPoint\",\"urlTemplate\":\"https:\/\/www.atlasvanlines.ca\/?s={search_term_string}\"},\"query-input\":{\"@type\":\"PropertyValueSpecification\",\"valueRequired\":true,\"valueName\":\"search_term_string\"}}],\"inLanguage\":\"fr-CA\"}]}<\/script>\n<!-- \/ Yoast SEO plugin. -->","yoast_head_json":{"title":"Services de d\u00e9m\u00e9nagement\u00a0: particuliers et r\u00e9sidentiels | Atlas Van Lines","description":"Services de d\u00e9m\u00e9nagement r\u00e9sidentiel fluides et sans stress propos\u00e9s par Atlas Van Lines. Confiez-nous votre d\u00e9m\u00e9nagement avec soin et expertise. Contactez-nous d\u00e8s aujourd&#039;hui\u00a0!","robots":{"index":"index","follow":"follow","max-snippet":"max-snippet:-1","max-image-preview":"max-image-preview:large","max-video-preview":"max-video-preview:-1"},"canonical":"https:\/\/www.atlasvanlines.ca\/fr\/demenagements-de-menages\/","og_locale":"fr_CA","og_type":"article","og_title":"House Moving Services: Household & Residential | Atlas Van Lines","og_description":"Smooth and stress-free residential moving services provided by Atlas Van Lines. Trust us to handle your move with care and expertise. Contact us today!","og_url":"https:\/\/www.atlasvanlines.ca\/fr\/demenagements-de-menages\/","og_site_name":"Local &amp; Long Distance Movers | Atlas Van Lines Canada","article_publisher":"https:\/\/www.facebook.com\/AtlasVanLinesCanada\/","article_modified_time":"2026-01-26T17:34:48+00:00","twitter_card":"summary_large_image","twitter_site":"@atlasvanlinesca","schema":{"@context":"https:\/\/schema.org","@graph":[{"@type":"WebPage","@id":"https:\/\/www.atlasvanlines.ca\/moving-households\/","url":"https:\/\/www.atlasvanlines.ca\/moving-households\/","name":"Services de d\u00e9m\u00e9nagement\u00a0: particuliers et r\u00e9sidentiels | Atlas Van Lines","isPartOf":{"@id":"https:\/\/www.atlasvanlines.ca\/#website"},"datePublished":"2020-10-02T20:08:13+00:00","dateModified":"2026-01-26T17:34:48+00:00","description":"Services de d\u00e9m\u00e9nagement r\u00e9sidentiel fluides et sans stress propos\u00e9s par Atlas Van Lines. Confiez-nous votre d\u00e9m\u00e9nagement avec soin et expertise. Contactez-nous d\u00e8s aujourd&#039;hui\u00a0!","breadcrumb":{"@id":"https:\/\/www.atlasvanlines.ca\/moving-households\/#breadcrumb"},"inLanguage":"fr-CA","potentialAction":[{"@type":"ReadAction","target":["https:\/\/www.atlasvanlines.ca\/moving-households\/"]}]},{"@type":"BreadcrumbList","@id":"https:\/\/www.atlasvanlines.ca\/moving-households\/#breadcrumb","itemListElement":[{"@type":"ListItem","position":1,"name":"Home","item":"https:\/\/www.atlasvanlines.ca\/"},{"@type":"ListItem","position":2,"name":"Moving Households"}]},{"@type":"WebSite","@id":"https:\/\/www.atlasvanlines.ca\/#website","url":"https:\/\/www.atlasvanlines.ca\/","name":"D\u00e9m\u00e9nageurs locaux et longue distance | Atlas Van Lines Canada","description":"Juste un autre site WordPress","potentialAction":[{"@type":"SearchAction","target":{"@type":"EntryPoint","urlTemplate":"https:\/\/www.atlasvanlines.ca\/?s={search_term_string}"},"query-input":{"@type":"PropertyValueSpecification","valueRequired":true,"valueName":"search_term_string"}}],"inLanguage":"fr-CA"}]}},"_links":{"self":[{"href":"https:\/\/www.atlasvanlines.ca\/fr\/wp-json\/wp\/v2\/pages\/865","targetHints":{"allow":["GET"]}}],"collection":[{"href":"https:\/\/www.atlasvanlines.ca\/fr\/wp-json\/wp\/v2\/pages"}],"about":[{"href":"https:\/\/www.atlasvanlines.ca\/fr\/wp-json\/wp\/v2\/types\/page"}],"author":[{"embeddable":true,"href":"https:\/\/www.atlasvanlines.ca\/fr\/wp-json\/wp\/v2\/users\/8"}],"replies":[{"embeddable":true,"href":"https:\/\/www.atlasvanlines.ca\/fr\/wp-json\/wp\/v2\/comments?post=865"}],"version-history":[{"count":55,"href":"https:\/\/www.atlasvanlines.ca\/fr\/wp-json\/wp\/v2\/pages\/865\/revisions"}],"predecessor-version":[{"id":11594,"href":"https:\/\/www.atlasvanlines.ca\/fr\/wp-json\/wp\/v2\/pages\/865\/revisions\/11594"}],"wp:attachment":[{"href":"https:\/\/www.atlasvanlines.ca\/fr\/wp-json\/wp\/v2\/media?parent=865"}],"curies":[{"name":"wp","href":"https:\/\/api.w.org\/{rel}","templated":true}]}}