{"id":6420,"date":"2024-07-12T15:41:16","date_gmt":"2024-07-12T20:41:16","guid":{"rendered":"https:\/\/www.atlasvanlines.ca\/?page_id=6420"},"modified":"2025-09-18T12:07:48","modified_gmt":"2025-09-18T17:07:48","slug":"services-de-demenagement-danimaux-de-compagnie-sans-faille-merci","status":"publish","type":"page","link":"https:\/\/www.atlasvanlines.ca\/fr\/seamless-pet-relocation-services-thank-you\/","title":{"rendered":"Services de d\u00e9m\u00e9nagement d&#039;animaux de compagnie sans faille \u2013 Merci"},"content":{"rendered":"<p class=\"text-center text-lg-left\"><span style=\"color: #005a9c;\">Lignes et pattes de fourgonnettes d&#039;Atlas Canada en route\u00a0: faciliter les d\u00e9placements de vos animaux de compagnie<\/span><\/p>\n<h3 class=\"my-3 text-center text-lg-left\"><span style=\"color: #009ddd;\"><em>Pourquoi choisir notre animal de compagnie<br \/>\nServices de d\u00e9m\u00e9nagement\u00a0?<\/em><\/span><\/h3>\n<div class=\"row\">\n<div class=\"col-lg-8\">\n<div class=\"d-flex align-items-center justify-content-center justify-content-lg-start mb-3\"><img loading=\"lazy\" decoding=\"async\" class=\"alignnone size-full wp-image-5739 mr-2\" src=\"https:\/\/www.atlasvanlines.ca\/wp-content\/uploads\/2024\/06\/Checkmark-e1719505860425.png\" alt=\"\" width=\"30\" height=\"30\" \/>Ma\u00eetres-animaux exp\u00e9riment\u00e9s<\/div>\n<div class=\"d-flex align-items-center justify-content-center justify-content-lg-start mb-3\"><img loading=\"lazy\" decoding=\"async\" class=\"alignnone size-full wp-image-5739 mr-2\" src=\"https:\/\/www.atlasvanlines.ca\/wp-content\/uploads\/2024\/06\/Checkmark-e1719505860425.png\" alt=\"\" width=\"30\" height=\"30\" \/>Voyage s\u00fbr et confortable<\/div>\n<div class=\"d-flex align-items-center justify-content-center justify-content-lg-start mb-3\"><img loading=\"lazy\" decoding=\"async\" class=\"alignnone size-full wp-image-5739 mr-2\" src=\"https:\/\/www.atlasvanlines.ca\/wp-content\/uploads\/2024\/06\/Checkmark-e1719505860425.png\" alt=\"\" width=\"30\" height=\"30\" \/>Service porte \u00e0 porte<\/div>\n<div class=\"d-flex align-items-center justify-content-center justify-content-lg-start mb-3\"><img loading=\"lazy\" decoding=\"async\" class=\"alignnone size-full wp-image-5739 mr-2\" src=\"https:\/\/www.atlasvanlines.ca\/wp-content\/uploads\/2024\/06\/Checkmark-e1719505860425.png\" alt=\"\" width=\"30\" height=\"30\" \/>Exp\u00e9rience de d\u00e9m\u00e9nagement sans stress<\/div>\n<\/div>\n<div class=\"col-lg-4 text-center\"><img loading=\"lazy\" decoding=\"async\" class=\"alignnone wp-image-5740 img-fluid\" src=\"https:\/\/www.atlasvanlines.ca\/wp-content\/uploads\/2024\/06\/Group-23-e1719506027101.png\" alt=\"\" width=\"190\" height=\"191\" \/><\/div>\n<\/div>\n<h3 class=\"my-3 text-center text-lg-left\"><span style=\"color: #005a9c;\">Pr\u00eat \u00e0 d\u00e9m\u00e9nager ?<\/span><br \/>\n<span style=\"color: #005a9c;\"><em>Obtenez un devis gratuit aujourd&#039;hui!<\/em><\/span><\/h3>","protected":false},"excerpt":{"rendered":"<p>Atlas Canada Van Lines and Paws en route : Faciliter le d\u00e9m\u00e9nagement de vos animaux de compagnie Pourquoi choisir nos services de d\u00e9m\u00e9nagement pour animaux de compagnie ? Des gardiens d&#039;animaux exp\u00e9riment\u00e9s Un voyage s\u00fbr et confortable Un service porte-\u00e0-porte Une exp\u00e9rience de d\u00e9m\u00e9nagement sans stress Pr\u00eat \u00e0 d\u00e9m\u00e9nager ? Obtenez un devis gratuit d\u00e8s aujourd&#039;hui !<\/p>","protected":false},"author":8,"featured_media":5782,"parent":0,"menu_order":0,"comment_status":"closed","ping_status":"closed","template":"page-landing-two-column.php","meta":{"_acf_changed":false,"content-type":"","inline_featured_image":false,"footnotes":""},"class_list":["post-6420","page","type-page","status-publish","has-post-thumbnail","hentry"],"acf":[],"yoast_head":"<!-- This site is optimized with the Yoast SEO plugin v27.1.1 - https:\/\/yoast.com\/product\/yoast-seo-wordpress\/ -->\n<title>Seamless Pet Relocation Services - Thank You - Local &amp; Long Distance Movers | Atlas Van Lines Canada<\/title>\n<meta name=\"robots\" content=\"index, follow, max-snippet:-1, max-image-preview:large, max-video-preview:-1\" \/>\n<link rel=\"canonical\" href=\"https:\/\/www.atlasvanlines.ca\/fr\/services-de-demenagement-danimaux-de-compagnie-sans-faille-merci\/\" \/>\n<meta property=\"og:locale\" content=\"fr_CA\" \/>\n<meta property=\"og:type\" content=\"article\" \/>\n<meta property=\"og:title\" content=\"Seamless Pet Relocation Services - Thank You - Local &amp; Long Distance Movers | Atlas Van Lines Canada\" \/>\n<meta property=\"og:description\" content=\"Atlas Canada Van Lines and Paws en route: Making Moves Easy for Your Pets Why Choose Our Pet Relocation Services? Experienced pet handlers Safe &amp; comfortable travel Door-to-door service Stress-free moving experience Ready to Move? Get a Free Quote Today!\" \/>\n<meta property=\"og:url\" content=\"https:\/\/www.atlasvanlines.ca\/fr\/services-de-demenagement-danimaux-de-compagnie-sans-faille-merci\/\" \/>\n<meta property=\"og:site_name\" content=\"Local &amp; Long Distance Movers | Atlas Van Lines Canada\" \/>\n<meta property=\"article:publisher\" content=\"https:\/\/www.facebook.com\/AtlasVanLinesCanada\/\" \/>\n<meta property=\"article:modified_time\" content=\"2025-09-18T17:07:48+00:00\" \/>\n<meta property=\"og:image\" content=\"https:\/\/www.atlasvanlines.ca\/wp-content\/uploads\/2024\/06\/paws-landingpage@2x-e1719596169768.png\" \/>\n\t<meta property=\"og:image:width\" content=\"1270\" \/>\n\t<meta property=\"og:image:height\" content=\"619\" \/>\n\t<meta property=\"og:image:type\" content=\"image\/png\" \/>\n<meta name=\"twitter:card\" content=\"summary_large_image\" \/>\n<meta name=\"twitter:site\" content=\"@atlasvanlinesca\" \/>\n<meta name=\"twitter:label1\" content=\"Estimation du temps de lecture\" \/>\n\t<meta name=\"twitter:data1\" content=\"2 minutes\" \/>\n<script type=\"application\/ld+json\" class=\"yoast-schema-graph\">{\"@context\":\"https:\/\/schema.org\",\"@graph\":[{\"@type\":\"WebPage\",\"@id\":\"https:\/\/www.atlasvanlines.ca\/seamless-pet-relocation-services-thank-you\/\",\"url\":\"https:\/\/www.atlasvanlines.ca\/seamless-pet-relocation-services-thank-you\/\",\"name\":\"Seamless Pet Relocation Services - Thank You - Local &amp; Long Distance Movers | Atlas Van Lines Canada\",\"isPartOf\":{\"@id\":\"https:\/\/www.atlasvanlines.ca\/#website\"},\"primaryImageOfPage\":{\"@id\":\"https:\/\/www.atlasvanlines.ca\/seamless-pet-relocation-services-thank-you\/#primaryimage\"},\"image\":{\"@id\":\"https:\/\/www.atlasvanlines.ca\/seamless-pet-relocation-services-thank-you\/#primaryimage\"},\"thumbnailUrl\":\"https:\/\/www.atlasvanlines.ca\/wp-content\/uploads\/2024\/06\/paws-landingpage@2x-e1719596169768.png\",\"datePublished\":\"2024-07-12T20:41:16+00:00\",\"dateModified\":\"2025-09-18T17:07:48+00:00\",\"breadcrumb\":{\"@id\":\"https:\/\/www.atlasvanlines.ca\/seamless-pet-relocation-services-thank-you\/#breadcrumb\"},\"inLanguage\":\"fr-CA\",\"potentialAction\":[{\"@type\":\"ReadAction\",\"target\":[\"https:\/\/www.atlasvanlines.ca\/seamless-pet-relocation-services-thank-you\/\"]}]},{\"@type\":\"ImageObject\",\"inLanguage\":\"fr-CA\",\"@id\":\"https:\/\/www.atlasvanlines.ca\/seamless-pet-relocation-services-thank-you\/#primaryimage\",\"url\":\"https:\/\/www.atlasvanlines.ca\/wp-content\/uploads\/2024\/06\/paws-landingpage@2x-e1719596169768.png\",\"contentUrl\":\"https:\/\/www.atlasvanlines.ca\/wp-content\/uploads\/2024\/06\/paws-landingpage@2x-e1719596169768.png\",\"width\":1270,\"height\":619,\"caption\":\"Group of Pets\"},{\"@type\":\"BreadcrumbList\",\"@id\":\"https:\/\/www.atlasvanlines.ca\/seamless-pet-relocation-services-thank-you\/#breadcrumb\",\"itemListElement\":[{\"@type\":\"ListItem\",\"position\":1,\"name\":\"Home\",\"item\":\"https:\/\/www.atlasvanlines.ca\/\"},{\"@type\":\"ListItem\",\"position\":2,\"name\":\"Seamless Pet Relocation Services &#8211; Thank You\"}]},{\"@type\":\"WebSite\",\"@id\":\"https:\/\/www.atlasvanlines.ca\/#website\",\"url\":\"https:\/\/www.atlasvanlines.ca\/\",\"name\":\"Local &amp; Long Distance Movers | Atlas Van Lines Canada\",\"description\":\"Just another WordPress site\",\"potentialAction\":[{\"@type\":\"SearchAction\",\"target\":{\"@type\":\"EntryPoint\",\"urlTemplate\":\"https:\/\/www.atlasvanlines.ca\/?s={search_term_string}\"},\"query-input\":{\"@type\":\"PropertyValueSpecification\",\"valueRequired\":true,\"valueName\":\"search_term_string\"}}],\"inLanguage\":\"fr-CA\"}]}<\/script>\n<!-- \/ Yoast SEO plugin. -->","yoast_head_json":{"title":"Services de d\u00e9m\u00e9nagement d&#039;animaux de compagnie sans faille \u2013 Merci \u2013 D\u00e9m\u00e9nageurs locaux et longue distance | Atlas Van Lines Canada","robots":{"index":"index","follow":"follow","max-snippet":"max-snippet:-1","max-image-preview":"max-image-preview:large","max-video-preview":"max-video-preview:-1"},"canonical":"https:\/\/www.atlasvanlines.ca\/fr\/services-de-demenagement-danimaux-de-compagnie-sans-faille-merci\/","og_locale":"fr_CA","og_type":"article","og_title":"Seamless Pet Relocation Services - Thank You - Local &amp; Long Distance Movers | Atlas Van Lines Canada","og_description":"Atlas Canada Van Lines and Paws en route: Making Moves Easy for Your Pets Why Choose Our Pet Relocation Services? Experienced pet handlers Safe &amp; comfortable travel Door-to-door service Stress-free moving experience Ready to Move? Get a Free Quote Today!","og_url":"https:\/\/www.atlasvanlines.ca\/fr\/services-de-demenagement-danimaux-de-compagnie-sans-faille-merci\/","og_site_name":"Local &amp; Long Distance Movers | Atlas Van Lines Canada","article_publisher":"https:\/\/www.facebook.com\/AtlasVanLinesCanada\/","article_modified_time":"2025-09-18T17:07:48+00:00","og_image":[{"width":1270,"height":619,"url":"https:\/\/www.atlasvanlines.ca\/wp-content\/uploads\/2024\/06\/paws-landingpage@2x-e1719596169768.png","type":"image\/png"}],"twitter_card":"summary_large_image","twitter_site":"@atlasvanlinesca","twitter_misc":{"Estimation du temps de lecture":"2 minutes"},"schema":{"@context":"https:\/\/schema.org","@graph":[{"@type":"WebPage","@id":"https:\/\/www.atlasvanlines.ca\/seamless-pet-relocation-services-thank-you\/","url":"https:\/\/www.atlasvanlines.ca\/seamless-pet-relocation-services-thank-you\/","name":"Services de d\u00e9m\u00e9nagement d&#039;animaux de compagnie sans faille \u2013 Merci \u2013 D\u00e9m\u00e9nageurs locaux et longue distance | Atlas Van Lines Canada","isPartOf":{"@id":"https:\/\/www.atlasvanlines.ca\/#website"},"primaryImageOfPage":{"@id":"https:\/\/www.atlasvanlines.ca\/seamless-pet-relocation-services-thank-you\/#primaryimage"},"image":{"@id":"https:\/\/www.atlasvanlines.ca\/seamless-pet-relocation-services-thank-you\/#primaryimage"},"thumbnailUrl":"https:\/\/www.atlasvanlines.ca\/wp-content\/uploads\/2024\/06\/paws-landingpage@2x-e1719596169768.png","datePublished":"2024-07-12T20:41:16+00:00","dateModified":"2025-09-18T17:07:48+00:00","breadcrumb":{"@id":"https:\/\/www.atlasvanlines.ca\/seamless-pet-relocation-services-thank-you\/#breadcrumb"},"inLanguage":"fr-CA","potentialAction":[{"@type":"ReadAction","target":["https:\/\/www.atlasvanlines.ca\/seamless-pet-relocation-services-thank-you\/"]}]},{"@type":"ImageObject","inLanguage":"fr-CA","@id":"https:\/\/www.atlasvanlines.ca\/seamless-pet-relocation-services-thank-you\/#primaryimage","url":"https:\/\/www.atlasvanlines.ca\/wp-content\/uploads\/2024\/06\/paws-landingpage@2x-e1719596169768.png","contentUrl":"https:\/\/www.atlasvanlines.ca\/wp-content\/uploads\/2024\/06\/paws-landingpage@2x-e1719596169768.png","width":1270,"height":619,"caption":"Group of Pets"},{"@type":"BreadcrumbList","@id":"https:\/\/www.atlasvanlines.ca\/seamless-pet-relocation-services-thank-you\/#breadcrumb","itemListElement":[{"@type":"ListItem","position":1,"name":"Home","item":"https:\/\/www.atlasvanlines.ca\/"},{"@type":"ListItem","position":2,"name":"Seamless Pet Relocation Services &#8211; Thank You"}]},{"@type":"WebSite","@id":"https:\/\/www.atlasvanlines.ca\/#website","url":"https:\/\/www.atlasvanlines.ca\/","name":"D\u00e9m\u00e9nageurs locaux et longue distance | Atlas Van Lines Canada","description":"Juste un autre site WordPress","potentialAction":[{"@type":"SearchAction","target":{"@type":"EntryPoint","urlTemplate":"https:\/\/www.atlasvanlines.ca\/?s={search_term_string}"},"query-input":{"@type":"PropertyValueSpecification","valueRequired":true,"valueName":"search_term_string"}}],"inLanguage":"fr-CA"}]}},"_links":{"self":[{"href":"https:\/\/www.atlasvanlines.ca\/fr\/wp-json\/wp\/v2\/pages\/6420","targetHints":{"allow":["GET"]}}],"collection":[{"href":"https:\/\/www.atlasvanlines.ca\/fr\/wp-json\/wp\/v2\/pages"}],"about":[{"href":"https:\/\/www.atlasvanlines.ca\/fr\/wp-json\/wp\/v2\/types\/page"}],"author":[{"embeddable":true,"href":"https:\/\/www.atlasvanlines.ca\/fr\/wp-json\/wp\/v2\/users\/8"}],"replies":[{"embeddable":true,"href":"https:\/\/www.atlasvanlines.ca\/fr\/wp-json\/wp\/v2\/comments?post=6420"}],"version-history":[{"count":1,"href":"https:\/\/www.atlasvanlines.ca\/fr\/wp-json\/wp\/v2\/pages\/6420\/revisions"}],"predecessor-version":[{"id":6421,"href":"https:\/\/www.atlasvanlines.ca\/fr\/wp-json\/wp\/v2\/pages\/6420\/revisions\/6421"}],"wp:featuredmedia":[{"embeddable":true,"href":"https:\/\/www.atlasvanlines.ca\/fr\/wp-json\/wp\/v2\/media\/5782"}],"wp:attachment":[{"href":"https:\/\/www.atlasvanlines.ca\/fr\/wp-json\/wp\/v2\/media?parent=6420"}],"curies":[{"name":"wp","href":"https:\/\/api.w.org\/{rel}","templated":true}]}}