{"id":5250,"date":"2024-06-16T14:42:52","date_gmt":"2024-06-16T19:42:52","guid":{"rendered":"https:\/\/www.atlasvanlines.ca\/?page_id=5250"},"modified":"2024-08-22T08:36:34","modified_gmt":"2024-08-22T13:36:34","slug":"demenager-de-lontario-a-la-nouvelle-ecosse","status":"publish","type":"page","link":"https:\/\/www.atlasvanlines.ca\/fr\/move-from-ontario-to-nova-scotia\/","title":{"rendered":"D\u00e9m\u00e9nager de l&#039;Ontario vers la Nouvelle-\u00c9cosse"},"content":{"rendered":"","protected":false},"excerpt":{"rendered":"","protected":false},"author":8,"featured_media":0,"parent":0,"menu_order":0,"comment_status":"closed","ping_status":"closed","template":"page-with-title-and-moving.php","meta":{"_acf_changed":false,"content-type":"","inline_featured_image":false,"footnotes":""},"class_list":["post-5250","page","type-page","status-publish","hentry"],"acf":[],"yoast_head":"<!-- This site is optimized with the Yoast SEO plugin v27.1.1 - https:\/\/yoast.com\/product\/yoast-seo-wordpress\/ -->\n<title>Move From Ontario to Nova Scotia | Atlas Van Lines Canada<\/title>\n<meta name=\"description\" content=\"Looking for a trustable moving company? Trust Atlas Van Lines Canada for a seamless move from Ontario to Nova Scotia. Get the best service for your local move!\" \/>\n<meta name=\"robots\" content=\"index, follow, max-snippet:-1, max-image-preview:large, max-video-preview:-1\" \/>\n<link rel=\"canonical\" href=\"https:\/\/www.atlasvanlines.ca\/fr\/demenager-de-lontario-a-la-nouvelle-ecosse\/\" \/>\n<meta property=\"og:locale\" content=\"fr_CA\" \/>\n<meta property=\"og:type\" content=\"article\" \/>\n<meta property=\"og:title\" content=\"Move From Ontario to Nova Scotia | Atlas Van Lines Canada\" \/>\n<meta property=\"og:description\" content=\"Looking for a trustable moving company? Trust Atlas Van Lines Canada for a seamless move from Ontario to Nova Scotia. Get the best service for your local move!\" \/>\n<meta property=\"og:url\" content=\"https:\/\/www.atlasvanlines.ca\/fr\/demenager-de-lontario-a-la-nouvelle-ecosse\/\" \/>\n<meta property=\"og:site_name\" content=\"Local &amp; Long Distance Movers | Atlas Van Lines Canada\" \/>\n<meta property=\"article:publisher\" content=\"https:\/\/www.facebook.com\/AtlasVanLinesCanada\/\" \/>\n<meta property=\"article:modified_time\" content=\"2024-08-22T13:36:34+00:00\" \/>\n<meta name=\"twitter:card\" content=\"summary_large_image\" \/>\n<meta name=\"twitter:site\" content=\"@atlasvanlinesca\" \/>\n<script type=\"application\/ld+json\" class=\"yoast-schema-graph\">{\"@context\":\"https:\/\/schema.org\",\"@graph\":[{\"@type\":\"WebPage\",\"@id\":\"https:\/\/www.atlasvanlines.ca\/move-from-ontario-to-nova-scotia\/\",\"url\":\"https:\/\/www.atlasvanlines.ca\/move-from-ontario-to-nova-scotia\/\",\"name\":\"Move From Ontario to Nova Scotia | Atlas Van Lines Canada\",\"isPartOf\":{\"@id\":\"https:\/\/www.atlasvanlines.ca\/#website\"},\"datePublished\":\"2024-06-16T19:42:52+00:00\",\"dateModified\":\"2024-08-22T13:36:34+00:00\",\"description\":\"Looking for a trustable moving company? Trust Atlas Van Lines Canada for a seamless move from Ontario to Nova Scotia. Get the best service for your local move!\",\"breadcrumb\":{\"@id\":\"https:\/\/www.atlasvanlines.ca\/move-from-ontario-to-nova-scotia\/#breadcrumb\"},\"inLanguage\":\"fr-CA\",\"potentialAction\":[{\"@type\":\"ReadAction\",\"target\":[\"https:\/\/www.atlasvanlines.ca\/move-from-ontario-to-nova-scotia\/\"]}]},{\"@type\":\"BreadcrumbList\",\"@id\":\"https:\/\/www.atlasvanlines.ca\/move-from-ontario-to-nova-scotia\/#breadcrumb\",\"itemListElement\":[{\"@type\":\"ListItem\",\"position\":1,\"name\":\"Home\",\"item\":\"https:\/\/www.atlasvanlines.ca\/\"},{\"@type\":\"ListItem\",\"position\":2,\"name\":\"Move From Ontario to Nova Scotia\"}]},{\"@type\":\"WebSite\",\"@id\":\"https:\/\/www.atlasvanlines.ca\/#website\",\"url\":\"https:\/\/www.atlasvanlines.ca\/\",\"name\":\"Local &amp; Long Distance Movers | Atlas Van Lines Canada\",\"description\":\"Just another WordPress site\",\"potentialAction\":[{\"@type\":\"SearchAction\",\"target\":{\"@type\":\"EntryPoint\",\"urlTemplate\":\"https:\/\/www.atlasvanlines.ca\/?s={search_term_string}\"},\"query-input\":{\"@type\":\"PropertyValueSpecification\",\"valueRequired\":true,\"valueName\":\"search_term_string\"}}],\"inLanguage\":\"fr-CA\"}]}<\/script>\n<!-- \/ Yoast SEO plugin. -->","yoast_head_json":{"title":"D\u00e9m\u00e9nagement de l&#039;Ontario vers la Nouvelle-\u00c9cosse | Atlas Van Lines Canada","description":"Vous cherchez une entreprise de d\u00e9m\u00e9nagement fiable\u00a0? Faites confiance \u00e0 Atlas Van Lines Canada pour un d\u00e9m\u00e9nagement sans souci de l&#039;Ontario vers la Nouvelle-\u00c9cosse. Obtenez le meilleur service pour votre d\u00e9m\u00e9nagement local\u00a0!","robots":{"index":"index","follow":"follow","max-snippet":"max-snippet:-1","max-image-preview":"max-image-preview:large","max-video-preview":"max-video-preview:-1"},"canonical":"https:\/\/www.atlasvanlines.ca\/fr\/demenager-de-lontario-a-la-nouvelle-ecosse\/","og_locale":"fr_CA","og_type":"article","og_title":"Move From Ontario to Nova Scotia | Atlas Van Lines Canada","og_description":"Looking for a trustable moving company? Trust Atlas Van Lines Canada for a seamless move from Ontario to Nova Scotia. Get the best service for your local move!","og_url":"https:\/\/www.atlasvanlines.ca\/fr\/demenager-de-lontario-a-la-nouvelle-ecosse\/","og_site_name":"Local &amp; Long Distance Movers | Atlas Van Lines Canada","article_publisher":"https:\/\/www.facebook.com\/AtlasVanLinesCanada\/","article_modified_time":"2024-08-22T13:36:34+00:00","twitter_card":"summary_large_image","twitter_site":"@atlasvanlinesca","schema":{"@context":"https:\/\/schema.org","@graph":[{"@type":"WebPage","@id":"https:\/\/www.atlasvanlines.ca\/move-from-ontario-to-nova-scotia\/","url":"https:\/\/www.atlasvanlines.ca\/move-from-ontario-to-nova-scotia\/","name":"D\u00e9m\u00e9nagement de l&#039;Ontario vers la Nouvelle-\u00c9cosse | Atlas Van Lines Canada","isPartOf":{"@id":"https:\/\/www.atlasvanlines.ca\/#website"},"datePublished":"2024-06-16T19:42:52+00:00","dateModified":"2024-08-22T13:36:34+00:00","description":"Vous cherchez une entreprise de d\u00e9m\u00e9nagement fiable\u00a0? Faites confiance \u00e0 Atlas Van Lines Canada pour un d\u00e9m\u00e9nagement sans souci de l&#039;Ontario vers la Nouvelle-\u00c9cosse. Obtenez le meilleur service pour votre d\u00e9m\u00e9nagement local\u00a0!","breadcrumb":{"@id":"https:\/\/www.atlasvanlines.ca\/move-from-ontario-to-nova-scotia\/#breadcrumb"},"inLanguage":"fr-CA","potentialAction":[{"@type":"ReadAction","target":["https:\/\/www.atlasvanlines.ca\/move-from-ontario-to-nova-scotia\/"]}]},{"@type":"BreadcrumbList","@id":"https:\/\/www.atlasvanlines.ca\/move-from-ontario-to-nova-scotia\/#breadcrumb","itemListElement":[{"@type":"ListItem","position":1,"name":"Home","item":"https:\/\/www.atlasvanlines.ca\/"},{"@type":"ListItem","position":2,"name":"Move From Ontario to Nova Scotia"}]},{"@type":"WebSite","@id":"https:\/\/www.atlasvanlines.ca\/#website","url":"https:\/\/www.atlasvanlines.ca\/","name":"D\u00e9m\u00e9nageurs locaux et longue distance | Atlas Van Lines Canada","description":"Juste un autre site WordPress","potentialAction":[{"@type":"SearchAction","target":{"@type":"EntryPoint","urlTemplate":"https:\/\/www.atlasvanlines.ca\/?s={search_term_string}"},"query-input":{"@type":"PropertyValueSpecification","valueRequired":true,"valueName":"search_term_string"}}],"inLanguage":"fr-CA"}]}},"_links":{"self":[{"href":"https:\/\/www.atlasvanlines.ca\/fr\/wp-json\/wp\/v2\/pages\/5250","targetHints":{"allow":["GET"]}}],"collection":[{"href":"https:\/\/www.atlasvanlines.ca\/fr\/wp-json\/wp\/v2\/pages"}],"about":[{"href":"https:\/\/www.atlasvanlines.ca\/fr\/wp-json\/wp\/v2\/types\/page"}],"author":[{"embeddable":true,"href":"https:\/\/www.atlasvanlines.ca\/fr\/wp-json\/wp\/v2\/users\/8"}],"replies":[{"embeddable":true,"href":"https:\/\/www.atlasvanlines.ca\/fr\/wp-json\/wp\/v2\/comments?post=5250"}],"version-history":[{"count":22,"href":"https:\/\/www.atlasvanlines.ca\/fr\/wp-json\/wp\/v2\/pages\/5250\/revisions"}],"predecessor-version":[{"id":8789,"href":"https:\/\/www.atlasvanlines.ca\/fr\/wp-json\/wp\/v2\/pages\/5250\/revisions\/8789"}],"wp:attachment":[{"href":"https:\/\/www.atlasvanlines.ca\/fr\/wp-json\/wp\/v2\/media?parent=5250"}],"curies":[{"name":"wp","href":"https:\/\/api.w.org\/{rel}","templated":true}]}}