{"id":3471,"date":"2022-09-15T11:48:44","date_gmt":"2022-09-15T16:48:44","guid":{"rendered":"https:\/\/www.atlasvanlines.ca\/?page_id=3471"},"modified":"2024-08-27T00:53:59","modified_gmt":"2024-08-27T05:53:59","slug":"entreprises-de-demenagement-longue-distance-a-windsor-ontario","status":"publish","type":"page","link":"https:\/\/www.atlasvanlines.ca\/fr\/long-distance-moving-companies-in-windsor-ontario\/","title":{"rendered":"Entreprises de d\u00e9m\u00e9nagement longue distance \u00e0 Windsor Ontario"},"content":{"rendered":"","protected":false},"excerpt":{"rendered":"","protected":false},"author":8,"featured_media":0,"parent":0,"menu_order":0,"comment_status":"closed","ping_status":"closed","template":"page-with-title-and-moving.php","meta":{"_acf_changed":false,"content-type":"","inline_featured_image":false,"footnotes":""},"class_list":["post-3471","page","type-page","status-publish","hentry"],"acf":[],"yoast_head":"<!-- This site is optimized with the Yoast SEO plugin v27.1.1 - https:\/\/yoast.com\/product\/yoast-seo-wordpress\/ -->\n<title>Long Distance Moving Companies Windsor, ON | Atlas Van Lines<\/title>\n<meta name=\"description\" content=\"Looking for a reliable &amp; experienced long distance moving company in Windsor? Atlas Van Lines provides high-quality moving services to residents in this area.\" \/>\n<meta name=\"robots\" content=\"index, follow, max-snippet:-1, max-image-preview:large, max-video-preview:-1\" \/>\n<link rel=\"canonical\" href=\"https:\/\/www.atlasvanlines.ca\/fr\/entreprises-de-demenagement-longue-distance-a-windsor-ontario\/\" \/>\n<meta property=\"og:locale\" content=\"fr_CA\" \/>\n<meta property=\"og:type\" content=\"article\" \/>\n<meta property=\"og:title\" content=\"Long Distance Moving Companies Windsor, ON | Atlas Van Lines\" \/>\n<meta property=\"og:description\" content=\"Looking for a reliable &amp; experienced long distance moving company in Windsor? Atlas Van Lines provides high-quality moving services to residents in this area.\" \/>\n<meta property=\"og:url\" content=\"https:\/\/www.atlasvanlines.ca\/fr\/entreprises-de-demenagement-longue-distance-a-windsor-ontario\/\" \/>\n<meta property=\"og:site_name\" content=\"Local &amp; Long Distance Movers | Atlas Van Lines Canada\" \/>\n<meta property=\"article:publisher\" content=\"https:\/\/www.facebook.com\/AtlasVanLinesCanada\/\" \/>\n<meta property=\"article:modified_time\" content=\"2024-08-27T05:53:59+00:00\" \/>\n<meta name=\"twitter:card\" content=\"summary_large_image\" \/>\n<meta name=\"twitter:site\" content=\"@atlasvanlinesca\" \/>\n<script type=\"application\/ld+json\" class=\"yoast-schema-graph\">{\"@context\":\"https:\/\/schema.org\",\"@graph\":[{\"@type\":\"WebPage\",\"@id\":\"https:\/\/www.atlasvanlines.ca\/long-distance-moving-companies-in-windsor-ontario\/\",\"url\":\"https:\/\/www.atlasvanlines.ca\/long-distance-moving-companies-in-windsor-ontario\/\",\"name\":\"Long Distance Moving Companies Windsor, ON | Atlas Van Lines\",\"isPartOf\":{\"@id\":\"https:\/\/www.atlasvanlines.ca\/#website\"},\"datePublished\":\"2022-09-15T16:48:44+00:00\",\"dateModified\":\"2024-08-27T05:53:59+00:00\",\"description\":\"Looking for a reliable & experienced long distance moving company in Windsor? Atlas Van Lines provides high-quality moving services to residents in this area.\",\"breadcrumb\":{\"@id\":\"https:\/\/www.atlasvanlines.ca\/long-distance-moving-companies-in-windsor-ontario\/#breadcrumb\"},\"inLanguage\":\"fr-CA\",\"potentialAction\":[{\"@type\":\"ReadAction\",\"target\":[\"https:\/\/www.atlasvanlines.ca\/long-distance-moving-companies-in-windsor-ontario\/\"]}]},{\"@type\":\"BreadcrumbList\",\"@id\":\"https:\/\/www.atlasvanlines.ca\/long-distance-moving-companies-in-windsor-ontario\/#breadcrumb\",\"itemListElement\":[{\"@type\":\"ListItem\",\"position\":1,\"name\":\"Home\",\"item\":\"https:\/\/www.atlasvanlines.ca\/\"},{\"@type\":\"ListItem\",\"position\":2,\"name\":\"Long Distance Moving Companies in Windsor Ontario\"}]},{\"@type\":\"WebSite\",\"@id\":\"https:\/\/www.atlasvanlines.ca\/#website\",\"url\":\"https:\/\/www.atlasvanlines.ca\/\",\"name\":\"Local &amp; Long Distance Movers | Atlas Van Lines Canada\",\"description\":\"Just another WordPress site\",\"potentialAction\":[{\"@type\":\"SearchAction\",\"target\":{\"@type\":\"EntryPoint\",\"urlTemplate\":\"https:\/\/www.atlasvanlines.ca\/?s={search_term_string}\"},\"query-input\":{\"@type\":\"PropertyValueSpecification\",\"valueRequired\":true,\"valueName\":\"search_term_string\"}}],\"inLanguage\":\"fr-CA\"}]}<\/script>\n<!-- \/ Yoast SEO plugin. -->","yoast_head_json":{"title":"D\u00e9m\u00e9nageurs longue distance \u00e0 Windsor, Ontario | Atlas Van Lines","description":"Vous recherchez une entreprise de d\u00e9m\u00e9nagement longue distance fiable et exp\u00e9riment\u00e9e \u00e0 Windsor\u00a0? Atlas Van Lines offre des services de d\u00e9m\u00e9nagement de haute qualit\u00e9 aux r\u00e9sidents de la r\u00e9gion.","robots":{"index":"index","follow":"follow","max-snippet":"max-snippet:-1","max-image-preview":"max-image-preview:large","max-video-preview":"max-video-preview:-1"},"canonical":"https:\/\/www.atlasvanlines.ca\/fr\/entreprises-de-demenagement-longue-distance-a-windsor-ontario\/","og_locale":"fr_CA","og_type":"article","og_title":"Long Distance Moving Companies Windsor, ON | Atlas Van Lines","og_description":"Looking for a reliable & experienced long distance moving company in Windsor? Atlas Van Lines provides high-quality moving services to residents in this area.","og_url":"https:\/\/www.atlasvanlines.ca\/fr\/entreprises-de-demenagement-longue-distance-a-windsor-ontario\/","og_site_name":"Local &amp; Long Distance Movers | Atlas Van Lines Canada","article_publisher":"https:\/\/www.facebook.com\/AtlasVanLinesCanada\/","article_modified_time":"2024-08-27T05:53:59+00:00","twitter_card":"summary_large_image","twitter_site":"@atlasvanlinesca","schema":{"@context":"https:\/\/schema.org","@graph":[{"@type":"WebPage","@id":"https:\/\/www.atlasvanlines.ca\/long-distance-moving-companies-in-windsor-ontario\/","url":"https:\/\/www.atlasvanlines.ca\/long-distance-moving-companies-in-windsor-ontario\/","name":"D\u00e9m\u00e9nageurs longue distance \u00e0 Windsor, Ontario | Atlas Van Lines","isPartOf":{"@id":"https:\/\/www.atlasvanlines.ca\/#website"},"datePublished":"2022-09-15T16:48:44+00:00","dateModified":"2024-08-27T05:53:59+00:00","description":"Vous recherchez une entreprise de d\u00e9m\u00e9nagement longue distance fiable et exp\u00e9riment\u00e9e \u00e0 Windsor\u00a0? Atlas Van Lines offre des services de d\u00e9m\u00e9nagement de haute qualit\u00e9 aux r\u00e9sidents de la r\u00e9gion.","breadcrumb":{"@id":"https:\/\/www.atlasvanlines.ca\/long-distance-moving-companies-in-windsor-ontario\/#breadcrumb"},"inLanguage":"fr-CA","potentialAction":[{"@type":"ReadAction","target":["https:\/\/www.atlasvanlines.ca\/long-distance-moving-companies-in-windsor-ontario\/"]}]},{"@type":"BreadcrumbList","@id":"https:\/\/www.atlasvanlines.ca\/long-distance-moving-companies-in-windsor-ontario\/#breadcrumb","itemListElement":[{"@type":"ListItem","position":1,"name":"Home","item":"https:\/\/www.atlasvanlines.ca\/"},{"@type":"ListItem","position":2,"name":"Long Distance Moving Companies in Windsor Ontario"}]},{"@type":"WebSite","@id":"https:\/\/www.atlasvanlines.ca\/#website","url":"https:\/\/www.atlasvanlines.ca\/","name":"D\u00e9m\u00e9nageurs locaux et longue distance | Atlas Van Lines Canada","description":"Juste un autre site WordPress","potentialAction":[{"@type":"SearchAction","target":{"@type":"EntryPoint","urlTemplate":"https:\/\/www.atlasvanlines.ca\/?s={search_term_string}"},"query-input":{"@type":"PropertyValueSpecification","valueRequired":true,"valueName":"search_term_string"}}],"inLanguage":"fr-CA"}]}},"_links":{"self":[{"href":"https:\/\/www.atlasvanlines.ca\/fr\/wp-json\/wp\/v2\/pages\/3471","targetHints":{"allow":["GET"]}}],"collection":[{"href":"https:\/\/www.atlasvanlines.ca\/fr\/wp-json\/wp\/v2\/pages"}],"about":[{"href":"https:\/\/www.atlasvanlines.ca\/fr\/wp-json\/wp\/v2\/types\/page"}],"author":[{"embeddable":true,"href":"https:\/\/www.atlasvanlines.ca\/fr\/wp-json\/wp\/v2\/users\/8"}],"replies":[{"embeddable":true,"href":"https:\/\/www.atlasvanlines.ca\/fr\/wp-json\/wp\/v2\/comments?post=3471"}],"version-history":[{"count":6,"href":"https:\/\/www.atlasvanlines.ca\/fr\/wp-json\/wp\/v2\/pages\/3471\/revisions"}],"predecessor-version":[{"id":8971,"href":"https:\/\/www.atlasvanlines.ca\/fr\/wp-json\/wp\/v2\/pages\/3471\/revisions\/8971"}],"wp:attachment":[{"href":"https:\/\/www.atlasvanlines.ca\/fr\/wp-json\/wp\/v2\/media?parent=3471"}],"curies":[{"name":"wp","href":"https:\/\/api.w.org\/{rel}","templated":true}]}}