{"id":3325,"date":"2022-06-02T09:19:13","date_gmt":"2022-06-02T14:19:13","guid":{"rendered":"https:\/\/www.atlasvanlines.ca\/?page_id=3325"},"modified":"2024-08-26T22:56:54","modified_gmt":"2024-08-27T03:56:54","slug":"demenageurs-longue-distance-le-jour-meme","status":"publish","type":"page","link":"https:\/\/www.atlasvanlines.ca\/fr\/same-day-long-distance-movers\/","title":{"rendered":"D\u00e9m\u00e9nageurs longue distance le jour m\u00eame"},"content":{"rendered":"","protected":false},"excerpt":{"rendered":"","protected":false},"author":8,"featured_media":0,"parent":0,"menu_order":0,"comment_status":"closed","ping_status":"closed","template":"page-with-title-and-moving.php","meta":{"_acf_changed":false,"content-type":"","inline_featured_image":false,"footnotes":""},"class_list":["post-3325","page","type-page","status-publish","hentry"],"acf":[],"yoast_head":"<!-- This site is optimized with the Yoast SEO plugin v27.1.1 - https:\/\/yoast.com\/product\/yoast-seo-wordpress\/ -->\n<title>Same Day Long Distance Movers | Atlas Van Lines<\/title>\n<meta name=\"description\" content=\"Atlas Van Lines is a top-rated long distance moving company that offers same day service. We have a team of experienced movers for you. Contact us today!\" \/>\n<meta name=\"robots\" content=\"index, follow, max-snippet:-1, max-image-preview:large, max-video-preview:-1\" \/>\n<link rel=\"canonical\" href=\"https:\/\/www.atlasvanlines.ca\/fr\/demenageurs-longue-distance-le-jour-meme\/\" \/>\n<meta property=\"og:locale\" content=\"fr_CA\" \/>\n<meta property=\"og:type\" content=\"article\" \/>\n<meta property=\"og:title\" content=\"Same Day Long Distance Movers | Atlas Van Lines\" \/>\n<meta property=\"og:description\" content=\"Atlas Van Lines is a top-rated long distance moving company that offers same day service. We have a team of experienced movers for you. Contact us today!\" \/>\n<meta property=\"og:url\" content=\"https:\/\/www.atlasvanlines.ca\/fr\/demenageurs-longue-distance-le-jour-meme\/\" \/>\n<meta property=\"og:site_name\" content=\"Local &amp; Long Distance Movers | Atlas Van Lines Canada\" \/>\n<meta property=\"article:publisher\" content=\"https:\/\/www.facebook.com\/AtlasVanLinesCanada\/\" \/>\n<meta property=\"article:modified_time\" content=\"2024-08-27T03:56:54+00:00\" \/>\n<meta name=\"twitter:card\" content=\"summary_large_image\" \/>\n<meta name=\"twitter:site\" content=\"@atlasvanlinesca\" \/>\n<script type=\"application\/ld+json\" class=\"yoast-schema-graph\">{\"@context\":\"https:\/\/schema.org\",\"@graph\":[{\"@type\":\"WebPage\",\"@id\":\"https:\/\/www.atlasvanlines.ca\/same-day-long-distance-movers\/\",\"url\":\"https:\/\/www.atlasvanlines.ca\/same-day-long-distance-movers\/\",\"name\":\"Same Day Long Distance Movers | Atlas Van Lines\",\"isPartOf\":{\"@id\":\"https:\/\/www.atlasvanlines.ca\/#website\"},\"datePublished\":\"2022-06-02T14:19:13+00:00\",\"dateModified\":\"2024-08-27T03:56:54+00:00\",\"description\":\"Atlas Van Lines is a top-rated long distance moving company that offers same day service. We have a team of experienced movers for you. Contact us today!\",\"breadcrumb\":{\"@id\":\"https:\/\/www.atlasvanlines.ca\/same-day-long-distance-movers\/#breadcrumb\"},\"inLanguage\":\"fr-CA\",\"potentialAction\":[{\"@type\":\"ReadAction\",\"target\":[\"https:\/\/www.atlasvanlines.ca\/same-day-long-distance-movers\/\"]}]},{\"@type\":\"BreadcrumbList\",\"@id\":\"https:\/\/www.atlasvanlines.ca\/same-day-long-distance-movers\/#breadcrumb\",\"itemListElement\":[{\"@type\":\"ListItem\",\"position\":1,\"name\":\"Home\",\"item\":\"https:\/\/www.atlasvanlines.ca\/\"},{\"@type\":\"ListItem\",\"position\":2,\"name\":\"Same Day Long Distance Movers\"}]},{\"@type\":\"WebSite\",\"@id\":\"https:\/\/www.atlasvanlines.ca\/#website\",\"url\":\"https:\/\/www.atlasvanlines.ca\/\",\"name\":\"Local &amp; Long Distance Movers | Atlas Van Lines Canada\",\"description\":\"Just another WordPress site\",\"potentialAction\":[{\"@type\":\"SearchAction\",\"target\":{\"@type\":\"EntryPoint\",\"urlTemplate\":\"https:\/\/www.atlasvanlines.ca\/?s={search_term_string}\"},\"query-input\":{\"@type\":\"PropertyValueSpecification\",\"valueRequired\":true,\"valueName\":\"search_term_string\"}}],\"inLanguage\":\"fr-CA\"}]}<\/script>\n<!-- \/ Yoast SEO plugin. -->","yoast_head_json":{"title":"D\u00e9m\u00e9nageurs longue distance le jour m\u00eame | Atlas Van Lines","description":"Atlas Van Lines est une entreprise de d\u00e9m\u00e9nagement longue distance de premier ordre qui propose un service le jour m\u00eame. Nous mettons \u00e0 votre disposition une \u00e9quipe de d\u00e9m\u00e9nageurs exp\u00e9riment\u00e9s. Contactez-nous d\u00e8s aujourd&#039;hui\u00a0!","robots":{"index":"index","follow":"follow","max-snippet":"max-snippet:-1","max-image-preview":"max-image-preview:large","max-video-preview":"max-video-preview:-1"},"canonical":"https:\/\/www.atlasvanlines.ca\/fr\/demenageurs-longue-distance-le-jour-meme\/","og_locale":"fr_CA","og_type":"article","og_title":"Same Day Long Distance Movers | Atlas Van Lines","og_description":"Atlas Van Lines is a top-rated long distance moving company that offers same day service. We have a team of experienced movers for you. Contact us today!","og_url":"https:\/\/www.atlasvanlines.ca\/fr\/demenageurs-longue-distance-le-jour-meme\/","og_site_name":"Local &amp; Long Distance Movers | Atlas Van Lines Canada","article_publisher":"https:\/\/www.facebook.com\/AtlasVanLinesCanada\/","article_modified_time":"2024-08-27T03:56:54+00:00","twitter_card":"summary_large_image","twitter_site":"@atlasvanlinesca","schema":{"@context":"https:\/\/schema.org","@graph":[{"@type":"WebPage","@id":"https:\/\/www.atlasvanlines.ca\/same-day-long-distance-movers\/","url":"https:\/\/www.atlasvanlines.ca\/same-day-long-distance-movers\/","name":"D\u00e9m\u00e9nageurs longue distance le jour m\u00eame | Atlas Van Lines","isPartOf":{"@id":"https:\/\/www.atlasvanlines.ca\/#website"},"datePublished":"2022-06-02T14:19:13+00:00","dateModified":"2024-08-27T03:56:54+00:00","description":"Atlas Van Lines est une entreprise de d\u00e9m\u00e9nagement longue distance de premier ordre qui propose un service le jour m\u00eame. Nous mettons \u00e0 votre disposition une \u00e9quipe de d\u00e9m\u00e9nageurs exp\u00e9riment\u00e9s. Contactez-nous d\u00e8s aujourd&#039;hui\u00a0!","breadcrumb":{"@id":"https:\/\/www.atlasvanlines.ca\/same-day-long-distance-movers\/#breadcrumb"},"inLanguage":"fr-CA","potentialAction":[{"@type":"ReadAction","target":["https:\/\/www.atlasvanlines.ca\/same-day-long-distance-movers\/"]}]},{"@type":"BreadcrumbList","@id":"https:\/\/www.atlasvanlines.ca\/same-day-long-distance-movers\/#breadcrumb","itemListElement":[{"@type":"ListItem","position":1,"name":"Home","item":"https:\/\/www.atlasvanlines.ca\/"},{"@type":"ListItem","position":2,"name":"Same Day Long Distance Movers"}]},{"@type":"WebSite","@id":"https:\/\/www.atlasvanlines.ca\/#website","url":"https:\/\/www.atlasvanlines.ca\/","name":"D\u00e9m\u00e9nageurs locaux et longue distance | Atlas Van Lines Canada","description":"Juste un autre site WordPress","potentialAction":[{"@type":"SearchAction","target":{"@type":"EntryPoint","urlTemplate":"https:\/\/www.atlasvanlines.ca\/?s={search_term_string}"},"query-input":{"@type":"PropertyValueSpecification","valueRequired":true,"valueName":"search_term_string"}}],"inLanguage":"fr-CA"}]}},"_links":{"self":[{"href":"https:\/\/www.atlasvanlines.ca\/fr\/wp-json\/wp\/v2\/pages\/3325","targetHints":{"allow":["GET"]}}],"collection":[{"href":"https:\/\/www.atlasvanlines.ca\/fr\/wp-json\/wp\/v2\/pages"}],"about":[{"href":"https:\/\/www.atlasvanlines.ca\/fr\/wp-json\/wp\/v2\/types\/page"}],"author":[{"embeddable":true,"href":"https:\/\/www.atlasvanlines.ca\/fr\/wp-json\/wp\/v2\/users\/8"}],"replies":[{"embeddable":true,"href":"https:\/\/www.atlasvanlines.ca\/fr\/wp-json\/wp\/v2\/comments?post=3325"}],"version-history":[{"count":7,"href":"https:\/\/www.atlasvanlines.ca\/fr\/wp-json\/wp\/v2\/pages\/3325\/revisions"}],"predecessor-version":[{"id":8931,"href":"https:\/\/www.atlasvanlines.ca\/fr\/wp-json\/wp\/v2\/pages\/3325\/revisions\/8931"}],"wp:attachment":[{"href":"https:\/\/www.atlasvanlines.ca\/fr\/wp-json\/wp\/v2\/media?parent=3325"}],"curies":[{"name":"wp","href":"https:\/\/api.w.org\/{rel}","templated":true}]}}