{"id":3304,"date":"2022-06-02T09:18:26","date_gmt":"2022-06-02T14:18:26","guid":{"rendered":"https:\/\/www.atlasvanlines.ca\/?page_id=3304"},"modified":"2024-08-28T13:09:03","modified_gmt":"2024-08-28T18:09:03","slug":"entreprise-de-demenagement-longue-distance-kitchener","status":"publish","type":"page","link":"https:\/\/www.atlasvanlines.ca\/fr\/long-distance-moving-company-kitchener\/","title":{"rendered":"Services de d\u00e9m\u00e9nagement interurbain \u00e0 Kitchener"},"content":{"rendered":"","protected":false},"excerpt":{"rendered":"","protected":false},"author":8,"featured_media":0,"parent":0,"menu_order":0,"comment_status":"closed","ping_status":"closed","template":"page-with-title-and-moving.php","meta":{"_acf_changed":false,"content-type":"","inline_featured_image":false,"footnotes":""},"class_list":["post-3304","page","type-page","status-publish","hentry"],"acf":[],"yoast_head":"<!-- This site is optimized with the Yoast SEO plugin v27.1.1 - https:\/\/yoast.com\/product\/yoast-seo-wordpress\/ -->\n<title>Long Distance Moving Company Kitchener | Atlas Van Lines<\/title>\n<meta name=\"description\" content=\"For moving services in Kitchener, call the experts at Atlas Van Lines. We&#039;re a long-distance moving company focused on suiting your needs. Call today!\" \/>\n<meta name=\"robots\" content=\"index, follow, max-snippet:-1, max-image-preview:large, max-video-preview:-1\" \/>\n<link rel=\"canonical\" href=\"https:\/\/www.atlasvanlines.ca\/fr\/entreprise-de-demenagement-longue-distance-kitchener\/\" \/>\n<meta property=\"og:locale\" content=\"fr_CA\" \/>\n<meta property=\"og:type\" content=\"article\" \/>\n<meta property=\"og:title\" content=\"Long Distance Moving Company Kitchener | Atlas Van Lines\" \/>\n<meta property=\"og:description\" content=\"For moving services in Kitchener, call the experts at Atlas Van Lines. We&#039;re a long-distance moving company focused on suiting your needs. Call today!\" \/>\n<meta property=\"og:url\" content=\"https:\/\/www.atlasvanlines.ca\/fr\/entreprise-de-demenagement-longue-distance-kitchener\/\" \/>\n<meta property=\"og:site_name\" content=\"Local &amp; Long Distance Movers | Atlas Van Lines Canada\" \/>\n<meta property=\"article:publisher\" content=\"https:\/\/www.facebook.com\/AtlasVanLinesCanada\/\" \/>\n<meta property=\"article:modified_time\" content=\"2024-08-28T18:09:03+00:00\" \/>\n<meta name=\"twitter:card\" content=\"summary_large_image\" \/>\n<meta name=\"twitter:site\" content=\"@atlasvanlinesca\" \/>\n<script type=\"application\/ld+json\" class=\"yoast-schema-graph\">{\"@context\":\"https:\/\/schema.org\",\"@graph\":[{\"@type\":\"WebPage\",\"@id\":\"https:\/\/www.atlasvanlines.ca\/long-distance-moving-company-kitchener\/\",\"url\":\"https:\/\/www.atlasvanlines.ca\/long-distance-moving-company-kitchener\/\",\"name\":\"Long Distance Moving Company Kitchener | Atlas Van Lines\",\"isPartOf\":{\"@id\":\"https:\/\/www.atlasvanlines.ca\/#website\"},\"datePublished\":\"2022-06-02T14:18:26+00:00\",\"dateModified\":\"2024-08-28T18:09:03+00:00\",\"description\":\"For moving services in Kitchener, call the experts at Atlas Van Lines. We're a long-distance moving company focused on suiting your needs. Call today!\",\"breadcrumb\":{\"@id\":\"https:\/\/www.atlasvanlines.ca\/long-distance-moving-company-kitchener\/#breadcrumb\"},\"inLanguage\":\"fr-CA\",\"potentialAction\":[{\"@type\":\"ReadAction\",\"target\":[\"https:\/\/www.atlasvanlines.ca\/long-distance-moving-company-kitchener\/\"]}]},{\"@type\":\"BreadcrumbList\",\"@id\":\"https:\/\/www.atlasvanlines.ca\/long-distance-moving-company-kitchener\/#breadcrumb\",\"itemListElement\":[{\"@type\":\"ListItem\",\"position\":1,\"name\":\"Home\",\"item\":\"https:\/\/www.atlasvanlines.ca\/\"},{\"@type\":\"ListItem\",\"position\":2,\"name\":\"Kitchener Long Distance Moving Company Services\"}]},{\"@type\":\"WebSite\",\"@id\":\"https:\/\/www.atlasvanlines.ca\/#website\",\"url\":\"https:\/\/www.atlasvanlines.ca\/\",\"name\":\"Local &amp; Long Distance Movers | Atlas Van Lines Canada\",\"description\":\"Just another WordPress site\",\"potentialAction\":[{\"@type\":\"SearchAction\",\"target\":{\"@type\":\"EntryPoint\",\"urlTemplate\":\"https:\/\/www.atlasvanlines.ca\/?s={search_term_string}\"},\"query-input\":{\"@type\":\"PropertyValueSpecification\",\"valueRequired\":true,\"valueName\":\"search_term_string\"}}],\"inLanguage\":\"fr-CA\"}]}<\/script>\n<!-- \/ Yoast SEO plugin. -->","yoast_head_json":{"title":"D\u00e9m\u00e9nageur longue distance \u00e0 Kitchener | Atlas Van Lines","description":"Pour vos d\u00e9m\u00e9nagements \u00e0 Kitchener, faites appel aux experts d&#039;Atlas Van Lines. Nous sommes une entreprise de d\u00e9m\u00e9nagement longue distance qui s&#039;adapte \u00e0 vos besoins. Appelez-nous d\u00e8s aujourd&#039;hui\u00a0!","robots":{"index":"index","follow":"follow","max-snippet":"max-snippet:-1","max-image-preview":"max-image-preview:large","max-video-preview":"max-video-preview:-1"},"canonical":"https:\/\/www.atlasvanlines.ca\/fr\/entreprise-de-demenagement-longue-distance-kitchener\/","og_locale":"fr_CA","og_type":"article","og_title":"Long Distance Moving Company Kitchener | Atlas Van Lines","og_description":"For moving services in Kitchener, call the experts at Atlas Van Lines. We're a long-distance moving company focused on suiting your needs. Call today!","og_url":"https:\/\/www.atlasvanlines.ca\/fr\/entreprise-de-demenagement-longue-distance-kitchener\/","og_site_name":"Local &amp; Long Distance Movers | Atlas Van Lines Canada","article_publisher":"https:\/\/www.facebook.com\/AtlasVanLinesCanada\/","article_modified_time":"2024-08-28T18:09:03+00:00","twitter_card":"summary_large_image","twitter_site":"@atlasvanlinesca","schema":{"@context":"https:\/\/schema.org","@graph":[{"@type":"WebPage","@id":"https:\/\/www.atlasvanlines.ca\/long-distance-moving-company-kitchener\/","url":"https:\/\/www.atlasvanlines.ca\/long-distance-moving-company-kitchener\/","name":"D\u00e9m\u00e9nageur longue distance \u00e0 Kitchener | Atlas Van Lines","isPartOf":{"@id":"https:\/\/www.atlasvanlines.ca\/#website"},"datePublished":"2022-06-02T14:18:26+00:00","dateModified":"2024-08-28T18:09:03+00:00","description":"Pour vos d\u00e9m\u00e9nagements \u00e0 Kitchener, faites appel aux experts d&#039;Atlas Van Lines. Nous sommes une entreprise de d\u00e9m\u00e9nagement longue distance qui s&#039;adapte \u00e0 vos besoins. Appelez-nous d\u00e8s aujourd&#039;hui\u00a0!","breadcrumb":{"@id":"https:\/\/www.atlasvanlines.ca\/long-distance-moving-company-kitchener\/#breadcrumb"},"inLanguage":"fr-CA","potentialAction":[{"@type":"ReadAction","target":["https:\/\/www.atlasvanlines.ca\/long-distance-moving-company-kitchener\/"]}]},{"@type":"BreadcrumbList","@id":"https:\/\/www.atlasvanlines.ca\/long-distance-moving-company-kitchener\/#breadcrumb","itemListElement":[{"@type":"ListItem","position":1,"name":"Home","item":"https:\/\/www.atlasvanlines.ca\/"},{"@type":"ListItem","position":2,"name":"Kitchener Long Distance Moving Company Services"}]},{"@type":"WebSite","@id":"https:\/\/www.atlasvanlines.ca\/#website","url":"https:\/\/www.atlasvanlines.ca\/","name":"D\u00e9m\u00e9nageurs locaux et longue distance | Atlas Van Lines Canada","description":"Juste un autre site WordPress","potentialAction":[{"@type":"SearchAction","target":{"@type":"EntryPoint","urlTemplate":"https:\/\/www.atlasvanlines.ca\/?s={search_term_string}"},"query-input":{"@type":"PropertyValueSpecification","valueRequired":true,"valueName":"search_term_string"}}],"inLanguage":"fr-CA"}]}},"_links":{"self":[{"href":"https:\/\/www.atlasvanlines.ca\/fr\/wp-json\/wp\/v2\/pages\/3304","targetHints":{"allow":["GET"]}}],"collection":[{"href":"https:\/\/www.atlasvanlines.ca\/fr\/wp-json\/wp\/v2\/pages"}],"about":[{"href":"https:\/\/www.atlasvanlines.ca\/fr\/wp-json\/wp\/v2\/types\/page"}],"author":[{"embeddable":true,"href":"https:\/\/www.atlasvanlines.ca\/fr\/wp-json\/wp\/v2\/users\/8"}],"replies":[{"embeddable":true,"href":"https:\/\/www.atlasvanlines.ca\/fr\/wp-json\/wp\/v2\/comments?post=3304"}],"version-history":[{"count":7,"href":"https:\/\/www.atlasvanlines.ca\/fr\/wp-json\/wp\/v2\/pages\/3304\/revisions"}],"predecessor-version":[{"id":9010,"href":"https:\/\/www.atlasvanlines.ca\/fr\/wp-json\/wp\/v2\/pages\/3304\/revisions\/9010"}],"wp:attachment":[{"href":"https:\/\/www.atlasvanlines.ca\/fr\/wp-json\/wp\/v2\/media?parent=3304"}],"curies":[{"name":"wp","href":"https:\/\/api.w.org\/{rel}","templated":true}]}}