{"id":3299,"date":"2022-06-02T09:17:32","date_gmt":"2022-06-02T14:17:32","guid":{"rendered":"https:\/\/www.atlasvanlines.ca\/?page_id=3299"},"modified":"2024-09-10T07:25:25","modified_gmt":"2024-09-10T12:25:25","slug":"entreprise-de-demenagement-longue-distance-a-richmond","status":"publish","type":"page","link":"https:\/\/www.atlasvanlines.ca\/fr\/long-distance-moving-company-richmond\/","title":{"rendered":"Services de d\u00e9m\u00e9nagement interurbain \u00e0 Richmond"},"content":{"rendered":"","protected":false},"excerpt":{"rendered":"","protected":false},"author":8,"featured_media":0,"parent":0,"menu_order":0,"comment_status":"closed","ping_status":"closed","template":"page-with-title-and-moving.php","meta":{"_acf_changed":false,"content-type":"","inline_featured_image":false,"footnotes":""},"class_list":["post-3299","page","type-page","status-publish","hentry"],"acf":[],"yoast_head":"<!-- This site is optimized with the Yoast SEO plugin v27.1.1 - https:\/\/yoast.com\/product\/yoast-seo-wordpress\/ -->\n<title>Long Distance Moving Company Richmond | Atlas Van Lines<\/title>\n<meta name=\"description\" content=\"If you&#039;re looking for a long-distance moving company in Richmond, Atlas Van Lines is here to help with your moving needs. Call us today for a free estimate!\" \/>\n<meta name=\"robots\" content=\"index, follow, max-snippet:-1, max-image-preview:large, max-video-preview:-1\" \/>\n<link rel=\"canonical\" href=\"https:\/\/www.atlasvanlines.ca\/fr\/entreprise-de-demenagement-longue-distance-a-richmond\/\" \/>\n<meta property=\"og:locale\" content=\"fr_CA\" \/>\n<meta property=\"og:type\" content=\"article\" \/>\n<meta property=\"og:title\" content=\"Long Distance Moving Company Richmond | Atlas Van Lines\" \/>\n<meta property=\"og:description\" content=\"If you&#039;re looking for a long-distance moving company in Richmond, Atlas Van Lines is here to help with your moving needs. Call us today for a free estimate!\" \/>\n<meta property=\"og:url\" content=\"https:\/\/www.atlasvanlines.ca\/fr\/entreprise-de-demenagement-longue-distance-a-richmond\/\" \/>\n<meta property=\"og:site_name\" content=\"Local &amp; Long Distance Movers | Atlas Van Lines Canada\" \/>\n<meta property=\"article:publisher\" content=\"https:\/\/www.facebook.com\/AtlasVanLinesCanada\/\" \/>\n<meta property=\"article:modified_time\" content=\"2024-09-10T12:25:25+00:00\" \/>\n<meta name=\"twitter:card\" content=\"summary_large_image\" \/>\n<meta name=\"twitter:site\" content=\"@atlasvanlinesca\" \/>\n<script type=\"application\/ld+json\" class=\"yoast-schema-graph\">{\"@context\":\"https:\/\/schema.org\",\"@graph\":[{\"@type\":\"WebPage\",\"@id\":\"https:\/\/www.atlasvanlines.ca\/long-distance-moving-company-richmond\/\",\"url\":\"https:\/\/www.atlasvanlines.ca\/long-distance-moving-company-richmond\/\",\"name\":\"Long Distance Moving Company Richmond | Atlas Van Lines\",\"isPartOf\":{\"@id\":\"https:\/\/www.atlasvanlines.ca\/#website\"},\"datePublished\":\"2022-06-02T14:17:32+00:00\",\"dateModified\":\"2024-09-10T12:25:25+00:00\",\"description\":\"If you're looking for a long-distance moving company in Richmond, Atlas Van Lines is here to help with your moving needs. Call us today for a free estimate!\",\"breadcrumb\":{\"@id\":\"https:\/\/www.atlasvanlines.ca\/long-distance-moving-company-richmond\/#breadcrumb\"},\"inLanguage\":\"fr-CA\",\"potentialAction\":[{\"@type\":\"ReadAction\",\"target\":[\"https:\/\/www.atlasvanlines.ca\/long-distance-moving-company-richmond\/\"]}]},{\"@type\":\"BreadcrumbList\",\"@id\":\"https:\/\/www.atlasvanlines.ca\/long-distance-moving-company-richmond\/#breadcrumb\",\"itemListElement\":[{\"@type\":\"ListItem\",\"position\":1,\"name\":\"Home\",\"item\":\"https:\/\/www.atlasvanlines.ca\/\"},{\"@type\":\"ListItem\",\"position\":2,\"name\":\"Richmond Long Distance Moving Company Services\"}]},{\"@type\":\"WebSite\",\"@id\":\"https:\/\/www.atlasvanlines.ca\/#website\",\"url\":\"https:\/\/www.atlasvanlines.ca\/\",\"name\":\"Local &amp; Long Distance Movers | Atlas Van Lines Canada\",\"description\":\"Just another WordPress site\",\"potentialAction\":[{\"@type\":\"SearchAction\",\"target\":{\"@type\":\"EntryPoint\",\"urlTemplate\":\"https:\/\/www.atlasvanlines.ca\/?s={search_term_string}\"},\"query-input\":{\"@type\":\"PropertyValueSpecification\",\"valueRequired\":true,\"valueName\":\"search_term_string\"}}],\"inLanguage\":\"fr-CA\"}]}<\/script>\n<!-- \/ Yoast SEO plugin. -->","yoast_head_json":{"title":"D\u00e9m\u00e9nageur longue distance \u00e0 Richmond | Atlas Van Lines","description":"Si vous cherchez une entreprise de d\u00e9m\u00e9nagement longue distance \u00e0 Richmond, Atlas Van Lines est l\u00e0 pour vous aider. Appelez-nous d\u00e8s aujourd&#039;hui pour un devis gratuit\u00a0!","robots":{"index":"index","follow":"follow","max-snippet":"max-snippet:-1","max-image-preview":"max-image-preview:large","max-video-preview":"max-video-preview:-1"},"canonical":"https:\/\/www.atlasvanlines.ca\/fr\/entreprise-de-demenagement-longue-distance-a-richmond\/","og_locale":"fr_CA","og_type":"article","og_title":"Long Distance Moving Company Richmond | Atlas Van Lines","og_description":"If you're looking for a long-distance moving company in Richmond, Atlas Van Lines is here to help with your moving needs. Call us today for a free estimate!","og_url":"https:\/\/www.atlasvanlines.ca\/fr\/entreprise-de-demenagement-longue-distance-a-richmond\/","og_site_name":"Local &amp; Long Distance Movers | Atlas Van Lines Canada","article_publisher":"https:\/\/www.facebook.com\/AtlasVanLinesCanada\/","article_modified_time":"2024-09-10T12:25:25+00:00","twitter_card":"summary_large_image","twitter_site":"@atlasvanlinesca","schema":{"@context":"https:\/\/schema.org","@graph":[{"@type":"WebPage","@id":"https:\/\/www.atlasvanlines.ca\/long-distance-moving-company-richmond\/","url":"https:\/\/www.atlasvanlines.ca\/long-distance-moving-company-richmond\/","name":"D\u00e9m\u00e9nageur longue distance \u00e0 Richmond | Atlas Van Lines","isPartOf":{"@id":"https:\/\/www.atlasvanlines.ca\/#website"},"datePublished":"2022-06-02T14:17:32+00:00","dateModified":"2024-09-10T12:25:25+00:00","description":"Si vous cherchez une entreprise de d\u00e9m\u00e9nagement longue distance \u00e0 Richmond, Atlas Van Lines est l\u00e0 pour vous aider. Appelez-nous d\u00e8s aujourd&#039;hui pour un devis gratuit\u00a0!","breadcrumb":{"@id":"https:\/\/www.atlasvanlines.ca\/long-distance-moving-company-richmond\/#breadcrumb"},"inLanguage":"fr-CA","potentialAction":[{"@type":"ReadAction","target":["https:\/\/www.atlasvanlines.ca\/long-distance-moving-company-richmond\/"]}]},{"@type":"BreadcrumbList","@id":"https:\/\/www.atlasvanlines.ca\/long-distance-moving-company-richmond\/#breadcrumb","itemListElement":[{"@type":"ListItem","position":1,"name":"Home","item":"https:\/\/www.atlasvanlines.ca\/"},{"@type":"ListItem","position":2,"name":"Richmond Long Distance Moving Company Services"}]},{"@type":"WebSite","@id":"https:\/\/www.atlasvanlines.ca\/#website","url":"https:\/\/www.atlasvanlines.ca\/","name":"D\u00e9m\u00e9nageurs locaux et longue distance | Atlas Van Lines Canada","description":"Juste un autre site WordPress","potentialAction":[{"@type":"SearchAction","target":{"@type":"EntryPoint","urlTemplate":"https:\/\/www.atlasvanlines.ca\/?s={search_term_string}"},"query-input":{"@type":"PropertyValueSpecification","valueRequired":true,"valueName":"search_term_string"}}],"inLanguage":"fr-CA"}]}},"_links":{"self":[{"href":"https:\/\/www.atlasvanlines.ca\/fr\/wp-json\/wp\/v2\/pages\/3299","targetHints":{"allow":["GET"]}}],"collection":[{"href":"https:\/\/www.atlasvanlines.ca\/fr\/wp-json\/wp\/v2\/pages"}],"about":[{"href":"https:\/\/www.atlasvanlines.ca\/fr\/wp-json\/wp\/v2\/types\/page"}],"author":[{"embeddable":true,"href":"https:\/\/www.atlasvanlines.ca\/fr\/wp-json\/wp\/v2\/users\/8"}],"replies":[{"embeddable":true,"href":"https:\/\/www.atlasvanlines.ca\/fr\/wp-json\/wp\/v2\/comments?post=3299"}],"version-history":[{"count":11,"href":"https:\/\/www.atlasvanlines.ca\/fr\/wp-json\/wp\/v2\/pages\/3299\/revisions"}],"predecessor-version":[{"id":9183,"href":"https:\/\/www.atlasvanlines.ca\/fr\/wp-json\/wp\/v2\/pages\/3299\/revisions\/9183"}],"wp:attachment":[{"href":"https:\/\/www.atlasvanlines.ca\/fr\/wp-json\/wp\/v2\/media?parent=3299"}],"curies":[{"name":"wp","href":"https:\/\/api.w.org\/{rel}","templated":true}]}}