{"id":3281,"date":"2022-03-30T14:15:57","date_gmt":"2022-03-30T19:15:57","guid":{"rendered":"https:\/\/www.atlasvanlines.ca\/?page_id=3281"},"modified":"2024-08-30T10:38:52","modified_gmt":"2024-08-30T15:38:52","slug":"entreprise-de-demenagement-de-kamloops","status":"publish","type":"page","link":"https:\/\/www.atlasvanlines.ca\/fr\/kamloops-moving-company\/","title":{"rendered":"Services de d\u00e9m\u00e9nagement \u00e0 Kamloops"},"content":{"rendered":"","protected":false},"excerpt":{"rendered":"","protected":false},"author":8,"featured_media":0,"parent":0,"menu_order":0,"comment_status":"closed","ping_status":"closed","template":"page-with-title-and-moving.php","meta":{"_acf_changed":false,"content-type":"","inline_featured_image":false,"footnotes":""},"class_list":["post-3281","page","type-page","status-publish","hentry"],"acf":[],"yoast_head":"<!-- This site is optimized with the Yoast SEO plugin v27.1.1 - https:\/\/yoast.com\/product\/yoast-seo-wordpress\/ -->\n<title>Kamloops Moving Company Services | Atlas Van Lines<\/title>\n<meta name=\"description\" content=\"Looking for a Kamloops moving company services? Discover how Atlas Van Lines can be the perfect choice for you. Read to learn more about it today.\" \/>\n<meta name=\"robots\" content=\"index, follow, max-snippet:-1, max-image-preview:large, max-video-preview:-1\" \/>\n<link rel=\"canonical\" href=\"https:\/\/www.atlasvanlines.ca\/fr\/entreprise-de-demenagement-de-kamloops\/\" \/>\n<meta property=\"og:locale\" content=\"fr_CA\" \/>\n<meta property=\"og:type\" content=\"article\" \/>\n<meta property=\"og:title\" content=\"Kamloops Moving Company Services | Atlas Van Lines\" \/>\n<meta property=\"og:description\" content=\"Looking for a Kamloops moving company services? Discover how Atlas Van Lines can be the perfect choice for you. Read to learn more about it today.\" \/>\n<meta property=\"og:url\" content=\"https:\/\/www.atlasvanlines.ca\/fr\/entreprise-de-demenagement-de-kamloops\/\" \/>\n<meta property=\"og:site_name\" content=\"Local &amp; Long Distance Movers | Atlas Van Lines Canada\" \/>\n<meta property=\"article:publisher\" content=\"https:\/\/www.facebook.com\/AtlasVanLinesCanada\/\" \/>\n<meta property=\"article:modified_time\" content=\"2024-08-30T15:38:52+00:00\" \/>\n<meta name=\"twitter:card\" content=\"summary_large_image\" \/>\n<meta name=\"twitter:site\" content=\"@atlasvanlinesca\" \/>\n<script type=\"application\/ld+json\" class=\"yoast-schema-graph\">{\"@context\":\"https:\/\/schema.org\",\"@graph\":[{\"@type\":\"WebPage\",\"@id\":\"https:\/\/www.atlasvanlines.ca\/kamloops-moving-company\/\",\"url\":\"https:\/\/www.atlasvanlines.ca\/kamloops-moving-company\/\",\"name\":\"Kamloops Moving Company Services | Atlas Van Lines\",\"isPartOf\":{\"@id\":\"https:\/\/www.atlasvanlines.ca\/#website\"},\"datePublished\":\"2022-03-30T19:15:57+00:00\",\"dateModified\":\"2024-08-30T15:38:52+00:00\",\"description\":\"Looking for a Kamloops moving company services? Discover how Atlas Van Lines can be the perfect choice for you. Read to learn more about it today.\",\"breadcrumb\":{\"@id\":\"https:\/\/www.atlasvanlines.ca\/kamloops-moving-company\/#breadcrumb\"},\"inLanguage\":\"fr-CA\",\"potentialAction\":[{\"@type\":\"ReadAction\",\"target\":[\"https:\/\/www.atlasvanlines.ca\/kamloops-moving-company\/\"]}]},{\"@type\":\"BreadcrumbList\",\"@id\":\"https:\/\/www.atlasvanlines.ca\/kamloops-moving-company\/#breadcrumb\",\"itemListElement\":[{\"@type\":\"ListItem\",\"position\":1,\"name\":\"Home\",\"item\":\"https:\/\/www.atlasvanlines.ca\/\"},{\"@type\":\"ListItem\",\"position\":2,\"name\":\"Kamloops Moving Company Services\"}]},{\"@type\":\"WebSite\",\"@id\":\"https:\/\/www.atlasvanlines.ca\/#website\",\"url\":\"https:\/\/www.atlasvanlines.ca\/\",\"name\":\"Local &amp; Long Distance Movers | Atlas Van Lines Canada\",\"description\":\"Just another WordPress site\",\"potentialAction\":[{\"@type\":\"SearchAction\",\"target\":{\"@type\":\"EntryPoint\",\"urlTemplate\":\"https:\/\/www.atlasvanlines.ca\/?s={search_term_string}\"},\"query-input\":{\"@type\":\"PropertyValueSpecification\",\"valueRequired\":true,\"valueName\":\"search_term_string\"}}],\"inLanguage\":\"fr-CA\"}]}<\/script>\n<!-- \/ Yoast SEO plugin. -->","yoast_head_json":{"title":"Services de d\u00e9m\u00e9nagement \u00e0 Kamloops | Atlas Van Lines","description":"Vous cherchez un service de d\u00e9m\u00e9nagement \u00e0 Kamloops\u00a0? D\u00e9couvrez pourquoi Atlas Van Lines est le choix id\u00e9al pour vous. Poursuivez votre lecture pour en savoir plus.","robots":{"index":"index","follow":"follow","max-snippet":"max-snippet:-1","max-image-preview":"max-image-preview:large","max-video-preview":"max-video-preview:-1"},"canonical":"https:\/\/www.atlasvanlines.ca\/fr\/entreprise-de-demenagement-de-kamloops\/","og_locale":"fr_CA","og_type":"article","og_title":"Kamloops Moving Company Services | Atlas Van Lines","og_description":"Looking for a Kamloops moving company services? Discover how Atlas Van Lines can be the perfect choice for you. Read to learn more about it today.","og_url":"https:\/\/www.atlasvanlines.ca\/fr\/entreprise-de-demenagement-de-kamloops\/","og_site_name":"Local &amp; Long Distance Movers | Atlas Van Lines Canada","article_publisher":"https:\/\/www.facebook.com\/AtlasVanLinesCanada\/","article_modified_time":"2024-08-30T15:38:52+00:00","twitter_card":"summary_large_image","twitter_site":"@atlasvanlinesca","schema":{"@context":"https:\/\/schema.org","@graph":[{"@type":"WebPage","@id":"https:\/\/www.atlasvanlines.ca\/kamloops-moving-company\/","url":"https:\/\/www.atlasvanlines.ca\/kamloops-moving-company\/","name":"Services de d\u00e9m\u00e9nagement \u00e0 Kamloops | Atlas Van Lines","isPartOf":{"@id":"https:\/\/www.atlasvanlines.ca\/#website"},"datePublished":"2022-03-30T19:15:57+00:00","dateModified":"2024-08-30T15:38:52+00:00","description":"Vous cherchez un service de d\u00e9m\u00e9nagement \u00e0 Kamloops\u00a0? D\u00e9couvrez pourquoi Atlas Van Lines est le choix id\u00e9al pour vous. Poursuivez votre lecture pour en savoir plus.","breadcrumb":{"@id":"https:\/\/www.atlasvanlines.ca\/kamloops-moving-company\/#breadcrumb"},"inLanguage":"fr-CA","potentialAction":[{"@type":"ReadAction","target":["https:\/\/www.atlasvanlines.ca\/kamloops-moving-company\/"]}]},{"@type":"BreadcrumbList","@id":"https:\/\/www.atlasvanlines.ca\/kamloops-moving-company\/#breadcrumb","itemListElement":[{"@type":"ListItem","position":1,"name":"Home","item":"https:\/\/www.atlasvanlines.ca\/"},{"@type":"ListItem","position":2,"name":"Kamloops Moving Company Services"}]},{"@type":"WebSite","@id":"https:\/\/www.atlasvanlines.ca\/#website","url":"https:\/\/www.atlasvanlines.ca\/","name":"D\u00e9m\u00e9nageurs locaux et longue distance | Atlas Van Lines Canada","description":"Juste un autre site WordPress","potentialAction":[{"@type":"SearchAction","target":{"@type":"EntryPoint","urlTemplate":"https:\/\/www.atlasvanlines.ca\/?s={search_term_string}"},"query-input":{"@type":"PropertyValueSpecification","valueRequired":true,"valueName":"search_term_string"}}],"inLanguage":"fr-CA"}]}},"_links":{"self":[{"href":"https:\/\/www.atlasvanlines.ca\/fr\/wp-json\/wp\/v2\/pages\/3281","targetHints":{"allow":["GET"]}}],"collection":[{"href":"https:\/\/www.atlasvanlines.ca\/fr\/wp-json\/wp\/v2\/pages"}],"about":[{"href":"https:\/\/www.atlasvanlines.ca\/fr\/wp-json\/wp\/v2\/types\/page"}],"author":[{"embeddable":true,"href":"https:\/\/www.atlasvanlines.ca\/fr\/wp-json\/wp\/v2\/users\/8"}],"replies":[{"embeddable":true,"href":"https:\/\/www.atlasvanlines.ca\/fr\/wp-json\/wp\/v2\/comments?post=3281"}],"version-history":[{"count":5,"href":"https:\/\/www.atlasvanlines.ca\/fr\/wp-json\/wp\/v2\/pages\/3281\/revisions"}],"predecessor-version":[{"id":9055,"href":"https:\/\/www.atlasvanlines.ca\/fr\/wp-json\/wp\/v2\/pages\/3281\/revisions\/9055"}],"wp:attachment":[{"href":"https:\/\/www.atlasvanlines.ca\/fr\/wp-json\/wp\/v2\/media?parent=3281"}],"curies":[{"name":"wp","href":"https:\/\/api.w.org\/{rel}","templated":true}]}}