{"id":3192,"date":"2021-12-10T10:49:45","date_gmt":"2021-12-10T15:49:45","guid":{"rendered":"https:\/\/www.atlasvanlines.ca\/?page_id=3192"},"modified":"2023-09-08T16:36:57","modified_gmt":"2023-09-08T21:36:57","slug":"calculateur-de-frais-de-demenagement-au-canada","status":"publish","type":"page","link":"https:\/\/www.atlasvanlines.ca\/fr\/moving-cost-calculator-canada\/","title":{"rendered":"Calculateur de frais de d\u00e9m\u00e9nagement Canada"},"content":{"rendered":"","protected":false},"excerpt":{"rendered":"","protected":false},"author":8,"featured_media":0,"parent":0,"menu_order":0,"comment_status":"closed","ping_status":"closed","template":"","meta":{"_acf_changed":false,"content-type":"","inline_featured_image":false,"footnotes":""},"class_list":["post-3192","page","type-page","status-publish","hentry"],"acf":[],"yoast_head":"<!-- This site is optimized with the Yoast SEO plugin v27.1.1 - https:\/\/yoast.com\/product\/yoast-seo-wordpress\/ -->\n<title>Moving Cost Calculator Canada | Atlas Van Lines<\/title>\n<meta name=\"description\" content=\"Are you looking for a moving cost calculator in Canada? Get an instant moving quote from Atlas Van Lines Canada. Call now or fill out the form.\" \/>\n<meta name=\"robots\" content=\"index, follow, max-snippet:-1, max-image-preview:large, max-video-preview:-1\" \/>\n<link rel=\"canonical\" href=\"https:\/\/www.atlasvanlines.ca\/fr\/calculateur-de-frais-de-demenagement-au-canada\/\" \/>\n<meta property=\"og:locale\" content=\"fr_CA\" \/>\n<meta property=\"og:type\" content=\"article\" \/>\n<meta property=\"og:title\" content=\"Moving Cost Calculator Canada | Atlas Van Lines\" \/>\n<meta property=\"og:description\" content=\"Are you looking for a moving cost calculator in Canada? Get an instant moving quote from Atlas Van Lines Canada. Call now or fill out the form.\" \/>\n<meta property=\"og:url\" content=\"https:\/\/www.atlasvanlines.ca\/fr\/calculateur-de-frais-de-demenagement-au-canada\/\" \/>\n<meta property=\"og:site_name\" content=\"Local &amp; Long Distance Movers | Atlas Van Lines Canada\" \/>\n<meta property=\"article:publisher\" content=\"https:\/\/www.facebook.com\/AtlasVanLinesCanada\/\" \/>\n<meta property=\"article:modified_time\" content=\"2023-09-08T21:36:57+00:00\" \/>\n<meta name=\"twitter:card\" content=\"summary_large_image\" \/>\n<meta name=\"twitter:site\" content=\"@atlasvanlinesca\" \/>\n<script type=\"application\/ld+json\" class=\"yoast-schema-graph\">{\"@context\":\"https:\/\/schema.org\",\"@graph\":[{\"@type\":\"WebPage\",\"@id\":\"https:\/\/www.atlasvanlines.ca\/moving-cost-calculator-canada\/\",\"url\":\"https:\/\/www.atlasvanlines.ca\/moving-cost-calculator-canada\/\",\"name\":\"Moving Cost Calculator Canada | Atlas Van Lines\",\"isPartOf\":{\"@id\":\"https:\/\/www.atlasvanlines.ca\/#website\"},\"datePublished\":\"2021-12-10T15:49:45+00:00\",\"dateModified\":\"2023-09-08T21:36:57+00:00\",\"description\":\"Are you looking for a moving cost calculator in Canada? Get an instant moving quote from Atlas Van Lines Canada. Call now or fill out the form.\",\"breadcrumb\":{\"@id\":\"https:\/\/www.atlasvanlines.ca\/moving-cost-calculator-canada\/#breadcrumb\"},\"inLanguage\":\"fr-CA\",\"potentialAction\":[{\"@type\":\"ReadAction\",\"target\":[\"https:\/\/www.atlasvanlines.ca\/moving-cost-calculator-canada\/\"]}]},{\"@type\":\"BreadcrumbList\",\"@id\":\"https:\/\/www.atlasvanlines.ca\/moving-cost-calculator-canada\/#breadcrumb\",\"itemListElement\":[{\"@type\":\"ListItem\",\"position\":1,\"name\":\"Home\",\"item\":\"https:\/\/www.atlasvanlines.ca\/\"},{\"@type\":\"ListItem\",\"position\":2,\"name\":\"Moving Cost Calculator Canada\"}]},{\"@type\":\"WebSite\",\"@id\":\"https:\/\/www.atlasvanlines.ca\/#website\",\"url\":\"https:\/\/www.atlasvanlines.ca\/\",\"name\":\"Local &amp; Long Distance Movers | Atlas Van Lines Canada\",\"description\":\"Just another WordPress site\",\"potentialAction\":[{\"@type\":\"SearchAction\",\"target\":{\"@type\":\"EntryPoint\",\"urlTemplate\":\"https:\/\/www.atlasvanlines.ca\/?s={search_term_string}\"},\"query-input\":{\"@type\":\"PropertyValueSpecification\",\"valueRequired\":true,\"valueName\":\"search_term_string\"}}],\"inLanguage\":\"fr-CA\"}]}<\/script>\n<!-- \/ Yoast SEO plugin. -->","yoast_head_json":{"title":"Calculateur de frais de d\u00e9m\u00e9nagement au Canada | Atlas Van Lines","description":"Vous cherchez un calculateur de co\u00fbts de d\u00e9m\u00e9nagement au Canada\u00a0? Obtenez un devis instantan\u00e9 aupr\u00e8s d&#039;Atlas Van Lines Canada. Appelez-nous d\u00e8s maintenant ou remplissez le formulaire.","robots":{"index":"index","follow":"follow","max-snippet":"max-snippet:-1","max-image-preview":"max-image-preview:large","max-video-preview":"max-video-preview:-1"},"canonical":"https:\/\/www.atlasvanlines.ca\/fr\/calculateur-de-frais-de-demenagement-au-canada\/","og_locale":"fr_CA","og_type":"article","og_title":"Moving Cost Calculator Canada | Atlas Van Lines","og_description":"Are you looking for a moving cost calculator in Canada? Get an instant moving quote from Atlas Van Lines Canada. Call now or fill out the form.","og_url":"https:\/\/www.atlasvanlines.ca\/fr\/calculateur-de-frais-de-demenagement-au-canada\/","og_site_name":"Local &amp; Long Distance Movers | Atlas Van Lines Canada","article_publisher":"https:\/\/www.facebook.com\/AtlasVanLinesCanada\/","article_modified_time":"2023-09-08T21:36:57+00:00","twitter_card":"summary_large_image","twitter_site":"@atlasvanlinesca","schema":{"@context":"https:\/\/schema.org","@graph":[{"@type":"WebPage","@id":"https:\/\/www.atlasvanlines.ca\/moving-cost-calculator-canada\/","url":"https:\/\/www.atlasvanlines.ca\/moving-cost-calculator-canada\/","name":"Calculateur de frais de d\u00e9m\u00e9nagement au Canada | Atlas Van Lines","isPartOf":{"@id":"https:\/\/www.atlasvanlines.ca\/#website"},"datePublished":"2021-12-10T15:49:45+00:00","dateModified":"2023-09-08T21:36:57+00:00","description":"Vous cherchez un calculateur de co\u00fbts de d\u00e9m\u00e9nagement au Canada\u00a0? Obtenez un devis instantan\u00e9 aupr\u00e8s d&#039;Atlas Van Lines Canada. Appelez-nous d\u00e8s maintenant ou remplissez le formulaire.","breadcrumb":{"@id":"https:\/\/www.atlasvanlines.ca\/moving-cost-calculator-canada\/#breadcrumb"},"inLanguage":"fr-CA","potentialAction":[{"@type":"ReadAction","target":["https:\/\/www.atlasvanlines.ca\/moving-cost-calculator-canada\/"]}]},{"@type":"BreadcrumbList","@id":"https:\/\/www.atlasvanlines.ca\/moving-cost-calculator-canada\/#breadcrumb","itemListElement":[{"@type":"ListItem","position":1,"name":"Home","item":"https:\/\/www.atlasvanlines.ca\/"},{"@type":"ListItem","position":2,"name":"Moving Cost Calculator Canada"}]},{"@type":"WebSite","@id":"https:\/\/www.atlasvanlines.ca\/#website","url":"https:\/\/www.atlasvanlines.ca\/","name":"D\u00e9m\u00e9nageurs locaux et longue distance | Atlas Van Lines Canada","description":"Juste un autre site WordPress","potentialAction":[{"@type":"SearchAction","target":{"@type":"EntryPoint","urlTemplate":"https:\/\/www.atlasvanlines.ca\/?s={search_term_string}"},"query-input":{"@type":"PropertyValueSpecification","valueRequired":true,"valueName":"search_term_string"}}],"inLanguage":"fr-CA"}]}},"_links":{"self":[{"href":"https:\/\/www.atlasvanlines.ca\/fr\/wp-json\/wp\/v2\/pages\/3192","targetHints":{"allow":["GET"]}}],"collection":[{"href":"https:\/\/www.atlasvanlines.ca\/fr\/wp-json\/wp\/v2\/pages"}],"about":[{"href":"https:\/\/www.atlasvanlines.ca\/fr\/wp-json\/wp\/v2\/types\/page"}],"author":[{"embeddable":true,"href":"https:\/\/www.atlasvanlines.ca\/fr\/wp-json\/wp\/v2\/users\/8"}],"replies":[{"embeddable":true,"href":"https:\/\/www.atlasvanlines.ca\/fr\/wp-json\/wp\/v2\/comments?post=3192"}],"version-history":[{"count":2,"href":"https:\/\/www.atlasvanlines.ca\/fr\/wp-json\/wp\/v2\/pages\/3192\/revisions"}],"predecessor-version":[{"id":3764,"href":"https:\/\/www.atlasvanlines.ca\/fr\/wp-json\/wp\/v2\/pages\/3192\/revisions\/3764"}],"wp:attachment":[{"href":"https:\/\/www.atlasvanlines.ca\/fr\/wp-json\/wp\/v2\/media?parent=3192"}],"curies":[{"name":"wp","href":"https:\/\/api.w.org\/{rel}","templated":true}]}}