{"id":3182,"date":"2021-12-10T11:00:54","date_gmt":"2021-12-10T16:00:54","guid":{"rendered":"https:\/\/www.atlasvanlines.ca\/?page_id=3182"},"modified":"2024-09-10T06:55:52","modified_gmt":"2024-09-10T11:55:52","slug":"demenagement-de-lalberta-a-terre-neuve","status":"publish","type":"page","link":"https:\/\/www.atlasvanlines.ca\/fr\/moving-from-alberta-to-newfoundland\/","title":{"rendered":"D\u00e9m\u00e9nager de l&#039;Alberta \u00e0 Terre-Neuve"},"content":{"rendered":"","protected":false},"excerpt":{"rendered":"","protected":false},"author":8,"featured_media":0,"parent":0,"menu_order":0,"comment_status":"closed","ping_status":"closed","template":"page-with-title-and-moving.php","meta":{"_acf_changed":false,"content-type":"","inline_featured_image":false,"footnotes":""},"class_list":["post-3182","page","type-page","status-publish","hentry"],"acf":[],"yoast_head":"<!-- This site is optimized with the Yoast SEO plugin v27.1.1 - https:\/\/yoast.com\/product\/yoast-seo-wordpress\/ -->\n<title>Moving from Alberta to Newfoundland | Atlas Van Lines<\/title>\n<meta name=\"description\" content=\"Are you looking for help with your long-distance move from Alberta to Newfoundland? Here\u2019s what moving with Atlas Van Lines looks like!\" \/>\n<meta name=\"robots\" content=\"index, follow, max-snippet:-1, max-image-preview:large, max-video-preview:-1\" \/>\n<link rel=\"canonical\" href=\"https:\/\/www.atlasvanlines.ca\/fr\/demenagement-de-lalberta-a-terre-neuve\/\" \/>\n<meta property=\"og:locale\" content=\"fr_CA\" \/>\n<meta property=\"og:type\" content=\"article\" \/>\n<meta property=\"og:title\" content=\"Moving from Alberta to Newfoundland | Atlas Van Lines\" \/>\n<meta property=\"og:description\" content=\"Are you looking for help with your long-distance move from Alberta to Newfoundland? Here\u2019s what moving with Atlas Van Lines looks like!\" \/>\n<meta property=\"og:url\" content=\"https:\/\/www.atlasvanlines.ca\/fr\/demenagement-de-lalberta-a-terre-neuve\/\" \/>\n<meta property=\"og:site_name\" content=\"Local &amp; Long Distance Movers | Atlas Van Lines Canada\" \/>\n<meta property=\"article:publisher\" content=\"https:\/\/www.facebook.com\/AtlasVanLinesCanada\/\" \/>\n<meta property=\"article:modified_time\" content=\"2024-09-10T11:55:52+00:00\" \/>\n<meta name=\"twitter:card\" content=\"summary_large_image\" \/>\n<meta name=\"twitter:site\" content=\"@atlasvanlinesca\" \/>\n<script type=\"application\/ld+json\" class=\"yoast-schema-graph\">{\"@context\":\"https:\/\/schema.org\",\"@graph\":[{\"@type\":\"WebPage\",\"@id\":\"https:\/\/www.atlasvanlines.ca\/moving-from-alberta-to-newfoundland\/\",\"url\":\"https:\/\/www.atlasvanlines.ca\/moving-from-alberta-to-newfoundland\/\",\"name\":\"Moving from Alberta to Newfoundland | Atlas Van Lines\",\"isPartOf\":{\"@id\":\"https:\/\/www.atlasvanlines.ca\/#website\"},\"datePublished\":\"2021-12-10T16:00:54+00:00\",\"dateModified\":\"2024-09-10T11:55:52+00:00\",\"description\":\"Are you looking for help with your long-distance move from Alberta to Newfoundland? Here\u2019s what moving with Atlas Van Lines looks like!\",\"breadcrumb\":{\"@id\":\"https:\/\/www.atlasvanlines.ca\/moving-from-alberta-to-newfoundland\/#breadcrumb\"},\"inLanguage\":\"fr-CA\",\"potentialAction\":[{\"@type\":\"ReadAction\",\"target\":[\"https:\/\/www.atlasvanlines.ca\/moving-from-alberta-to-newfoundland\/\"]}]},{\"@type\":\"BreadcrumbList\",\"@id\":\"https:\/\/www.atlasvanlines.ca\/moving-from-alberta-to-newfoundland\/#breadcrumb\",\"itemListElement\":[{\"@type\":\"ListItem\",\"position\":1,\"name\":\"Home\",\"item\":\"https:\/\/www.atlasvanlines.ca\/\"},{\"@type\":\"ListItem\",\"position\":2,\"name\":\"Moving from Alberta to Newfoundland\"}]},{\"@type\":\"WebSite\",\"@id\":\"https:\/\/www.atlasvanlines.ca\/#website\",\"url\":\"https:\/\/www.atlasvanlines.ca\/\",\"name\":\"Local &amp; Long Distance Movers | Atlas Van Lines Canada\",\"description\":\"Just another WordPress site\",\"potentialAction\":[{\"@type\":\"SearchAction\",\"target\":{\"@type\":\"EntryPoint\",\"urlTemplate\":\"https:\/\/www.atlasvanlines.ca\/?s={search_term_string}\"},\"query-input\":{\"@type\":\"PropertyValueSpecification\",\"valueRequired\":true,\"valueName\":\"search_term_string\"}}],\"inLanguage\":\"fr-CA\"}]}<\/script>\n<!-- \/ Yoast SEO plugin. -->","yoast_head_json":{"title":"D\u00e9m\u00e9nagement de l&#039;Alberta \u00e0 Terre-Neuve | Atlas Van Lines","description":"Besoin d&#039;aide pour votre d\u00e9m\u00e9nagement longue distance de l&#039;Alberta \u00e0 Terre-Neuve\u00a0? Voici \u00e0 quoi ressemble un d\u00e9m\u00e9nagement avec Atlas Van Lines\u00a0!","robots":{"index":"index","follow":"follow","max-snippet":"max-snippet:-1","max-image-preview":"max-image-preview:large","max-video-preview":"max-video-preview:-1"},"canonical":"https:\/\/www.atlasvanlines.ca\/fr\/demenagement-de-lalberta-a-terre-neuve\/","og_locale":"fr_CA","og_type":"article","og_title":"Moving from Alberta to Newfoundland | Atlas Van Lines","og_description":"Are you looking for help with your long-distance move from Alberta to Newfoundland? Here\u2019s what moving with Atlas Van Lines looks like!","og_url":"https:\/\/www.atlasvanlines.ca\/fr\/demenagement-de-lalberta-a-terre-neuve\/","og_site_name":"Local &amp; Long Distance Movers | Atlas Van Lines Canada","article_publisher":"https:\/\/www.facebook.com\/AtlasVanLinesCanada\/","article_modified_time":"2024-09-10T11:55:52+00:00","twitter_card":"summary_large_image","twitter_site":"@atlasvanlinesca","schema":{"@context":"https:\/\/schema.org","@graph":[{"@type":"WebPage","@id":"https:\/\/www.atlasvanlines.ca\/moving-from-alberta-to-newfoundland\/","url":"https:\/\/www.atlasvanlines.ca\/moving-from-alberta-to-newfoundland\/","name":"D\u00e9m\u00e9nagement de l&#039;Alberta \u00e0 Terre-Neuve | Atlas Van Lines","isPartOf":{"@id":"https:\/\/www.atlasvanlines.ca\/#website"},"datePublished":"2021-12-10T16:00:54+00:00","dateModified":"2024-09-10T11:55:52+00:00","description":"Besoin d&#039;aide pour votre d\u00e9m\u00e9nagement longue distance de l&#039;Alberta \u00e0 Terre-Neuve\u00a0? Voici \u00e0 quoi ressemble un d\u00e9m\u00e9nagement avec Atlas Van Lines\u00a0!","breadcrumb":{"@id":"https:\/\/www.atlasvanlines.ca\/moving-from-alberta-to-newfoundland\/#breadcrumb"},"inLanguage":"fr-CA","potentialAction":[{"@type":"ReadAction","target":["https:\/\/www.atlasvanlines.ca\/moving-from-alberta-to-newfoundland\/"]}]},{"@type":"BreadcrumbList","@id":"https:\/\/www.atlasvanlines.ca\/moving-from-alberta-to-newfoundland\/#breadcrumb","itemListElement":[{"@type":"ListItem","position":1,"name":"Home","item":"https:\/\/www.atlasvanlines.ca\/"},{"@type":"ListItem","position":2,"name":"Moving from Alberta to Newfoundland"}]},{"@type":"WebSite","@id":"https:\/\/www.atlasvanlines.ca\/#website","url":"https:\/\/www.atlasvanlines.ca\/","name":"D\u00e9m\u00e9nageurs locaux et longue distance | Atlas Van Lines Canada","description":"Juste un autre site WordPress","potentialAction":[{"@type":"SearchAction","target":{"@type":"EntryPoint","urlTemplate":"https:\/\/www.atlasvanlines.ca\/?s={search_term_string}"},"query-input":{"@type":"PropertyValueSpecification","valueRequired":true,"valueName":"search_term_string"}}],"inLanguage":"fr-CA"}]}},"_links":{"self":[{"href":"https:\/\/www.atlasvanlines.ca\/fr\/wp-json\/wp\/v2\/pages\/3182","targetHints":{"allow":["GET"]}}],"collection":[{"href":"https:\/\/www.atlasvanlines.ca\/fr\/wp-json\/wp\/v2\/pages"}],"about":[{"href":"https:\/\/www.atlasvanlines.ca\/fr\/wp-json\/wp\/v2\/types\/page"}],"author":[{"embeddable":true,"href":"https:\/\/www.atlasvanlines.ca\/fr\/wp-json\/wp\/v2\/users\/8"}],"replies":[{"embeddable":true,"href":"https:\/\/www.atlasvanlines.ca\/fr\/wp-json\/wp\/v2\/comments?post=3182"}],"version-history":[{"count":12,"href":"https:\/\/www.atlasvanlines.ca\/fr\/wp-json\/wp\/v2\/pages\/3182\/revisions"}],"predecessor-version":[{"id":9167,"href":"https:\/\/www.atlasvanlines.ca\/fr\/wp-json\/wp\/v2\/pages\/3182\/revisions\/9167"}],"wp:attachment":[{"href":"https:\/\/www.atlasvanlines.ca\/fr\/wp-json\/wp\/v2\/media?parent=3182"}],"curies":[{"name":"wp","href":"https:\/\/api.w.org\/{rel}","templated":true}]}}