{"id":3135,"date":"2021-12-10T10:51:06","date_gmt":"2021-12-10T15:51:06","guid":{"rendered":"https:\/\/www.atlasvanlines.ca\/?page_id=3135"},"modified":"2024-08-26T00:10:10","modified_gmt":"2024-08-26T05:10:10","slug":"entreprises-de-demenagement-longue-distance-nanaimo","status":"publish","type":"page","link":"https:\/\/www.atlasvanlines.ca\/fr\/long-distance-moving-companies-nanaimo\/","title":{"rendered":"Entreprises de d\u00e9m\u00e9nagement longue distance Nanaimo"},"content":{"rendered":"","protected":false},"excerpt":{"rendered":"","protected":false},"author":8,"featured_media":0,"parent":0,"menu_order":0,"comment_status":"closed","ping_status":"closed","template":"page-with-title-and-moving.php","meta":{"_acf_changed":false,"content-type":"","inline_featured_image":false,"footnotes":""},"class_list":["post-3135","page","type-page","status-publish","hentry"],"acf":[],"yoast_head":"<!-- This site is optimized with the Yoast SEO plugin v27.1.1 - https:\/\/yoast.com\/product\/yoast-seo-wordpress\/ -->\n<title>Moving Companies In Nanaimo | Atlas Van Lines<\/title>\n<meta name=\"description\" content=\"Looking for trusted moving services in Nanaimo? Atlas Van Lines has you covered with professional movers and top-notch customer service. Contact us today!\" \/>\n<meta name=\"robots\" content=\"index, follow, max-snippet:-1, max-image-preview:large, max-video-preview:-1\" \/>\n<link rel=\"canonical\" href=\"https:\/\/www.atlasvanlines.ca\/fr\/entreprises-de-demenagement-longue-distance-nanaimo\/\" \/>\n<meta property=\"og:locale\" content=\"fr_CA\" \/>\n<meta property=\"og:type\" content=\"article\" \/>\n<meta property=\"og:title\" content=\"Moving Companies In Nanaimo | Atlas Van Lines\" \/>\n<meta property=\"og:description\" content=\"Looking for trusted moving services in Nanaimo? Atlas Van Lines has you covered with professional movers and top-notch customer service. Contact us today!\" \/>\n<meta property=\"og:url\" content=\"https:\/\/www.atlasvanlines.ca\/fr\/entreprises-de-demenagement-longue-distance-nanaimo\/\" \/>\n<meta property=\"og:site_name\" content=\"Local &amp; Long Distance Movers | Atlas Van Lines Canada\" \/>\n<meta property=\"article:publisher\" content=\"https:\/\/www.facebook.com\/AtlasVanLinesCanada\/\" \/>\n<meta property=\"article:modified_time\" content=\"2024-08-26T05:10:10+00:00\" \/>\n<meta name=\"twitter:card\" content=\"summary_large_image\" \/>\n<meta name=\"twitter:site\" content=\"@atlasvanlinesca\" \/>\n<script type=\"application\/ld+json\" class=\"yoast-schema-graph\">{\"@context\":\"https:\/\/schema.org\",\"@graph\":[{\"@type\":\"WebPage\",\"@id\":\"https:\/\/www.atlasvanlines.ca\/long-distance-moving-companies-nanaimo\/\",\"url\":\"https:\/\/www.atlasvanlines.ca\/long-distance-moving-companies-nanaimo\/\",\"name\":\"Moving Companies In Nanaimo | Atlas Van Lines\",\"isPartOf\":{\"@id\":\"https:\/\/www.atlasvanlines.ca\/#website\"},\"datePublished\":\"2021-12-10T15:51:06+00:00\",\"dateModified\":\"2024-08-26T05:10:10+00:00\",\"description\":\"Looking for trusted moving services in Nanaimo? Atlas Van Lines has you covered with professional movers and top-notch customer service. Contact us today!\",\"breadcrumb\":{\"@id\":\"https:\/\/www.atlasvanlines.ca\/long-distance-moving-companies-nanaimo\/#breadcrumb\"},\"inLanguage\":\"fr-CA\",\"potentialAction\":[{\"@type\":\"ReadAction\",\"target\":[\"https:\/\/www.atlasvanlines.ca\/long-distance-moving-companies-nanaimo\/\"]}]},{\"@type\":\"BreadcrumbList\",\"@id\":\"https:\/\/www.atlasvanlines.ca\/long-distance-moving-companies-nanaimo\/#breadcrumb\",\"itemListElement\":[{\"@type\":\"ListItem\",\"position\":1,\"name\":\"Home\",\"item\":\"https:\/\/www.atlasvanlines.ca\/\"},{\"@type\":\"ListItem\",\"position\":2,\"name\":\"Long Distance Moving Companies Nanaimo\"}]},{\"@type\":\"WebSite\",\"@id\":\"https:\/\/www.atlasvanlines.ca\/#website\",\"url\":\"https:\/\/www.atlasvanlines.ca\/\",\"name\":\"Local &amp; Long Distance Movers | Atlas Van Lines Canada\",\"description\":\"Just another WordPress site\",\"potentialAction\":[{\"@type\":\"SearchAction\",\"target\":{\"@type\":\"EntryPoint\",\"urlTemplate\":\"https:\/\/www.atlasvanlines.ca\/?s={search_term_string}\"},\"query-input\":{\"@type\":\"PropertyValueSpecification\",\"valueRequired\":true,\"valueName\":\"search_term_string\"}}],\"inLanguage\":\"fr-CA\"}]}<\/script>\n<!-- \/ Yoast SEO plugin. -->","yoast_head_json":{"title":"Entreprises de d\u00e9m\u00e9nagement \u00e0 Nanaimo | Atlas Van Lines","description":"Vous recherchez des services de d\u00e9m\u00e9nagement fiables \u00e0 Nanaimo\u00a0? Atlas Van Lines vous propose des d\u00e9m\u00e9nageurs professionnels et un service client irr\u00e9prochable. Contactez-nous d\u00e8s aujourd&#039;hui\u00a0!","robots":{"index":"index","follow":"follow","max-snippet":"max-snippet:-1","max-image-preview":"max-image-preview:large","max-video-preview":"max-video-preview:-1"},"canonical":"https:\/\/www.atlasvanlines.ca\/fr\/entreprises-de-demenagement-longue-distance-nanaimo\/","og_locale":"fr_CA","og_type":"article","og_title":"Moving Companies In Nanaimo | Atlas Van Lines","og_description":"Looking for trusted moving services in Nanaimo? Atlas Van Lines has you covered with professional movers and top-notch customer service. Contact us today!","og_url":"https:\/\/www.atlasvanlines.ca\/fr\/entreprises-de-demenagement-longue-distance-nanaimo\/","og_site_name":"Local &amp; Long Distance Movers | Atlas Van Lines Canada","article_publisher":"https:\/\/www.facebook.com\/AtlasVanLinesCanada\/","article_modified_time":"2024-08-26T05:10:10+00:00","twitter_card":"summary_large_image","twitter_site":"@atlasvanlinesca","schema":{"@context":"https:\/\/schema.org","@graph":[{"@type":"WebPage","@id":"https:\/\/www.atlasvanlines.ca\/long-distance-moving-companies-nanaimo\/","url":"https:\/\/www.atlasvanlines.ca\/long-distance-moving-companies-nanaimo\/","name":"Entreprises de d\u00e9m\u00e9nagement \u00e0 Nanaimo | Atlas Van Lines","isPartOf":{"@id":"https:\/\/www.atlasvanlines.ca\/#website"},"datePublished":"2021-12-10T15:51:06+00:00","dateModified":"2024-08-26T05:10:10+00:00","description":"Vous recherchez des services de d\u00e9m\u00e9nagement fiables \u00e0 Nanaimo\u00a0? Atlas Van Lines vous propose des d\u00e9m\u00e9nageurs professionnels et un service client irr\u00e9prochable. Contactez-nous d\u00e8s aujourd&#039;hui\u00a0!","breadcrumb":{"@id":"https:\/\/www.atlasvanlines.ca\/long-distance-moving-companies-nanaimo\/#breadcrumb"},"inLanguage":"fr-CA","potentialAction":[{"@type":"ReadAction","target":["https:\/\/www.atlasvanlines.ca\/long-distance-moving-companies-nanaimo\/"]}]},{"@type":"BreadcrumbList","@id":"https:\/\/www.atlasvanlines.ca\/long-distance-moving-companies-nanaimo\/#breadcrumb","itemListElement":[{"@type":"ListItem","position":1,"name":"Home","item":"https:\/\/www.atlasvanlines.ca\/"},{"@type":"ListItem","position":2,"name":"Long Distance Moving Companies Nanaimo"}]},{"@type":"WebSite","@id":"https:\/\/www.atlasvanlines.ca\/#website","url":"https:\/\/www.atlasvanlines.ca\/","name":"D\u00e9m\u00e9nageurs locaux et longue distance | Atlas Van Lines Canada","description":"Juste un autre site WordPress","potentialAction":[{"@type":"SearchAction","target":{"@type":"EntryPoint","urlTemplate":"https:\/\/www.atlasvanlines.ca\/?s={search_term_string}"},"query-input":{"@type":"PropertyValueSpecification","valueRequired":true,"valueName":"search_term_string"}}],"inLanguage":"fr-CA"}]}},"_links":{"self":[{"href":"https:\/\/www.atlasvanlines.ca\/fr\/wp-json\/wp\/v2\/pages\/3135","targetHints":{"allow":["GET"]}}],"collection":[{"href":"https:\/\/www.atlasvanlines.ca\/fr\/wp-json\/wp\/v2\/pages"}],"about":[{"href":"https:\/\/www.atlasvanlines.ca\/fr\/wp-json\/wp\/v2\/types\/page"}],"author":[{"embeddable":true,"href":"https:\/\/www.atlasvanlines.ca\/fr\/wp-json\/wp\/v2\/users\/8"}],"replies":[{"embeddable":true,"href":"https:\/\/www.atlasvanlines.ca\/fr\/wp-json\/wp\/v2\/comments?post=3135"}],"version-history":[{"count":25,"href":"https:\/\/www.atlasvanlines.ca\/fr\/wp-json\/wp\/v2\/pages\/3135\/revisions"}],"predecessor-version":[{"id":8890,"href":"https:\/\/www.atlasvanlines.ca\/fr\/wp-json\/wp\/v2\/pages\/3135\/revisions\/8890"}],"wp:attachment":[{"href":"https:\/\/www.atlasvanlines.ca\/fr\/wp-json\/wp\/v2\/media?parent=3135"}],"curies":[{"name":"wp","href":"https:\/\/api.w.org\/{rel}","templated":true}]}}