{"id":3029,"date":"2021-08-19T10:04:56","date_gmt":"2021-08-19T15:04:56","guid":{"rendered":"https:\/\/www.atlasvanlines.ca\/?page_id=3029"},"modified":"2025-05-26T10:33:39","modified_gmt":"2025-05-26T15:33:39","slug":"entreprises-de-demenagement-longue-distance-a-winnipeg","status":"publish","type":"page","link":"https:\/\/www.atlasvanlines.ca\/fr\/long-distance-moving-companies-in-winnipeg\/","title":{"rendered":"Entreprises de d\u00e9m\u00e9nagement longue distance \u00e0 Winnipeg"},"content":{"rendered":"","protected":false},"excerpt":{"rendered":"","protected":false},"author":8,"featured_media":0,"parent":0,"menu_order":0,"comment_status":"closed","ping_status":"closed","template":"page-with-title-and-moving.php","meta":{"_acf_changed":false,"content-type":"","inline_featured_image":false,"footnotes":""},"class_list":["post-3029","page","type-page","status-publish","hentry"],"acf":[],"yoast_head":"<!-- This site is optimized with the Yoast SEO plugin v27.1.1 - https:\/\/yoast.com\/product\/yoast-seo-wordpress\/ -->\n<title>Long Distance Moving Companies Winnipeg | Atlas Van Lines<\/title>\n<meta name=\"description\" content=\"Are you looking for help with your long-distance move? Here\u2019s what moving with Atlas Van Lines looks like in Winnipeg! Access now to learn more.\" \/>\n<meta name=\"robots\" content=\"index, follow, max-snippet:-1, max-image-preview:large, max-video-preview:-1\" \/>\n<link rel=\"canonical\" href=\"https:\/\/www.atlasvanlines.ca\/fr\/entreprises-de-demenagement-longue-distance-a-winnipeg\/\" \/>\n<meta property=\"og:locale\" content=\"fr_CA\" \/>\n<meta property=\"og:type\" content=\"article\" \/>\n<meta property=\"og:title\" content=\"Long Distance Moving Companies Winnipeg | Atlas Van Lines\" \/>\n<meta property=\"og:description\" content=\"Are you looking for help with your long-distance move? Here\u2019s what moving with Atlas Van Lines looks like in Winnipeg! Access now to learn more.\" \/>\n<meta property=\"og:url\" content=\"https:\/\/www.atlasvanlines.ca\/fr\/entreprises-de-demenagement-longue-distance-a-winnipeg\/\" \/>\n<meta property=\"og:site_name\" content=\"Local &amp; Long Distance Movers | Atlas Van Lines Canada\" \/>\n<meta property=\"article:publisher\" content=\"https:\/\/www.facebook.com\/AtlasVanLinesCanada\/\" \/>\n<meta property=\"article:modified_time\" content=\"2025-05-26T15:33:39+00:00\" \/>\n<meta name=\"twitter:card\" content=\"summary_large_image\" \/>\n<meta name=\"twitter:site\" content=\"@atlasvanlinesca\" \/>\n<script type=\"application\/ld+json\" class=\"yoast-schema-graph\">{\"@context\":\"https:\/\/schema.org\",\"@graph\":[{\"@type\":\"WebPage\",\"@id\":\"https:\/\/www.atlasvanlines.ca\/long-distance-moving-companies-in-winnipeg\/\",\"url\":\"https:\/\/www.atlasvanlines.ca\/long-distance-moving-companies-in-winnipeg\/\",\"name\":\"Long Distance Moving Companies Winnipeg | Atlas Van Lines\",\"isPartOf\":{\"@id\":\"https:\/\/www.atlasvanlines.ca\/#website\"},\"datePublished\":\"2021-08-19T15:04:56+00:00\",\"dateModified\":\"2025-05-26T15:33:39+00:00\",\"description\":\"Are you looking for help with your long-distance move? Here\u2019s what moving with Atlas Van Lines looks like in Winnipeg! Access now to learn more.\",\"breadcrumb\":{\"@id\":\"https:\/\/www.atlasvanlines.ca\/long-distance-moving-companies-in-winnipeg\/#breadcrumb\"},\"inLanguage\":\"fr-CA\",\"potentialAction\":[{\"@type\":\"ReadAction\",\"target\":[\"https:\/\/www.atlasvanlines.ca\/long-distance-moving-companies-in-winnipeg\/\"]}]},{\"@type\":\"BreadcrumbList\",\"@id\":\"https:\/\/www.atlasvanlines.ca\/long-distance-moving-companies-in-winnipeg\/#breadcrumb\",\"itemListElement\":[{\"@type\":\"ListItem\",\"position\":1,\"name\":\"Home\",\"item\":\"https:\/\/www.atlasvanlines.ca\/\"},{\"@type\":\"ListItem\",\"position\":2,\"name\":\"Long Distance Moving Companies in Winnipeg\"}]},{\"@type\":\"WebSite\",\"@id\":\"https:\/\/www.atlasvanlines.ca\/#website\",\"url\":\"https:\/\/www.atlasvanlines.ca\/\",\"name\":\"Local &amp; Long Distance Movers | Atlas Van Lines Canada\",\"description\":\"Just another WordPress site\",\"potentialAction\":[{\"@type\":\"SearchAction\",\"target\":{\"@type\":\"EntryPoint\",\"urlTemplate\":\"https:\/\/www.atlasvanlines.ca\/?s={search_term_string}\"},\"query-input\":{\"@type\":\"PropertyValueSpecification\",\"valueRequired\":true,\"valueName\":\"search_term_string\"}}],\"inLanguage\":\"fr-CA\"}]}<\/script>\n<!-- \/ Yoast SEO plugin. -->","yoast_head_json":{"title":"Entreprises de d\u00e9m\u00e9nagement longue distance \u00e0 Winnipeg | Atlas Van Lines","description":"Besoin d&#039;aide pour votre d\u00e9m\u00e9nagement longue distance\u00a0? Voici \u00e0 quoi ressemble un d\u00e9m\u00e9nagement avec Atlas Van Lines \u00e0 Winnipeg\u00a0! Acc\u00e9dez-y d\u00e8s maintenant pour en savoir plus.","robots":{"index":"index","follow":"follow","max-snippet":"max-snippet:-1","max-image-preview":"max-image-preview:large","max-video-preview":"max-video-preview:-1"},"canonical":"https:\/\/www.atlasvanlines.ca\/fr\/entreprises-de-demenagement-longue-distance-a-winnipeg\/","og_locale":"fr_CA","og_type":"article","og_title":"Long Distance Moving Companies Winnipeg | Atlas Van Lines","og_description":"Are you looking for help with your long-distance move? Here\u2019s what moving with Atlas Van Lines looks like in Winnipeg! Access now to learn more.","og_url":"https:\/\/www.atlasvanlines.ca\/fr\/entreprises-de-demenagement-longue-distance-a-winnipeg\/","og_site_name":"Local &amp; Long Distance Movers | Atlas Van Lines Canada","article_publisher":"https:\/\/www.facebook.com\/AtlasVanLinesCanada\/","article_modified_time":"2025-05-26T15:33:39+00:00","twitter_card":"summary_large_image","twitter_site":"@atlasvanlinesca","schema":{"@context":"https:\/\/schema.org","@graph":[{"@type":"WebPage","@id":"https:\/\/www.atlasvanlines.ca\/long-distance-moving-companies-in-winnipeg\/","url":"https:\/\/www.atlasvanlines.ca\/long-distance-moving-companies-in-winnipeg\/","name":"Entreprises de d\u00e9m\u00e9nagement longue distance \u00e0 Winnipeg | Atlas Van Lines","isPartOf":{"@id":"https:\/\/www.atlasvanlines.ca\/#website"},"datePublished":"2021-08-19T15:04:56+00:00","dateModified":"2025-05-26T15:33:39+00:00","description":"Besoin d&#039;aide pour votre d\u00e9m\u00e9nagement longue distance\u00a0? Voici \u00e0 quoi ressemble un d\u00e9m\u00e9nagement avec Atlas Van Lines \u00e0 Winnipeg\u00a0! Acc\u00e9dez-y d\u00e8s maintenant pour en savoir plus.","breadcrumb":{"@id":"https:\/\/www.atlasvanlines.ca\/long-distance-moving-companies-in-winnipeg\/#breadcrumb"},"inLanguage":"fr-CA","potentialAction":[{"@type":"ReadAction","target":["https:\/\/www.atlasvanlines.ca\/long-distance-moving-companies-in-winnipeg\/"]}]},{"@type":"BreadcrumbList","@id":"https:\/\/www.atlasvanlines.ca\/long-distance-moving-companies-in-winnipeg\/#breadcrumb","itemListElement":[{"@type":"ListItem","position":1,"name":"Home","item":"https:\/\/www.atlasvanlines.ca\/"},{"@type":"ListItem","position":2,"name":"Long Distance Moving Companies in Winnipeg"}]},{"@type":"WebSite","@id":"https:\/\/www.atlasvanlines.ca\/#website","url":"https:\/\/www.atlasvanlines.ca\/","name":"D\u00e9m\u00e9nageurs locaux et longue distance | Atlas Van Lines Canada","description":"Juste un autre site WordPress","potentialAction":[{"@type":"SearchAction","target":{"@type":"EntryPoint","urlTemplate":"https:\/\/www.atlasvanlines.ca\/?s={search_term_string}"},"query-input":{"@type":"PropertyValueSpecification","valueRequired":true,"valueName":"search_term_string"}}],"inLanguage":"fr-CA"}]}},"_links":{"self":[{"href":"https:\/\/www.atlasvanlines.ca\/fr\/wp-json\/wp\/v2\/pages\/3029","targetHints":{"allow":["GET"]}}],"collection":[{"href":"https:\/\/www.atlasvanlines.ca\/fr\/wp-json\/wp\/v2\/pages"}],"about":[{"href":"https:\/\/www.atlasvanlines.ca\/fr\/wp-json\/wp\/v2\/types\/page"}],"author":[{"embeddable":true,"href":"https:\/\/www.atlasvanlines.ca\/fr\/wp-json\/wp\/v2\/users\/8"}],"replies":[{"embeddable":true,"href":"https:\/\/www.atlasvanlines.ca\/fr\/wp-json\/wp\/v2\/comments?post=3029"}],"version-history":[{"count":13,"href":"https:\/\/www.atlasvanlines.ca\/fr\/wp-json\/wp\/v2\/pages\/3029\/revisions"}],"predecessor-version":[{"id":10353,"href":"https:\/\/www.atlasvanlines.ca\/fr\/wp-json\/wp\/v2\/pages\/3029\/revisions\/10353"}],"wp:attachment":[{"href":"https:\/\/www.atlasvanlines.ca\/fr\/wp-json\/wp\/v2\/media?parent=3029"}],"curies":[{"name":"wp","href":"https:\/\/api.w.org\/{rel}","templated":true}]}}