{"id":2018,"date":"2020-11-16T19:24:37","date_gmt":"2020-11-16T19:24:37","guid":{"rendered":"http:\/\/www.atlasvanlines.ca\/?page_id=2018"},"modified":"2023-04-25T09:12:51","modified_gmt":"2023-04-25T14:12:51","slug":"exercer-vos-droits","status":"publish","type":"page","link":"https:\/\/www.atlasvanlines.ca\/fr\/exercise-your-rights\/","title":{"rendered":"Exercez vos droits"},"content":{"rendered":"<h2 class=\"your-rights-title\"><strong>Tes droits<\/strong><\/h2>\r\n<p>Vous disposez de six droits fondamentaux en vertu des lois sur la confidentialit\u00e9 et la protection des donn\u00e9es relatives aux donn\u00e9es que nous traitons \u00e0 votre sujet. Vous n&#039;avez pas \u00e0 payer de frais, pour examiner les donn\u00e9es que nous avons \u00e0 votre sujet, et nous nous efforcerons de r\u00e9pondre \u00e0 votre demande dans les 30 jours. Nous honorerons votre demande dans la mesure o\u00f9 la loi le permet, ce qui signifie que dans certains cas, nous ne serons pas en mesure de nous conformer \u00e0 la demande sp\u00e9cifique que vous faites concernant vos droits. Tu peux:<\/p>","protected":false},"excerpt":{"rendered":"<p>Your Rights You have six basic rights under privacy and data protection laws related to the data we process about you. You do not have to pay a fee, to review the data we have about you, and we will aim to respond to your request within 30 days. We will honor your request to [&hellip;]<\/p>\n","protected":false},"author":8,"featured_media":0,"parent":0,"menu_order":0,"comment_status":"closed","ping_status":"closed","template":"","meta":{"_acf_changed":false,"content-type":"","inline_featured_image":false,"footnotes":""},"class_list":["post-2018","page","type-page","status-publish","hentry"],"acf":[],"yoast_head":"<!-- This site is optimized with the Yoast SEO plugin v27.1.1 - https:\/\/yoast.com\/product\/yoast-seo-wordpress\/ -->\n<title>Exercise Your Rights | Atlas Van Lines Canada<\/title>\n<meta name=\"description\" content=\"At Atlas Canada you have six basic rights under privacy &amp; data protection laws related to the data we process about you. Review the data and we will aim to respond to you!\" \/>\n<meta name=\"robots\" content=\"index, follow, max-snippet:-1, max-image-preview:large, max-video-preview:-1\" \/>\n<link rel=\"canonical\" href=\"https:\/\/www.atlasvanlines.ca\/fr\/exercer-vos-droits\/\" \/>\n<meta property=\"og:locale\" content=\"fr_CA\" \/>\n<meta property=\"og:type\" content=\"article\" \/>\n<meta property=\"og:title\" content=\"Exercise Your Rights | Atlas Van Lines Canada\" \/>\n<meta property=\"og:description\" content=\"At Atlas Canada you have six basic rights under privacy &amp; data protection laws related to the data we process about you. Review the data and we will aim to respond to you!\" \/>\n<meta property=\"og:url\" content=\"https:\/\/www.atlasvanlines.ca\/fr\/exercer-vos-droits\/\" \/>\n<meta property=\"og:site_name\" content=\"Local &amp; Long Distance Movers | Atlas Van Lines Canada\" \/>\n<meta property=\"article:publisher\" content=\"https:\/\/www.facebook.com\/AtlasVanLinesCanada\/\" \/>\n<meta property=\"article:modified_time\" content=\"2023-04-25T14:12:51+00:00\" \/>\n<meta name=\"twitter:card\" content=\"summary_large_image\" \/>\n<meta name=\"twitter:site\" content=\"@atlasvanlinesca\" \/>\n<meta name=\"twitter:label1\" content=\"Estimation du temps de lecture\" \/>\n\t<meta name=\"twitter:data1\" content=\"1 minute\" \/>\n<script type=\"application\/ld+json\" class=\"yoast-schema-graph\">{\"@context\":\"https:\/\/schema.org\",\"@graph\":[{\"@type\":\"WebPage\",\"@id\":\"https:\/\/www.atlasvanlines.ca\/exercise-your-rights\/\",\"url\":\"https:\/\/www.atlasvanlines.ca\/exercise-your-rights\/\",\"name\":\"Exercise Your Rights | Atlas Van Lines Canada\",\"isPartOf\":{\"@id\":\"https:\/\/www.atlasvanlines.ca\/#website\"},\"datePublished\":\"2020-11-16T19:24:37+00:00\",\"dateModified\":\"2023-04-25T14:12:51+00:00\",\"description\":\"At Atlas Canada you have six basic rights under privacy & data protection laws related to the data we process about you. Review the data and we will aim to respond to you!\",\"breadcrumb\":{\"@id\":\"https:\/\/www.atlasvanlines.ca\/exercise-your-rights\/#breadcrumb\"},\"inLanguage\":\"fr-CA\",\"potentialAction\":[{\"@type\":\"ReadAction\",\"target\":[\"https:\/\/www.atlasvanlines.ca\/exercise-your-rights\/\"]}]},{\"@type\":\"BreadcrumbList\",\"@id\":\"https:\/\/www.atlasvanlines.ca\/exercise-your-rights\/#breadcrumb\",\"itemListElement\":[{\"@type\":\"ListItem\",\"position\":1,\"name\":\"Home\",\"item\":\"https:\/\/www.atlasvanlines.ca\/\"},{\"@type\":\"ListItem\",\"position\":2,\"name\":\"Exercise Your Rights\"}]},{\"@type\":\"WebSite\",\"@id\":\"https:\/\/www.atlasvanlines.ca\/#website\",\"url\":\"https:\/\/www.atlasvanlines.ca\/\",\"name\":\"Local &amp; Long Distance Movers | Atlas Van Lines Canada\",\"description\":\"Just another WordPress site\",\"potentialAction\":[{\"@type\":\"SearchAction\",\"target\":{\"@type\":\"EntryPoint\",\"urlTemplate\":\"https:\/\/www.atlasvanlines.ca\/?s={search_term_string}\"},\"query-input\":{\"@type\":\"PropertyValueSpecification\",\"valueRequired\":true,\"valueName\":\"search_term_string\"}}],\"inLanguage\":\"fr-CA\"}]}<\/script>\n<!-- \/ Yoast SEO plugin. -->","yoast_head_json":{"title":"Exercez vos droits | Atlas Van Lines Canada","description":"Chez Atlas Canada, vous b\u00e9n\u00e9ficiez de six droits fondamentaux en vertu des lois sur la protection des donn\u00e9es et la confidentialit\u00e9 concernant les donn\u00e9es que nous traitons \u00e0 votre sujet. Consultez vos donn\u00e9es et nous nous efforcerons de vous r\u00e9pondre\u00a0!","robots":{"index":"index","follow":"follow","max-snippet":"max-snippet:-1","max-image-preview":"max-image-preview:large","max-video-preview":"max-video-preview:-1"},"canonical":"https:\/\/www.atlasvanlines.ca\/fr\/exercer-vos-droits\/","og_locale":"fr_CA","og_type":"article","og_title":"Exercise Your Rights | Atlas Van Lines Canada","og_description":"At Atlas Canada you have six basic rights under privacy & data protection laws related to the data we process about you. Review the data and we will aim to respond to you!","og_url":"https:\/\/www.atlasvanlines.ca\/fr\/exercer-vos-droits\/","og_site_name":"Local &amp; Long Distance Movers | Atlas Van Lines Canada","article_publisher":"https:\/\/www.facebook.com\/AtlasVanLinesCanada\/","article_modified_time":"2023-04-25T14:12:51+00:00","twitter_card":"summary_large_image","twitter_site":"@atlasvanlinesca","twitter_misc":{"Estimation du temps de lecture":"1 minute"},"schema":{"@context":"https:\/\/schema.org","@graph":[{"@type":"WebPage","@id":"https:\/\/www.atlasvanlines.ca\/exercise-your-rights\/","url":"https:\/\/www.atlasvanlines.ca\/exercise-your-rights\/","name":"Exercez vos droits | Atlas Van Lines Canada","isPartOf":{"@id":"https:\/\/www.atlasvanlines.ca\/#website"},"datePublished":"2020-11-16T19:24:37+00:00","dateModified":"2023-04-25T14:12:51+00:00","description":"Chez Atlas Canada, vous b\u00e9n\u00e9ficiez de six droits fondamentaux en vertu des lois sur la protection des donn\u00e9es et la confidentialit\u00e9 concernant les donn\u00e9es que nous traitons \u00e0 votre sujet. Consultez vos donn\u00e9es et nous nous efforcerons de vous r\u00e9pondre\u00a0!","breadcrumb":{"@id":"https:\/\/www.atlasvanlines.ca\/exercise-your-rights\/#breadcrumb"},"inLanguage":"fr-CA","potentialAction":[{"@type":"ReadAction","target":["https:\/\/www.atlasvanlines.ca\/exercise-your-rights\/"]}]},{"@type":"BreadcrumbList","@id":"https:\/\/www.atlasvanlines.ca\/exercise-your-rights\/#breadcrumb","itemListElement":[{"@type":"ListItem","position":1,"name":"Home","item":"https:\/\/www.atlasvanlines.ca\/"},{"@type":"ListItem","position":2,"name":"Exercise Your Rights"}]},{"@type":"WebSite","@id":"https:\/\/www.atlasvanlines.ca\/#website","url":"https:\/\/www.atlasvanlines.ca\/","name":"D\u00e9m\u00e9nageurs locaux et longue distance | Atlas Van Lines Canada","description":"Juste un autre site WordPress","potentialAction":[{"@type":"SearchAction","target":{"@type":"EntryPoint","urlTemplate":"https:\/\/www.atlasvanlines.ca\/?s={search_term_string}"},"query-input":{"@type":"PropertyValueSpecification","valueRequired":true,"valueName":"search_term_string"}}],"inLanguage":"fr-CA"}]}},"_links":{"self":[{"href":"https:\/\/www.atlasvanlines.ca\/fr\/wp-json\/wp\/v2\/pages\/2018","targetHints":{"allow":["GET"]}}],"collection":[{"href":"https:\/\/www.atlasvanlines.ca\/fr\/wp-json\/wp\/v2\/pages"}],"about":[{"href":"https:\/\/www.atlasvanlines.ca\/fr\/wp-json\/wp\/v2\/types\/page"}],"author":[{"embeddable":true,"href":"https:\/\/www.atlasvanlines.ca\/fr\/wp-json\/wp\/v2\/users\/8"}],"replies":[{"embeddable":true,"href":"https:\/\/www.atlasvanlines.ca\/fr\/wp-json\/wp\/v2\/comments?post=2018"}],"version-history":[{"count":17,"href":"https:\/\/www.atlasvanlines.ca\/fr\/wp-json\/wp\/v2\/pages\/2018\/revisions"}],"predecessor-version":[{"id":2038,"href":"https:\/\/www.atlasvanlines.ca\/fr\/wp-json\/wp\/v2\/pages\/2018\/revisions\/2038"}],"wp:attachment":[{"href":"https:\/\/www.atlasvanlines.ca\/fr\/wp-json\/wp\/v2\/media?parent=2018"}],"curies":[{"name":"wp","href":"https:\/\/api.w.org\/{rel}","templated":true}]}}