{"id":1397,"date":"2020-10-20T17:28:08","date_gmt":"2020-10-20T17:28:08","guid":{"rendered":"http:\/\/atlas.qa.bfmg.ca\/?page_id=1397"},"modified":"2026-01-26T14:30:33","modified_gmt":"2026-01-26T19:30:33","slug":"demenagement-transfrontalier","status":"publish","type":"page","link":"https:\/\/www.atlasvanlines.ca\/fr\/cross-border-moving\/","title":{"rendered":"D\u00e9m\u00e9nagement transfrontalier du Canada vers les \u00c9tats-Unis"},"content":{"rendered":"","protected":false},"excerpt":{"rendered":"","protected":false},"author":8,"featured_media":0,"parent":0,"menu_order":0,"comment_status":"closed","ping_status":"closed","template":"page-with-title-and-moving.php","meta":{"_acf_changed":false,"content-type":"","inline_featured_image":false,"footnotes":""},"class_list":["post-1397","page","type-page","status-publish","hentry"],"acf":[],"yoast_head":"<!-- This site is optimized with the Yoast SEO plugin v27.1.1 - https:\/\/yoast.com\/product\/yoast-seo-wordpress\/ -->\n<title>Cross-Border Moving Company Canada | Atlas Van Lines<\/title>\n<meta name=\"description\" content=\"Moving from Canada to the US or the other way around? Atlas Canada makes moving as easy as 1, 2, 3. Call now or visit our website for a free moving estimate.\" \/>\n<meta name=\"robots\" content=\"index, follow, max-snippet:-1, max-image-preview:large, max-video-preview:-1\" \/>\n<link rel=\"canonical\" href=\"https:\/\/www.atlasvanlines.ca\/fr\/demenagement-transfrontalier\/\" \/>\n<meta property=\"og:locale\" content=\"fr_CA\" \/>\n<meta property=\"og:type\" content=\"article\" \/>\n<meta property=\"og:title\" content=\"Cross-Border Moving Company Canada | Atlas Van Lines\" \/>\n<meta property=\"og:description\" content=\"Moving from Canada to the US or the other way around? Atlas Canada makes moving as easy as 1, 2, 3. Call now or visit our website for a free moving estimate.\" \/>\n<meta property=\"og:url\" content=\"https:\/\/www.atlasvanlines.ca\/fr\/demenagement-transfrontalier\/\" \/>\n<meta property=\"og:site_name\" content=\"Local &amp; Long Distance Movers | Atlas Van Lines Canada\" \/>\n<meta property=\"article:publisher\" content=\"https:\/\/www.facebook.com\/AtlasVanLinesCanada\/\" \/>\n<meta property=\"article:modified_time\" content=\"2026-01-26T19:30:33+00:00\" \/>\n<meta name=\"twitter:card\" content=\"summary_large_image\" \/>\n<meta name=\"twitter:site\" content=\"@atlasvanlinesca\" \/>\n<script type=\"application\/ld+json\" class=\"yoast-schema-graph\">{\"@context\":\"https:\/\/schema.org\",\"@graph\":[{\"@type\":\"WebPage\",\"@id\":\"https:\/\/www.atlasvanlines.ca\/cross-border-moving\/\",\"url\":\"https:\/\/www.atlasvanlines.ca\/cross-border-moving\/\",\"name\":\"Cross-Border Moving Company Canada | Atlas Van Lines\",\"isPartOf\":{\"@id\":\"https:\/\/www.atlasvanlines.ca\/#website\"},\"datePublished\":\"2020-10-20T17:28:08+00:00\",\"dateModified\":\"2026-01-26T19:30:33+00:00\",\"description\":\"Moving from Canada to the US or the other way around? Atlas Canada makes moving as easy as 1, 2, 3. Call now or visit our website for a free moving estimate.\",\"breadcrumb\":{\"@id\":\"https:\/\/www.atlasvanlines.ca\/cross-border-moving\/#breadcrumb\"},\"inLanguage\":\"fr-CA\",\"potentialAction\":[{\"@type\":\"ReadAction\",\"target\":[\"https:\/\/www.atlasvanlines.ca\/cross-border-moving\/\"]}]},{\"@type\":\"BreadcrumbList\",\"@id\":\"https:\/\/www.atlasvanlines.ca\/cross-border-moving\/#breadcrumb\",\"itemListElement\":[{\"@type\":\"ListItem\",\"position\":1,\"name\":\"Home\",\"item\":\"https:\/\/www.atlasvanlines.ca\/\"},{\"@type\":\"ListItem\",\"position\":2,\"name\":\"Cross-Border Moving From Canada to US\"}]},{\"@type\":\"WebSite\",\"@id\":\"https:\/\/www.atlasvanlines.ca\/#website\",\"url\":\"https:\/\/www.atlasvanlines.ca\/\",\"name\":\"Local &amp; Long Distance Movers | Atlas Van Lines Canada\",\"description\":\"Just another WordPress site\",\"potentialAction\":[{\"@type\":\"SearchAction\",\"target\":{\"@type\":\"EntryPoint\",\"urlTemplate\":\"https:\/\/www.atlasvanlines.ca\/?s={search_term_string}\"},\"query-input\":{\"@type\":\"PropertyValueSpecification\",\"valueRequired\":true,\"valueName\":\"search_term_string\"}}],\"inLanguage\":\"fr-CA\"}]}<\/script>\n<!-- \/ Yoast SEO plugin. -->","yoast_head_json":{"title":"Entreprise de d\u00e9m\u00e9nagement transfrontalier au Canada | Atlas Van Lines","description":"Vous d\u00e9m\u00e9nagez du Canada aux \u00c9tats-Unis ou inversement\u00a0? Avec Atlas Canada, d\u00e9m\u00e9nager est un jeu d&#039;enfant. Appelez-nous d\u00e8s maintenant ou consultez notre site web pour obtenir un devis de d\u00e9m\u00e9nagement gratuit.","robots":{"index":"index","follow":"follow","max-snippet":"max-snippet:-1","max-image-preview":"max-image-preview:large","max-video-preview":"max-video-preview:-1"},"canonical":"https:\/\/www.atlasvanlines.ca\/fr\/demenagement-transfrontalier\/","og_locale":"fr_CA","og_type":"article","og_title":"Cross-Border Moving Company Canada | Atlas Van Lines","og_description":"Moving from Canada to the US or the other way around? Atlas Canada makes moving as easy as 1, 2, 3. Call now or visit our website for a free moving estimate.","og_url":"https:\/\/www.atlasvanlines.ca\/fr\/demenagement-transfrontalier\/","og_site_name":"Local &amp; Long Distance Movers | Atlas Van Lines Canada","article_publisher":"https:\/\/www.facebook.com\/AtlasVanLinesCanada\/","article_modified_time":"2026-01-26T19:30:33+00:00","twitter_card":"summary_large_image","twitter_site":"@atlasvanlinesca","schema":{"@context":"https:\/\/schema.org","@graph":[{"@type":"WebPage","@id":"https:\/\/www.atlasvanlines.ca\/cross-border-moving\/","url":"https:\/\/www.atlasvanlines.ca\/cross-border-moving\/","name":"Entreprise de d\u00e9m\u00e9nagement transfrontalier au Canada | Atlas Van Lines","isPartOf":{"@id":"https:\/\/www.atlasvanlines.ca\/#website"},"datePublished":"2020-10-20T17:28:08+00:00","dateModified":"2026-01-26T19:30:33+00:00","description":"Vous d\u00e9m\u00e9nagez du Canada aux \u00c9tats-Unis ou inversement\u00a0? Avec Atlas Canada, d\u00e9m\u00e9nager est un jeu d&#039;enfant. Appelez-nous d\u00e8s maintenant ou consultez notre site web pour obtenir un devis de d\u00e9m\u00e9nagement gratuit.","breadcrumb":{"@id":"https:\/\/www.atlasvanlines.ca\/cross-border-moving\/#breadcrumb"},"inLanguage":"fr-CA","potentialAction":[{"@type":"ReadAction","target":["https:\/\/www.atlasvanlines.ca\/cross-border-moving\/"]}]},{"@type":"BreadcrumbList","@id":"https:\/\/www.atlasvanlines.ca\/cross-border-moving\/#breadcrumb","itemListElement":[{"@type":"ListItem","position":1,"name":"Home","item":"https:\/\/www.atlasvanlines.ca\/"},{"@type":"ListItem","position":2,"name":"Cross-Border Moving From Canada to US"}]},{"@type":"WebSite","@id":"https:\/\/www.atlasvanlines.ca\/#website","url":"https:\/\/www.atlasvanlines.ca\/","name":"D\u00e9m\u00e9nageurs locaux et longue distance | Atlas Van Lines Canada","description":"Juste un autre site WordPress","potentialAction":[{"@type":"SearchAction","target":{"@type":"EntryPoint","urlTemplate":"https:\/\/www.atlasvanlines.ca\/?s={search_term_string}"},"query-input":{"@type":"PropertyValueSpecification","valueRequired":true,"valueName":"search_term_string"}}],"inLanguage":"fr-CA"}]}},"_links":{"self":[{"href":"https:\/\/www.atlasvanlines.ca\/fr\/wp-json\/wp\/v2\/pages\/1397","targetHints":{"allow":["GET"]}}],"collection":[{"href":"https:\/\/www.atlasvanlines.ca\/fr\/wp-json\/wp\/v2\/pages"}],"about":[{"href":"https:\/\/www.atlasvanlines.ca\/fr\/wp-json\/wp\/v2\/types\/page"}],"author":[{"embeddable":true,"href":"https:\/\/www.atlasvanlines.ca\/fr\/wp-json\/wp\/v2\/users\/8"}],"replies":[{"embeddable":true,"href":"https:\/\/www.atlasvanlines.ca\/fr\/wp-json\/wp\/v2\/comments?post=1397"}],"version-history":[{"count":97,"href":"https:\/\/www.atlasvanlines.ca\/fr\/wp-json\/wp\/v2\/pages\/1397\/revisions"}],"predecessor-version":[{"id":11412,"href":"https:\/\/www.atlasvanlines.ca\/fr\/wp-json\/wp\/v2\/pages\/1397\/revisions\/11412"}],"wp:attachment":[{"href":"https:\/\/www.atlasvanlines.ca\/fr\/wp-json\/wp\/v2\/media?parent=1397"}],"curies":[{"name":"wp","href":"https:\/\/api.w.org\/{rel}","templated":true}]}}