{"id":1315,"date":"2020-10-16T19:27:49","date_gmt":"2020-10-16T19:27:49","guid":{"rendered":"http:\/\/atlas.qa.bfmg.ca\/?page_id=1315"},"modified":"2026-01-26T16:00:28","modified_gmt":"2026-01-26T21:00:28","slug":"demenagement-international","status":"publish","type":"page","link":"https:\/\/www.atlasvanlines.ca\/fr\/international-moving\/","title":{"rendered":"Entreprise de d\u00e9m\u00e9nagement international"},"content":{"rendered":"","protected":false},"excerpt":{"rendered":"","protected":false},"author":8,"featured_media":0,"parent":0,"menu_order":0,"comment_status":"closed","ping_status":"closed","template":"page-with-title-and-moving.php","meta":{"_acf_changed":false,"content-type":"","inline_featured_image":false,"footnotes":""},"class_list":["post-1315","page","type-page","status-publish","hentry"],"acf":[],"yoast_head":"<!-- This site is optimized with the Yoast SEO plugin v27.1.1 - https:\/\/yoast.com\/product\/yoast-seo-wordpress\/ -->\n<title>International Worldwide Moving Company | Atlas Van Lines Canada<\/title>\n<meta name=\"description\" content=\"Atlas Van Lines Canada is your partner for a safe transition when moving from Canada to any part of the world! Contact us today and get a quote in minutes!\" \/>\n<meta name=\"robots\" content=\"index, follow, max-snippet:-1, max-image-preview:large, max-video-preview:-1\" \/>\n<link rel=\"canonical\" href=\"https:\/\/www.atlasvanlines.ca\/fr\/demenagement-international\/\" \/>\n<meta property=\"og:locale\" content=\"fr_CA\" \/>\n<meta property=\"og:type\" content=\"article\" \/>\n<meta property=\"og:title\" content=\"International Worldwide Moving Company | Atlas Van Lines Canada\" \/>\n<meta property=\"og:description\" content=\"Atlas Van Lines Canada is your partner for a safe transition when moving from Canada to any part of the world! Contact us today and get a quote in minutes!\" \/>\n<meta property=\"og:url\" content=\"https:\/\/www.atlasvanlines.ca\/fr\/demenagement-international\/\" \/>\n<meta property=\"og:site_name\" content=\"Local &amp; Long Distance Movers | Atlas Van Lines Canada\" \/>\n<meta property=\"article:publisher\" content=\"https:\/\/www.facebook.com\/AtlasVanLinesCanada\/\" \/>\n<meta property=\"article:modified_time\" content=\"2026-01-26T21:00:28+00:00\" \/>\n<meta name=\"twitter:card\" content=\"summary_large_image\" \/>\n<meta name=\"twitter:site\" content=\"@atlasvanlinesca\" \/>\n<script type=\"application\/ld+json\" class=\"yoast-schema-graph\">{\"@context\":\"https:\/\/schema.org\",\"@graph\":[{\"@type\":\"WebPage\",\"@id\":\"https:\/\/www.atlasvanlines.ca\/international-moving\/\",\"url\":\"https:\/\/www.atlasvanlines.ca\/international-moving\/\",\"name\":\"International Worldwide Moving Company | Atlas Van Lines Canada\",\"isPartOf\":{\"@id\":\"https:\/\/www.atlasvanlines.ca\/#website\"},\"datePublished\":\"2020-10-16T19:27:49+00:00\",\"dateModified\":\"2026-01-26T21:00:28+00:00\",\"description\":\"Atlas Van Lines Canada is your partner for a safe transition when moving from Canada to any part of the world! Contact us today and get a quote in minutes!\",\"breadcrumb\":{\"@id\":\"https:\/\/www.atlasvanlines.ca\/international-moving\/#breadcrumb\"},\"inLanguage\":\"fr-CA\",\"potentialAction\":[{\"@type\":\"ReadAction\",\"target\":[\"https:\/\/www.atlasvanlines.ca\/international-moving\/\"]}]},{\"@type\":\"BreadcrumbList\",\"@id\":\"https:\/\/www.atlasvanlines.ca\/international-moving\/#breadcrumb\",\"itemListElement\":[{\"@type\":\"ListItem\",\"position\":1,\"name\":\"Home\",\"item\":\"https:\/\/www.atlasvanlines.ca\/\"},{\"@type\":\"ListItem\",\"position\":2,\"name\":\"International Moving Company\"}]},{\"@type\":\"WebSite\",\"@id\":\"https:\/\/www.atlasvanlines.ca\/#website\",\"url\":\"https:\/\/www.atlasvanlines.ca\/\",\"name\":\"Local &amp; Long Distance Movers | Atlas Van Lines Canada\",\"description\":\"Just another WordPress site\",\"potentialAction\":[{\"@type\":\"SearchAction\",\"target\":{\"@type\":\"EntryPoint\",\"urlTemplate\":\"https:\/\/www.atlasvanlines.ca\/?s={search_term_string}\"},\"query-input\":{\"@type\":\"PropertyValueSpecification\",\"valueRequired\":true,\"valueName\":\"search_term_string\"}}],\"inLanguage\":\"fr-CA\"}]}<\/script>\n<!-- \/ Yoast SEO plugin. -->","yoast_head_json":{"title":"Entreprise de d\u00e9m\u00e9nagement internationale | Atlas Van Lines Canada","description":"Atlas Van Lines Canada est votre partenaire pour un d\u00e9m\u00e9nagement en toute s\u00e9curit\u00e9 du Canada vers le monde entier\u00a0! Contactez-nous d\u00e8s aujourd&#039;hui et obtenez un devis en quelques minutes\u00a0!","robots":{"index":"index","follow":"follow","max-snippet":"max-snippet:-1","max-image-preview":"max-image-preview:large","max-video-preview":"max-video-preview:-1"},"canonical":"https:\/\/www.atlasvanlines.ca\/fr\/demenagement-international\/","og_locale":"fr_CA","og_type":"article","og_title":"International Worldwide Moving Company | Atlas Van Lines Canada","og_description":"Atlas Van Lines Canada is your partner for a safe transition when moving from Canada to any part of the world! Contact us today and get a quote in minutes!","og_url":"https:\/\/www.atlasvanlines.ca\/fr\/demenagement-international\/","og_site_name":"Local &amp; Long Distance Movers | Atlas Van Lines Canada","article_publisher":"https:\/\/www.facebook.com\/AtlasVanLinesCanada\/","article_modified_time":"2026-01-26T21:00:28+00:00","twitter_card":"summary_large_image","twitter_site":"@atlasvanlinesca","schema":{"@context":"https:\/\/schema.org","@graph":[{"@type":"WebPage","@id":"https:\/\/www.atlasvanlines.ca\/international-moving\/","url":"https:\/\/www.atlasvanlines.ca\/international-moving\/","name":"Entreprise de d\u00e9m\u00e9nagement internationale | Atlas Van Lines Canada","isPartOf":{"@id":"https:\/\/www.atlasvanlines.ca\/#website"},"datePublished":"2020-10-16T19:27:49+00:00","dateModified":"2026-01-26T21:00:28+00:00","description":"Atlas Van Lines Canada est votre partenaire pour un d\u00e9m\u00e9nagement en toute s\u00e9curit\u00e9 du Canada vers le monde entier\u00a0! Contactez-nous d\u00e8s aujourd&#039;hui et obtenez un devis en quelques minutes\u00a0!","breadcrumb":{"@id":"https:\/\/www.atlasvanlines.ca\/international-moving\/#breadcrumb"},"inLanguage":"fr-CA","potentialAction":[{"@type":"ReadAction","target":["https:\/\/www.atlasvanlines.ca\/international-moving\/"]}]},{"@type":"BreadcrumbList","@id":"https:\/\/www.atlasvanlines.ca\/international-moving\/#breadcrumb","itemListElement":[{"@type":"ListItem","position":1,"name":"Home","item":"https:\/\/www.atlasvanlines.ca\/"},{"@type":"ListItem","position":2,"name":"International Moving Company"}]},{"@type":"WebSite","@id":"https:\/\/www.atlasvanlines.ca\/#website","url":"https:\/\/www.atlasvanlines.ca\/","name":"D\u00e9m\u00e9nageurs locaux et longue distance | Atlas Van Lines Canada","description":"Juste un autre site WordPress","potentialAction":[{"@type":"SearchAction","target":{"@type":"EntryPoint","urlTemplate":"https:\/\/www.atlasvanlines.ca\/?s={search_term_string}"},"query-input":{"@type":"PropertyValueSpecification","valueRequired":true,"valueName":"search_term_string"}}],"inLanguage":"fr-CA"}]}},"_links":{"self":[{"href":"https:\/\/www.atlasvanlines.ca\/fr\/wp-json\/wp\/v2\/pages\/1315","targetHints":{"allow":["GET"]}}],"collection":[{"href":"https:\/\/www.atlasvanlines.ca\/fr\/wp-json\/wp\/v2\/pages"}],"about":[{"href":"https:\/\/www.atlasvanlines.ca\/fr\/wp-json\/wp\/v2\/types\/page"}],"author":[{"embeddable":true,"href":"https:\/\/www.atlasvanlines.ca\/fr\/wp-json\/wp\/v2\/users\/8"}],"replies":[{"embeddable":true,"href":"https:\/\/www.atlasvanlines.ca\/fr\/wp-json\/wp\/v2\/comments?post=1315"}],"version-history":[{"count":50,"href":"https:\/\/www.atlasvanlines.ca\/fr\/wp-json\/wp\/v2\/pages\/1315\/revisions"}],"predecessor-version":[{"id":11422,"href":"https:\/\/www.atlasvanlines.ca\/fr\/wp-json\/wp\/v2\/pages\/1315\/revisions\/11422"}],"wp:attachment":[{"href":"https:\/\/www.atlasvanlines.ca\/fr\/wp-json\/wp\/v2\/media?parent=1315"}],"curies":[{"name":"wp","href":"https:\/\/api.w.org\/{rel}","templated":true}]}}