{"id":11709,"date":"2026-02-09T16:41:06","date_gmt":"2026-02-09T21:41:06","guid":{"rendered":"https:\/\/www.atlasvanlines.ca\/?page_id=11709"},"modified":"2026-02-09T16:58:39","modified_gmt":"2026-02-09T21:58:39","slug":"dedouanement","status":"publish","type":"page","link":"https:\/\/www.atlasvanlines.ca\/fr\/customs-clearance\/","title":{"rendered":"D\u00e9douanement"},"content":{"rendered":"","protected":false},"excerpt":{"rendered":"","protected":false},"author":8,"featured_media":0,"parent":0,"menu_order":0,"comment_status":"closed","ping_status":"closed","template":"","meta":{"_acf_changed":false,"content-type":"","inline_featured_image":false,"footnotes":""},"class_list":["post-11709","page","type-page","status-publish","hentry"],"acf":[],"yoast_head":"<!-- This site is optimized with the Yoast SEO plugin v27.1.1 - https:\/\/yoast.com\/product\/yoast-seo-wordpress\/ -->\n<title>Customs Clearance Support for Cross-Border Moves | Atlas Van Lines Canada<\/title>\n<meta name=\"description\" content=\"Moving goods into Canada? Atlas Van Lines Canada partners with Orbit Brokers to provide expert customs clearance support for cross-border moves, personal shipments, and household goods.\" \/>\n<meta name=\"robots\" content=\"index, follow, max-snippet:-1, max-image-preview:large, max-video-preview:-1\" \/>\n<link rel=\"canonical\" href=\"https:\/\/www.atlasvanlines.ca\/fr\/dedouanement\/\" \/>\n<meta property=\"og:locale\" content=\"fr_CA\" \/>\n<meta property=\"og:type\" content=\"article\" \/>\n<meta property=\"og:title\" content=\"Customs Clearance Support for Cross-Border Moves | Atlas Van Lines Canada\" \/>\n<meta property=\"og:description\" content=\"Moving goods into Canada? Atlas Van Lines Canada partners with Orbit Brokers to provide expert customs clearance support for cross-border moves, personal shipments, and household goods.\" \/>\n<meta property=\"og:url\" content=\"https:\/\/www.atlasvanlines.ca\/fr\/dedouanement\/\" \/>\n<meta property=\"og:site_name\" content=\"Local &amp; Long Distance Movers | Atlas Van Lines Canada\" \/>\n<meta property=\"article:publisher\" content=\"https:\/\/www.facebook.com\/AtlasVanLinesCanada\/\" \/>\n<meta property=\"article:modified_time\" content=\"2026-02-09T21:58:39+00:00\" \/>\n<meta name=\"twitter:card\" content=\"summary_large_image\" \/>\n<meta name=\"twitter:site\" content=\"@atlasvanlinesca\" \/>\n<script type=\"application\/ld+json\" class=\"yoast-schema-graph\">{\"@context\":\"https:\/\/schema.org\",\"@graph\":[{\"@type\":\"WebPage\",\"@id\":\"https:\/\/www.atlasvanlines.ca\/customs-clearance\/\",\"url\":\"https:\/\/www.atlasvanlines.ca\/customs-clearance\/\",\"name\":\"Customs Clearance Support for Cross-Border Moves | Atlas Van Lines Canada\",\"isPartOf\":{\"@id\":\"https:\/\/www.atlasvanlines.ca\/#website\"},\"datePublished\":\"2026-02-09T21:41:06+00:00\",\"dateModified\":\"2026-02-09T21:58:39+00:00\",\"description\":\"Moving goods into Canada? Atlas Van Lines Canada partners with Orbit Brokers to provide expert customs clearance support for cross-border moves, personal shipments, and household goods.\",\"breadcrumb\":{\"@id\":\"https:\/\/www.atlasvanlines.ca\/customs-clearance\/#breadcrumb\"},\"inLanguage\":\"fr-CA\",\"potentialAction\":[{\"@type\":\"ReadAction\",\"target\":[\"https:\/\/www.atlasvanlines.ca\/customs-clearance\/\"]}]},{\"@type\":\"BreadcrumbList\",\"@id\":\"https:\/\/www.atlasvanlines.ca\/customs-clearance\/#breadcrumb\",\"itemListElement\":[{\"@type\":\"ListItem\",\"position\":1,\"name\":\"Home\",\"item\":\"https:\/\/www.atlasvanlines.ca\/\"},{\"@type\":\"ListItem\",\"position\":2,\"name\":\"Customs Clearance\"}]},{\"@type\":\"WebSite\",\"@id\":\"https:\/\/www.atlasvanlines.ca\/#website\",\"url\":\"https:\/\/www.atlasvanlines.ca\/\",\"name\":\"Local &amp; Long Distance Movers | Atlas Van Lines Canada\",\"description\":\"Just another WordPress site\",\"potentialAction\":[{\"@type\":\"SearchAction\",\"target\":{\"@type\":\"EntryPoint\",\"urlTemplate\":\"https:\/\/www.atlasvanlines.ca\/?s={search_term_string}\"},\"query-input\":{\"@type\":\"PropertyValueSpecification\",\"valueRequired\":true,\"valueName\":\"search_term_string\"}}],\"inLanguage\":\"fr-CA\"}]}<\/script>\n<!-- \/ Yoast SEO plugin. -->","yoast_head_json":{"title":"Assistance douani\u00e8re pour les d\u00e9m\u00e9nagements transfrontaliers | Atlas Van Lines Canada","description":"Vous d\u00e9m\u00e9nagez des marchandises au Canada\u00a0? Atlas Van Lines Canada s\u2019associe \u00e0 Orbit Brokers pour vous offrir un service expert de d\u00e9douanement pour les d\u00e9m\u00e9nagements transfrontaliers, les envois personnels et les biens m\u00e9nagers.","robots":{"index":"index","follow":"follow","max-snippet":"max-snippet:-1","max-image-preview":"max-image-preview:large","max-video-preview":"max-video-preview:-1"},"canonical":"https:\/\/www.atlasvanlines.ca\/fr\/dedouanement\/","og_locale":"fr_CA","og_type":"article","og_title":"Customs Clearance Support for Cross-Border Moves | Atlas Van Lines Canada","og_description":"Moving goods into Canada? Atlas Van Lines Canada partners with Orbit Brokers to provide expert customs clearance support for cross-border moves, personal shipments, and household goods.","og_url":"https:\/\/www.atlasvanlines.ca\/fr\/dedouanement\/","og_site_name":"Local &amp; Long Distance Movers | Atlas Van Lines Canada","article_publisher":"https:\/\/www.facebook.com\/AtlasVanLinesCanada\/","article_modified_time":"2026-02-09T21:58:39+00:00","twitter_card":"summary_large_image","twitter_site":"@atlasvanlinesca","schema":{"@context":"https:\/\/schema.org","@graph":[{"@type":"WebPage","@id":"https:\/\/www.atlasvanlines.ca\/customs-clearance\/","url":"https:\/\/www.atlasvanlines.ca\/customs-clearance\/","name":"Assistance douani\u00e8re pour les d\u00e9m\u00e9nagements transfrontaliers | Atlas Van Lines Canada","isPartOf":{"@id":"https:\/\/www.atlasvanlines.ca\/#website"},"datePublished":"2026-02-09T21:41:06+00:00","dateModified":"2026-02-09T21:58:39+00:00","description":"Vous d\u00e9m\u00e9nagez des marchandises au Canada\u00a0? Atlas Van Lines Canada s\u2019associe \u00e0 Orbit Brokers pour vous offrir un service expert de d\u00e9douanement pour les d\u00e9m\u00e9nagements transfrontaliers, les envois personnels et les biens m\u00e9nagers.","breadcrumb":{"@id":"https:\/\/www.atlasvanlines.ca\/customs-clearance\/#breadcrumb"},"inLanguage":"fr-CA","potentialAction":[{"@type":"ReadAction","target":["https:\/\/www.atlasvanlines.ca\/customs-clearance\/"]}]},{"@type":"BreadcrumbList","@id":"https:\/\/www.atlasvanlines.ca\/customs-clearance\/#breadcrumb","itemListElement":[{"@type":"ListItem","position":1,"name":"Home","item":"https:\/\/www.atlasvanlines.ca\/"},{"@type":"ListItem","position":2,"name":"Customs Clearance"}]},{"@type":"WebSite","@id":"https:\/\/www.atlasvanlines.ca\/#website","url":"https:\/\/www.atlasvanlines.ca\/","name":"D\u00e9m\u00e9nageurs locaux et longue distance | Atlas Van Lines Canada","description":"Juste un autre site WordPress","potentialAction":[{"@type":"SearchAction","target":{"@type":"EntryPoint","urlTemplate":"https:\/\/www.atlasvanlines.ca\/?s={search_term_string}"},"query-input":{"@type":"PropertyValueSpecification","valueRequired":true,"valueName":"search_term_string"}}],"inLanguage":"fr-CA"}]}},"_links":{"self":[{"href":"https:\/\/www.atlasvanlines.ca\/fr\/wp-json\/wp\/v2\/pages\/11709","targetHints":{"allow":["GET"]}}],"collection":[{"href":"https:\/\/www.atlasvanlines.ca\/fr\/wp-json\/wp\/v2\/pages"}],"about":[{"href":"https:\/\/www.atlasvanlines.ca\/fr\/wp-json\/wp\/v2\/types\/page"}],"author":[{"embeddable":true,"href":"https:\/\/www.atlasvanlines.ca\/fr\/wp-json\/wp\/v2\/users\/8"}],"replies":[{"embeddable":true,"href":"https:\/\/www.atlasvanlines.ca\/fr\/wp-json\/wp\/v2\/comments?post=11709"}],"version-history":[{"count":16,"href":"https:\/\/www.atlasvanlines.ca\/fr\/wp-json\/wp\/v2\/pages\/11709\/revisions"}],"predecessor-version":[{"id":11734,"href":"https:\/\/www.atlasvanlines.ca\/fr\/wp-json\/wp\/v2\/pages\/11709\/revisions\/11734"}],"wp:attachment":[{"href":"https:\/\/www.atlasvanlines.ca\/fr\/wp-json\/wp\/v2\/media?parent=11709"}],"curies":[{"name":"wp","href":"https:\/\/api.w.org\/{rel}","templated":true}]}}