{"id":10663,"date":"2025-08-06T14:54:45","date_gmt":"2025-08-06T19:54:45","guid":{"rendered":"https:\/\/www.atlasvanlines.ca\/?page_id=10663"},"modified":"2025-09-03T07:05:35","modified_gmt":"2025-09-03T12:05:35","slug":"politique-relative-aux-cookies-2","status":"publish","type":"page","link":"https:\/\/www.atlasvanlines.ca\/fr\/cookie-policy-2\/","title":{"rendered":"Politique relative aux cookies"},"content":{"rendered":"","protected":false},"excerpt":{"rendered":"","protected":false},"author":8,"featured_media":0,"parent":0,"menu_order":0,"comment_status":"closed","ping_status":"closed","template":"","meta":{"_acf_changed":false,"content-type":"","inline_featured_image":false,"footnotes":""},"class_list":["post-10663","page","type-page","status-publish","hentry"],"acf":[],"yoast_head":"<!-- This site is optimized with the Yoast SEO plugin v27.1.1 - https:\/\/yoast.com\/product\/yoast-seo-wordpress\/ -->\n<title>Cookie Policy | Atlas Van Lines Canada<\/title>\n<meta name=\"description\" content=\"Learn how Atlas Van Lines uses cookies and similar technologies to enhance your website experience, deliver targeted ads, and improve site performance. Review your cookie settings anytime.\" \/>\n<meta name=\"robots\" content=\"index, follow, max-snippet:-1, max-image-preview:large, max-video-preview:-1\" \/>\n<link rel=\"canonical\" href=\"https:\/\/www.atlasvanlines.ca\/fr\/politique-relative-aux-cookies-2\/\" \/>\n<meta property=\"og:locale\" content=\"fr_CA\" \/>\n<meta property=\"og:type\" content=\"article\" \/>\n<meta property=\"og:title\" content=\"Cookie Policy | Atlas Van Lines Canada\" \/>\n<meta property=\"og:description\" content=\"Learn how Atlas Van Lines uses cookies and similar technologies to enhance your website experience, deliver targeted ads, and improve site performance. Review your cookie settings anytime.\" \/>\n<meta property=\"og:url\" content=\"https:\/\/www.atlasvanlines.ca\/fr\/politique-relative-aux-cookies-2\/\" \/>\n<meta property=\"og:site_name\" content=\"Local &amp; Long Distance Movers | Atlas Van Lines Canada\" \/>\n<meta property=\"article:publisher\" content=\"https:\/\/www.facebook.com\/AtlasVanLinesCanada\/\" \/>\n<meta property=\"article:modified_time\" content=\"2025-09-03T12:05:35+00:00\" \/>\n<meta name=\"twitter:card\" content=\"summary_large_image\" \/>\n<meta name=\"twitter:site\" content=\"@atlasvanlinesca\" \/>\n<script type=\"application\/ld+json\" class=\"yoast-schema-graph\">{\"@context\":\"https:\/\/schema.org\",\"@graph\":[{\"@type\":\"WebPage\",\"@id\":\"https:\/\/www.atlasvanlines.ca\/cookie-policy-2\/\",\"url\":\"https:\/\/www.atlasvanlines.ca\/cookie-policy-2\/\",\"name\":\"Cookie Policy | Atlas Van Lines Canada\",\"isPartOf\":{\"@id\":\"https:\/\/www.atlasvanlines.ca\/#website\"},\"datePublished\":\"2025-08-06T19:54:45+00:00\",\"dateModified\":\"2025-09-03T12:05:35+00:00\",\"description\":\"Learn how Atlas Van Lines uses cookies and similar technologies to enhance your website experience, deliver targeted ads, and improve site performance. Review your cookie settings anytime.\",\"breadcrumb\":{\"@id\":\"https:\/\/www.atlasvanlines.ca\/cookie-policy-2\/#breadcrumb\"},\"inLanguage\":\"fr-CA\",\"potentialAction\":[{\"@type\":\"ReadAction\",\"target\":[\"https:\/\/www.atlasvanlines.ca\/cookie-policy-2\/\"]}]},{\"@type\":\"BreadcrumbList\",\"@id\":\"https:\/\/www.atlasvanlines.ca\/cookie-policy-2\/#breadcrumb\",\"itemListElement\":[{\"@type\":\"ListItem\",\"position\":1,\"name\":\"Home\",\"item\":\"https:\/\/www.atlasvanlines.ca\/\"},{\"@type\":\"ListItem\",\"position\":2,\"name\":\"Cookie Policy\"}]},{\"@type\":\"WebSite\",\"@id\":\"https:\/\/www.atlasvanlines.ca\/#website\",\"url\":\"https:\/\/www.atlasvanlines.ca\/\",\"name\":\"Local &amp; Long Distance Movers | Atlas Van Lines Canada\",\"description\":\"Just another WordPress site\",\"potentialAction\":[{\"@type\":\"SearchAction\",\"target\":{\"@type\":\"EntryPoint\",\"urlTemplate\":\"https:\/\/www.atlasvanlines.ca\/?s={search_term_string}\"},\"query-input\":{\"@type\":\"PropertyValueSpecification\",\"valueRequired\":true,\"valueName\":\"search_term_string\"}}],\"inLanguage\":\"fr-CA\"}]}<\/script>\n<!-- \/ Yoast SEO plugin. -->","yoast_head_json":{"title":"Politique relative aux cookies | Atlas Van Lines Canada","description":"D\u00e9couvrez comment Atlas Van Lines utilise les cookies et technologies similaires pour am\u00e9liorer votre exp\u00e9rience sur notre site web, diffuser des publicit\u00e9s cibl\u00e9es et optimiser ses performances. Consultez vos param\u00e8tres de cookies \u00e0 tout moment.","robots":{"index":"index","follow":"follow","max-snippet":"max-snippet:-1","max-image-preview":"max-image-preview:large","max-video-preview":"max-video-preview:-1"},"canonical":"https:\/\/www.atlasvanlines.ca\/fr\/politique-relative-aux-cookies-2\/","og_locale":"fr_CA","og_type":"article","og_title":"Cookie Policy | Atlas Van Lines Canada","og_description":"Learn how Atlas Van Lines uses cookies and similar technologies to enhance your website experience, deliver targeted ads, and improve site performance. Review your cookie settings anytime.","og_url":"https:\/\/www.atlasvanlines.ca\/fr\/politique-relative-aux-cookies-2\/","og_site_name":"Local &amp; Long Distance Movers | Atlas Van Lines Canada","article_publisher":"https:\/\/www.facebook.com\/AtlasVanLinesCanada\/","article_modified_time":"2025-09-03T12:05:35+00:00","twitter_card":"summary_large_image","twitter_site":"@atlasvanlinesca","schema":{"@context":"https:\/\/schema.org","@graph":[{"@type":"WebPage","@id":"https:\/\/www.atlasvanlines.ca\/cookie-policy-2\/","url":"https:\/\/www.atlasvanlines.ca\/cookie-policy-2\/","name":"Politique relative aux cookies | Atlas Van Lines Canada","isPartOf":{"@id":"https:\/\/www.atlasvanlines.ca\/#website"},"datePublished":"2025-08-06T19:54:45+00:00","dateModified":"2025-09-03T12:05:35+00:00","description":"D\u00e9couvrez comment Atlas Van Lines utilise les cookies et technologies similaires pour am\u00e9liorer votre exp\u00e9rience sur notre site web, diffuser des publicit\u00e9s cibl\u00e9es et optimiser ses performances. Consultez vos param\u00e8tres de cookies \u00e0 tout moment.","breadcrumb":{"@id":"https:\/\/www.atlasvanlines.ca\/cookie-policy-2\/#breadcrumb"},"inLanguage":"fr-CA","potentialAction":[{"@type":"ReadAction","target":["https:\/\/www.atlasvanlines.ca\/cookie-policy-2\/"]}]},{"@type":"BreadcrumbList","@id":"https:\/\/www.atlasvanlines.ca\/cookie-policy-2\/#breadcrumb","itemListElement":[{"@type":"ListItem","position":1,"name":"Home","item":"https:\/\/www.atlasvanlines.ca\/"},{"@type":"ListItem","position":2,"name":"Cookie Policy"}]},{"@type":"WebSite","@id":"https:\/\/www.atlasvanlines.ca\/#website","url":"https:\/\/www.atlasvanlines.ca\/","name":"D\u00e9m\u00e9nageurs locaux et longue distance | Atlas Van Lines Canada","description":"Juste un autre site WordPress","potentialAction":[{"@type":"SearchAction","target":{"@type":"EntryPoint","urlTemplate":"https:\/\/www.atlasvanlines.ca\/?s={search_term_string}"},"query-input":{"@type":"PropertyValueSpecification","valueRequired":true,"valueName":"search_term_string"}}],"inLanguage":"fr-CA"}]}},"_links":{"self":[{"href":"https:\/\/www.atlasvanlines.ca\/fr\/wp-json\/wp\/v2\/pages\/10663","targetHints":{"allow":["GET"]}}],"collection":[{"href":"https:\/\/www.atlasvanlines.ca\/fr\/wp-json\/wp\/v2\/pages"}],"about":[{"href":"https:\/\/www.atlasvanlines.ca\/fr\/wp-json\/wp\/v2\/types\/page"}],"author":[{"embeddable":true,"href":"https:\/\/www.atlasvanlines.ca\/fr\/wp-json\/wp\/v2\/users\/8"}],"replies":[{"embeddable":true,"href":"https:\/\/www.atlasvanlines.ca\/fr\/wp-json\/wp\/v2\/comments?post=10663"}],"version-history":[{"count":5,"href":"https:\/\/www.atlasvanlines.ca\/fr\/wp-json\/wp\/v2\/pages\/10663\/revisions"}],"predecessor-version":[{"id":10741,"href":"https:\/\/www.atlasvanlines.ca\/fr\/wp-json\/wp\/v2\/pages\/10663\/revisions\/10741"}],"wp:attachment":[{"href":"https:\/\/www.atlasvanlines.ca\/fr\/wp-json\/wp\/v2\/media?parent=10663"}],"curies":[{"name":"wp","href":"https:\/\/api.w.org\/{rel}","templated":true}]}}